{"id":94360,"date":"2023-07-28T08:51:54","date_gmt":"2023-07-28T08:51:54","guid":{"rendered":"https:\/\/tienda.fapostolsantiago.org\/?page_id=94360"},"modified":"2025-03-03T01:16:54","modified_gmt":"2025-03-03T01:16:54","slug":"aviso-legal","status":"publish","type":"page","link":"https:\/\/tienda.fapostolsantiago.org\/index.php\/aviso-legal\/","title":{"rendered":"Aviso legal"},"content":{"rendered":"\t\t<div data-elementor-type=\"wp-page\" data-elementor-id=\"94360\" class=\"elementor elementor-94360\" data-elementor-post-type=\"page\">\n\t\t\t\t\t\t<section class=\"elementor-section elementor-top-section elementor-element elementor-element-cbda701 elementor-reverse-tablet elementor-reverse-mobile elementor-section-boxed elementor-section-height-default elementor-section-height-default\" data-id=\"cbda701\" data-element_type=\"section\" data-e-type=\"section\">\n\t\t\t\t\t\t<div class=\"elementor-container elementor-column-gap-wider\">\n\t\t\t\t\t<div class=\"elementor-column elementor-col-50 elementor-top-column elementor-element elementor-element-443074e\" data-id=\"443074e\" data-element_type=\"column\" data-e-type=\"column\">\n\t\t\t<div class=\"elementor-widget-wrap elementor-element-populated\">\n\t\t\t\t\t\t<div class=\"elementor-element elementor-element-d2e314b elementor-widget__width-initial elementor-widget elementor-widget-text-editor\" data-id=\"d2e314b\" data-element_type=\"widget\" data-e-type=\"widget\" data-widget_type=\"text-editor.default\">\n\t\t\t\t<div class=\"elementor-widget-container\">\n\t\t\t\t\t\t\t\t\t<p>El titular de esta p\u00e1gina Web es FUNDACI\u00d3N AP\u00d3STOL SANTIAGO, con CIF G-80346505, domicilio en C\/ M\u00e9jico 53, 28028 \u2013 Madrid, direcci\u00f3n de e-mail cau@fapostolsantiago.org, tel\u00e9fono 91 726 40 59. Inscrita en el registro de Fundaciones del Ministerio de Educaci\u00f3n, Cultura y Deporte con el n\u00famero 197-C.<\/p><p>La utilizaci\u00f3n de esta p\u00e1gina Web atribuye la condici\u00f3n de Usuario a quien lo haga e implica la aceptaci\u00f3n de todas las condiciones incluidas en este Aviso Legal. El Usuario deber\u00e1 leer estas condiciones cada vez que acceda a esta Web, ya que pueden ser modificadas en lo sucesivo. Algunos aspectos de esta p\u00e1gina Web, por su especialidad, pueden estar sujetos a condiciones o reglas particulares que pueden sustituir, completar o modificar este Aviso Legal, por lo que tambi\u00e9n deben ser aceptadas por el Usuario que los utilice o acceda a ellos.<\/p><p>Todos los contenidos de esta Web (textos, fotograf\u00edas, gr\u00e1ficos, im\u00e1genes, tecnolog\u00eda, software, links, contenidos audiovisuales o sonoros, dise\u00f1o gr\u00e1fico, c\u00f3digo fuente, etc.), as\u00ed como las marcas y dem\u00e1s signos distintivos son propiedad del titular de la Web o de terceros, no adquiriendo el Usuario ning\u00fan derecho sobre ellos por el mero uso de esta Web.<\/p><p>Queda prohibido el uso de esta Web con la finalidad de lesionar bienes, derechos o intereses del titular de la Web o de terceros. Queda igualmente prohibido realizar cualquier otro uso que altere, da\u00f1e o inutilice las redes, servidores, equipos, productos y programas inform\u00e1ticos del titular de la Web o de terceros.<\/p><p>El Usuario, deber\u00e1 abstenerse de: a) reproducir, copiar, distribuir, poner a disposici\u00f3n de terceros, comunicar p\u00fablicamente, transformar o modificar los contenidos de esta Web, salvo en los casos contemplados en la ley o expresamente autorizados por el titular de la Web o los titulares de los derechos; b) reproducir o copiar para uso privado el software o las bases de datos existentes en esta Web, as\u00ed como comunicarlos p\u00fablicamente o ponerlos a disposici\u00f3n de terceros cuando ello conlleve su reproducci\u00f3n; c) extraer o reutilizar todo o parte sustancial de los contenidos integrantes de esta Web.<\/p><p>El Usuario es responsable de que la informaci\u00f3n que proporcione a trav\u00e9s de esta Web sea cierta. A estos efectos, el Usuario responde de la veracidad de todos los datos que comunique y mantendr\u00e1 convenientemente actualizada la informaci\u00f3n facilitada, de tal forma que responda a su situaci\u00f3n real. El Usuario ser\u00e1 responsable de las informaciones falsas o inexactas que proporcione y de los perjuicios que ello cause al titular de la Web o a terceros.<\/p><p>El Usuario que quiera introducir enlaces a esta Web desde sus propias p\u00e1ginas Web estar\u00e1 obligado a cumplir las condiciones siguientes: a) el enlace \u00fanicamente vincular\u00e1 con la home page, no pudiendo reproducirla de ninguna forma; b) no podr\u00e1n establecerse frames o marcos de cualquier tipo que rodeen la Web o permitan visualizarla a trav\u00e9s de direcciones de Internet distintas o conjuntamente con contenidos ajenos a esta Web, de forma que produzca, o pueda producir, error o confusi\u00f3n en los usuarios sobre la procedencia del servicio o su contenido, implique un acto de comparaci\u00f3n o imitaci\u00f3n desleal, sirva para aprovechar la reputaci\u00f3n, marca y prestigio del titular de esta Web o se haga de cualquier otro modo que est\u00e9 prohibido por la Ley; c)\u00a0 desde la p\u00e1gina que realice el enlace no podr\u00e1 efectuarse ning\u00fan tipo de manifestaci\u00f3n falsa o inexacta sobre el titular de esta Web, sobre la calidad de sus servicios o sobre sus empleados o clientes; d) El remitente no podr\u00e1 utilizar el nombre, la marca o cualquier otro signo distintivo del titular de esta Web dentro de su p\u00e1gina, salvo en los casos autorizados por la ley o permitidos expresamente por el aquel; e)\u00a0 la p\u00e1gina que establezca el enlace deber\u00e1 observar la legalidad vigente y no podr\u00e1 disponer de o enlazar con contenidos il\u00edcitos, nocivos, contrarios a la moral y a las buenas costumbres, que produzcan o puedan producir la falsa idea de que el titular de esta Web respalda o apoya, las ideas, manifestaciones o actuaciones del remitente o que resulten inadecuados en relaci\u00f3n con la actividad desarrollada por el titular de esta Web, teniendo en cuenta los contenidos y la tem\u00e1tica general de la p\u00e1gina Web donde se establezca el enlace.<\/p><p>El titular de esta Web no es responsable de controlar que en ella no existan programas maliciosos o cualquier otro elemento inform\u00e1tico da\u00f1ino. Corresponde al Usuario, en todo caso, disponer de herramientas adecuadas para la detecci\u00f3n y desinfecci\u00f3n de estos elementos. De acuerdo con ello, el titular de esta Web no se responsabiliza de los da\u00f1os producidos a equipos inform\u00e1ticos durante el acceso a la presente Web. Igualmente, titular de esta Web no ser\u00e1 responsable de los da\u00f1os producidos a los Usuarios cuando dichos da\u00f1os tengan su origen en fallos o desconexiones en las redes de telecomunicaciones que interrumpan el servicio de la Web.<\/p><p>Esta Web incluye dispositivos t\u00e9cnicos de enlace que permiten al Usuario acceder a otras p\u00e1ginas de Internet (enlaces). En estos casos, el titular de esta Web s\u00f3lo ser\u00e1 responsable de los contenidos y servicios suministrados a trav\u00e9s de los enlaces en cuanto conozca su ilicitud y no los haya desactivado diligentemente. Si un Usuario considerase que existe un enlace con contenidos il\u00edcitos o inadecuados, podr\u00e1 notificarlo, sin que ello suponga que se est\u00e9 obligado por ello a retirar el correspondiente enlace. El titular de esta Web no conoce los contenidos y servicios de los enlaces y por tanto no se hace responsable por los da\u00f1os derivados de su falta de calidad, desactualizaci\u00f3n, indisponibilidad, error, inutilidad o ilegalidad y no responde de las manifestaciones realizadas o de los contenidos o servicios proporcionados a trav\u00e9s de ellos. Si cualquier usuario tiene conocimiento de que los enlaces remiten a p\u00e1ginas cuyos contenidos o servicios son il\u00edcitos, nocivos, denigrantes, violentos o inmorales podr\u00e1 ponerse en contacto con el titular de esta Web indic\u00e1ndolo.<\/p><p>El presente Aviso Legal se rige \u00edntegramente por la legislaci\u00f3n espa\u00f1ola. El Usuario se compromete a hacer un uso correcto de esta Web de conformidad con la Ley, con el presente Aviso Legal, as\u00ed como con las dem\u00e1s condiciones, reglamentos e instrucciones que, en su caso, pudieran ser de aplicaci\u00f3n El Usuario responder\u00e1 frente al titular de esta Web y frente a terceros, de cualesquiera da\u00f1os o perjuicios que pudieran causarse por incumplimiento de estas obligaciones.<\/p>\t\t\t\t\t\t\t\t<\/div>\n\t\t\t\t<\/div>\n\t\t\t\t\t<\/div>\n\t\t<\/div>\n\t\t\t\t<div class=\"elementor-column elementor-col-50 elementor-top-column elementor-element elementor-element-f967acb\" data-id=\"f967acb\" data-element_type=\"column\" data-e-type=\"column\">\n\t\t\t<div class=\"elementor-widget-wrap elementor-element-populated\">\n\t\t\t\t\t\t<div class=\"elementor-element elementor-element-b31a801 elementor-toc--content-ellipsis elementor-toc--minimized-on-mobile elementor-widget elementor-widget-table-of-contents\" data-id=\"b31a801\" data-element_type=\"widget\" data-e-type=\"widget\" data-settings=\"{&quot;headings_by_tags&quot;:[&quot;h2&quot;,&quot;h3&quot;],&quot;exclude_headings_by_selector&quot;:[],&quot;sticky&quot;:&quot;top&quot;,&quot;sticky_offset&quot;:100,&quot;sticky_parent&quot;:&quot;yes&quot;,&quot;minimized_on&quot;:&quot;mobile&quot;,&quot;sticky_on&quot;:[&quot;desktop&quot;],&quot;no_headings_message&quot;:&quot;No se ha encontrado ning\\u00fan encabezado en esta p\\u00e1gina.&quot;,&quot;marker_view&quot;:&quot;numbers&quot;,&quot;minimize_box&quot;:&quot;yes&quot;,&quot;hierarchical_view&quot;:&quot;yes&quot;,&quot;min_height&quot;:{&quot;unit&quot;:&quot;px&quot;,&quot;size&quot;:&quot;&quot;,&quot;sizes&quot;:[]},&quot;min_height_tablet&quot;:{&quot;unit&quot;:&quot;px&quot;,&quot;size&quot;:&quot;&quot;,&quot;sizes&quot;:[]},&quot;min_height_mobile&quot;:{&quot;unit&quot;:&quot;px&quot;,&quot;size&quot;:&quot;&quot;,&quot;sizes&quot;:[]},&quot;sticky_effects_offset&quot;:0,&quot;sticky_anchor_link_offset&quot;:0}\" data-widget_type=\"table-of-contents.default\">\n\t\t\t\t<div class=\"elementor-widget-container\">\n\t\t\t\t\t\t\t\t\t<div class=\"elementor-toc__header\">\n\t\t\t\t\t\t<h4 class=\"elementor-toc__header-title\">\n\t\t\t\tTabla de Contenido\t\t\t<\/h4>\n\t\t\t\t\t\t\t\t\t\t<div class=\"elementor-toc__toggle-button elementor-toc__toggle-button--expand\" role=\"button\" tabindex=\"0\" aria-controls=\"elementor-toc__b31a801\" aria-expanded=\"true\" aria-label=\"Abrir la tabla de contenidos\"><svg xmlns=\"http:\/\/www.w3.org\/2000\/svg\" xmlns:xlink=\"http:\/\/www.w3.org\/1999\/xlink\" id=\"Layer_1\" x=\"0px\" y=\"0px\" viewBox=\"0 0 16 16\" style=\"enable-background:new 0 0 16 16;\" xml:space=\"preserve\"><polygon points=\"13.3,7.2 8.8,7.2 8.8,2.7 7.2,2.7 7.2,7.2 2.7,7.2 2.7,8.8 7.2,8.8 7.2,13.3 8.8,13.3 8.8,8.8 13.3,8.8 \"><\/polygon><\/svg><\/div>\n\t\t\t\t<div class=\"elementor-toc__toggle-button elementor-toc__toggle-button--collapse\" role=\"button\" tabindex=\"0\" aria-controls=\"elementor-toc__b31a801\" aria-expanded=\"true\" aria-label=\"Cerrar la tabla de contenidos\"><svg xmlns=\"http:\/\/www.w3.org\/2000\/svg\" xmlns:xlink=\"http:\/\/www.w3.org\/1999\/xlink\" id=\"Layer_1\" x=\"0px\" y=\"0px\" viewBox=\"0 0 16 16\" style=\"enable-background:new 0 0 16 16;\" xml:space=\"preserve\"><rect x=\"2.7\" y=\"7.2\" width=\"10.6\" height=\"1.7\"><\/rect><\/svg><\/div>\n\t\t\t\t\t<\/div>\n\t\t\t\t<div id=\"elementor-toc__b31a801\" class=\"elementor-toc__body\">\n\t\t\t<div class=\"elementor-toc__spinner-container\">\n\t\t\t\t<i class=\"elementor-toc__spinner eicon-animation-spin eicon-loading\" aria-hidden=\"true\"><\/i>\t\t\t<\/div>\n\t\t<\/div>\n\t\t\t\t\t\t<\/div>\n\t\t\t\t<\/div>\n\t\t\t\t\t<\/div>\n\t\t<\/div>\n\t\t\t\t\t<\/div>\n\t\t<\/section>\n\t\t\t\t<\/div>\n\t\t","protected":false},"excerpt":{"rendered":"<p>El titular de esta p\u00e1gina Web es FUNDACI\u00d3N AP\u00d3STOL SANTIAGO, con CIF G-80346505, domicilio en C\/ M\u00e9jico 53, 28028 \u2013 Madrid, direcci\u00f3n de e-mail cau@fapostolsantiago.org, tel\u00e9fono 91 726 40 59. Inscrita en el registro de Fundaciones del Ministerio de Educaci\u00f3n, Cultura y Deporte con el n\u00famero 197-C. La utilizaci\u00f3n de esta p\u00e1gina Web atribuye la&hellip;<\/p>\n","protected":false},"author":2,"featured_media":0,"parent":0,"menu_order":997,"comment_status":"closed","ping_status":"closed","template":"","meta":{"footnotes":""},"class_list":["post-94360","page","type-page","status-publish","hentry"],"aioseo_notices":[],"jetpack_sharing_enabled":true,"_links":{"self":[{"href":"https:\/\/tienda.fapostolsantiago.org\/index.php\/wp-json\/wp\/v2\/pages\/94360","targetHints":{"allow":["GET"]}}],"collection":[{"href":"https:\/\/tienda.fapostolsantiago.org\/index.php\/wp-json\/wp\/v2\/pages"}],"about":[{"href":"https:\/\/tienda.fapostolsantiago.org\/index.php\/wp-json\/wp\/v2\/types\/page"}],"author":[{"embeddable":true,"href":"https:\/\/tienda.fapostolsantiago.org\/index.php\/wp-json\/wp\/v2\/users\/2"}],"replies":[{"embeddable":true,"href":"https:\/\/tienda.fapostolsantiago.org\/index.php\/wp-json\/wp\/v2\/comments?post=94360"}],"version-history":[{"count":12,"href":"https:\/\/tienda.fapostolsantiago.org\/index.php\/wp-json\/wp\/v2\/pages\/94360\/revisions"}],"predecessor-version":[{"id":97818,"href":"https:\/\/tienda.fapostolsantiago.org\/index.php\/wp-json\/wp\/v2\/pages\/94360\/revisions\/97818"}],"wp:attachment":[{"href":"https:\/\/tienda.fapostolsantiago.org\/index.php\/wp-json\/wp\/v2\/media?parent=94360"}],"curies":[{"name":"wp","href":"https:\/\/api.w.org\/{rel}","templated":true}]}}