{"id":94363,"date":"2023-07-28T08:55:12","date_gmt":"2023-07-28T08:55:12","guid":{"rendered":"https:\/\/tienda.fapostolsantiago.org\/?page_id=94363"},"modified":"2025-03-03T01:22:02","modified_gmt":"2025-03-03T01:22:02","slug":"politica-de-privacidad","status":"publish","type":"page","link":"https:\/\/tienda.fapostolsantiago.org\/index.php\/politica-de-privacidad\/","title":{"rendered":"Pol\u00edtica de privacidad"},"content":{"rendered":"\t\t<div data-elementor-type=\"wp-page\" data-elementor-id=\"94363\" class=\"elementor elementor-94363\" data-elementor-post-type=\"page\">\n\t\t\t\t\t\t<section class=\"elementor-section elementor-top-section elementor-element elementor-element-cbda701 elementor-reverse-tablet elementor-reverse-mobile elementor-section-boxed elementor-section-height-default elementor-section-height-default\" data-id=\"cbda701\" data-element_type=\"section\" data-e-type=\"section\">\n\t\t\t\t\t\t<div class=\"elementor-container elementor-column-gap-wider\">\n\t\t\t\t\t<div class=\"elementor-column elementor-col-50 elementor-top-column elementor-element elementor-element-443074e\" data-id=\"443074e\" data-element_type=\"column\" data-e-type=\"column\">\n\t\t\t<div class=\"elementor-widget-wrap elementor-element-populated\">\n\t\t\t\t\t\t<div class=\"elementor-element elementor-element-d2e314b elementor-widget elementor-widget-text-editor\" data-id=\"d2e314b\" data-element_type=\"widget\" data-e-type=\"widget\" data-widget_type=\"text-editor.default\">\n\t\t\t\t<div class=\"elementor-widget-container\">\n\t\t\t\t\t\t\t\t\t<p>Ponemos a su disposici\u00f3n la presente Pol\u00edtica de Privacidad con la finalidad de informarle detalladamente sobre c\u00f3mo tratamos sus datos personales y protegemos su privacidad y la informaci\u00f3n que nos proporciona.<\/p><p>Si, en el futuro, introduj\u00e9semos modificaciones en esta Pol\u00edtica de Privacidad, se lo comunicaremos a trav\u00e9s de esta p\u00e1gina web o por otros medios, de modo que pueda usted conocer las nuevas condiciones de privacidad que se adopten.<\/p><p>Le informamos a continuaci\u00f3n, en forma de preguntas y respuestas, de las condiciones en las que nuestra entidad trata sus datos personales:<\/p><h4><strong>\u00bfQui\u00e9n es el responsable del tratamiento de sus datos? <\/strong><\/h4><ul><li>Identidad: FUNDACI\u00d3N AP\u00d3STOL SANTIAGO. CIF: G-80346505.<\/li><li>Direcci\u00f3n postal: C\/ M\u00e9jico, 53, 28028 &#8211; Madrid.<\/li><li>Tel\u00e9fono: 917264059.<\/li><li>Correo electr\u00f3nico: cau@fapostolsantiago.org.<\/li><\/ul><h4><strong>\u00bfCon qu\u00e9 finalidad tratamos sus datos personales? <\/strong><\/h4><p>Tratamos los datos personales que nos facilite a trav\u00e9s de esta web con los siguientes fines:<\/p><ol><li>Gestionar la solicitud de registro del usuario para la compra de nuestros productos. El hecho de facilitar los datos con este fin es obligado para efectuar compras en la p\u00e1gina web.<\/li><li>En caso de que adquiera productos de nuestra tienda los datos ser\u00e1n tratados para gestionar la relaci\u00f3n con el cliente y la facturaci\u00f3n y cobro de los servicios. El suministro de los datos con este fin por parte de nuestros clientes es obligado, impidi\u00e9ndose en otro caso el cumplimiento del contrato.<\/li><li>El env\u00edo de comunicaciones comerciales de los productos que ofertamos. Una vez formalizada la compra a trav\u00e9s de esta web, podr\u00e1 recibir informaci\u00f3n comercial, salvo que manifieste su voluntad en contra marcando la correspondiente casilla en el momento de efectuar su compra o, con posterioridad, comunic\u00e1ndonoslo a trav\u00e9s de cualquier medio.<\/li><\/ol><p>Por el contrario, si usted no llega a contratar nuestros productos, no le remitiremos informaci\u00f3n comercial, salvo que nos autorice expresamente a ello marcando la casilla habilitada al efecto. La autorizaci\u00f3n es voluntaria y su negativa s\u00f3lo tendr\u00eda como consecuencia que usted no recibir\u00eda ofertas comerciales de nuestros productos o servicios. <em>(Mantener este ep\u00edgrafe si se pretenden enviar comunicaciones comerciales de los productos ofertados en la tienda)<\/em><em>.<\/em><\/p><ol><li>Canalizar las solicitudes de informaci\u00f3n, sugerencias y reclamaciones que nos pueda hacer llegar, contactar con el remitente de la informaci\u00f3n, dar respuesta a su petici\u00f3n o consulta y hacer un seguimiento posterior. El hecho de facilitar los datos con este fin es voluntario, aunque, en caso de no hacerlo, no se podr\u00e1 responder a la solicitud, consulta o reclamaci\u00f3n. Por tanto, la comunicaci\u00f3n de sus datos personales a estos efectos es un requisito necesario para que podamos atender esas peticiones.<\/li><\/ol><h4><strong>\u00bfDurante cu\u00e1nto tiempo trataremos sus datos? <\/strong><\/h4><p>S\u00f3lo conservamos sus datos por el periodo de tiempo necesario para cumplir con la finalidad para la que fueron recogidos, dar cumplimiento a las obligaciones legales que nos vienen impuestas y atender las posibles responsabilidades que pudieran derivar del cumplimiento de la finalidad para la que los datos fueron recabados.<\/p><p>Los datos facilitados para registrase en la web ser\u00e1n conservados durante el plazo m\u00e1ximo de 2 a\u00f1os despu\u00e9s de la \u00faltima interacci\u00f3n que realice el usuario en esta web.<\/p><p>Los datos para la gesti\u00f3n de la relaci\u00f3n con los clientes y la facturaci\u00f3n y cobro de los servicios ser\u00e1n conservados con ese fin durante todo el tiempo en que el contrato est\u00e9 vigente. Una vez finalizada dicha relaci\u00f3n, en su caso, los datos podr\u00e1n ser conservados durante el tiempo exigido por la legislaci\u00f3n aplicable y hasta que prescriban las eventuales responsabilidades derivadas del contrato.<\/p><p>Los datos para el env\u00edo de comunicaciones comerciales de nuestros productos o servicios ser\u00e1n conservados indefinidamente, hasta que, en su caso, usted nos manifieste su voluntad de suprimirlos o su deseo de dejar de recibir dichas comunicaciones. <em>(Mantener este ep\u00edgrafe si se pretenden enviar comunicaciones comerciales de los productos ofertados en la tienda)<\/em><em>.<\/em><\/p><p>Los datos tratados para atender solicitudes, peticiones, consultas o reclamaciones ser\u00e1n conservados durante el tiempo necesario para dar respuesta a ellas y darlas por definitivamente cerradas. Posteriormente, ser\u00e1n conservados a modo de hist\u00f3rico de comunicaciones durante un plazo de un a\u00f1o, salvo que usted solicite su supresi\u00f3n antes.<\/p><h4><strong>\u00bfCu\u00e1l es la legitimaci\u00f3n para el tratamiento de sus datos? <\/strong><\/h4><p>Los datos para la gesti\u00f3n de solicitud de registro del usuario para la compra de nuestros productos ser\u00e1n tratados sobre la base jur\u00eddica de la aplicaci\u00f3n de medidas contractuales.<\/p><p>Los datos facilitados por los usuarios para gestionar los pedidos realizados ser\u00e1n tratados sobre la base de la relaci\u00f3n contractual existente entre las partes, como consecuencia de la aceptaci\u00f3n de las condiciones generales de contrataci\u00f3n.<\/p><p>La oferta prospectiva de productos y servicios a nuestros clientes tiene como base la satisfacci\u00f3n del inter\u00e9s leg\u00edtimo empresarial consistente en poder ofrecerles la contrataci\u00f3n de otros productos o servicios y conseguir as\u00ed su fidelizaci\u00f3n. Dicho inter\u00e9s leg\u00edtimo se reconoce por la normativa legal aplicable (Reglamento General de Protecci\u00f3n de Datos), que permite expresamente el tratamiento de datos personales sobre esa base legal con fines de mercadotecnia directa. No obstante, le recordamos que tiene usted derecho a oponerse a este tratamiento de sus datos, pudiendo hacerlo por cualquiera de los medios previstos en esta cl\u00e1usula.<\/p><p>La oferta prospectiva de productos y servicios a quienes, habiendo mostrado inter\u00e9s en aquellos, no son o no han llegado a convertirse en nuestros clientes, tiene como base el consentimiento del interesado. Dicho consentimiento es revocable en cualquier momento, sin que ello tenga m\u00e1s consecuencias que dejar de recibir la publicidad y sin que ello afecte a los tratamientos de datos realizados con anterioridad. <em>(Mantener este ep\u00edgrafe si se pretenden enviar comunicaciones comerciales de los productos ofertados en la tienda)<\/em><em>.<\/em><\/p><p>El tratamiento de datos personales para la respuesta a sus solicitudes de informaci\u00f3n, peticiones, consultas y reclamaciones tiene como base el consentimiento de la persona interesada. Puede retirarse dicho consentimiento en cualquier momento, si bien ello no afectar\u00e1 a la licitud de los tratamientos efectuados con anterioridad.<\/p><h4><strong>\u00bfA qu\u00e9 destinatarios se comunicar\u00e1n sus datos? <\/strong><\/h4><p>Los datos ser\u00e1n comunicados a las siguientes entidades:<\/p><ol><li>Las Administraciones P\u00fablicas competentes, incluidos jueces y tribunales, en los casos previstos en la Ley y para los fines en ella definidos.<\/li><li>Las entidades financieras a trav\u00e9s de las que se articule la gesti\u00f3n de cobros y pagos.<\/li><\/ol><p>Aunque no se trata de una cesi\u00f3n de datos, puede ser que terceras empresas, que act\u00faan como proveedores nuestros, accedan a su informaci\u00f3n para llevar a cabo el servicio. Estos encargados acceden a sus datos siguiendo nuestras instrucciones y sin que puedan utilizarlos para una finalidad diferente y manteniendo la m\u00e1s estricta confidencialidad y en base a un contrato en el que se comprometen a cumplir las exigencias de la vigente normativa en materia de protecci\u00f3n de datos personales.<\/p><h4><strong>\u00bfCu\u00e1les son sus derechos cuando nos facilita sus datos? <\/strong><\/h4><p>Cualquier persona tiene derecho a obtener confirmaci\u00f3n sobre si estamos tratando datos personales que le conciernan, o no. Las personas interesadas tienen derecho a acceder a sus datos personales, as\u00ed como a solicitar la rectificaci\u00f3n de los datos inexactos o, en su caso, solicitar su supresi\u00f3n cuando, entre otros motivos, los datos ya no sean necesarios para los fines para los que fueron recogidos.<\/p><p>En las condiciones previstas en el Reglamento General de Protecci\u00f3n de Datos, los interesados podr\u00e1n solicitar la limitaci\u00f3n del tratamiento de sus datos o su portabilidad, en cuyo caso \u00fanicamente los conservaremos para el ejercicio o la defensa de reclamaciones.<\/p><p>En determinadas circunstancias y por motivos relacionados con su situaci\u00f3n particular, los interesados podr\u00e1n oponerse al tratamiento de sus datos. Si usted ha otorgado el consentimiento para alguna finalidad espec\u00edfica, tiene derecho a retirarlo en cualquier momento, sin que ello afecte a la licitud del tratamiento basado en el consentimiento previo a su retirada. En estos supuestos dejaremos de tratar los datos o, en su caso, dejaremos de hacerlo para esa finalidad en concreto, salvo por motivos leg\u00edtimos imperiosos, o el ejercicio o la defensa de posibles reclamaciones.<\/p><p>Adem\u00e1s, la normativa en materia de protecci\u00f3n de datos permite que pueda oponerse a ser objeto de decisiones basadas \u00fanicamente en el tratamiento automatizado de sus datos, cuando proceda.<\/p><p>Los antedichos derechos se caracterizan por lo siguiente:<\/p><ul><li>Su ejercicio es gratuito, salvo que se trate de solicitudes manifiestamente infundadas o excesivas (p. ej., car\u00e1cter repetitivo), en cuyo caso podr\u00e1 cobrarse un canon proporcional a los costes administrativos soportados o negarse a actuar<\/li><li>Puede ejercer los derechos directamente o por medio de tu representante legal o voluntario<\/li><li>Se debe responder a su solicitud en el plazo de un mes, aunque, si se tiene en cuenta la complejidad y n\u00famero de solicitudes, se puede prorrogar el plazo en otros dos meses m\u00e1s.<\/li><li>Tenemos la obligaci\u00f3n de informarle sobre los medios para ejercitar estos derechos, los cuales deben ser accesibles y sin poder denegarle el ejercicio del derecho por el solo motivo de optar por otro medio. Si la solicitud se presenta por medios electr\u00f3nicos, la informaci\u00f3n se facilitar\u00e1 por estos medios cuando sea posible, salvo que nos solicite que sea de otro modo.<\/li><li>Si, por cualquier motivo, no se diese curso a la solicitud, le informaremos, a m\u00e1s tardar en un mes, de las razones de ello y de la posibilidad de reclamar ante una Autoridad de Control<\/li><\/ul><p>A fin de facilitar el ejercicio de los referidos derechos, le facilitamos a continuaci\u00f3n los enlaces al formulario de solicitud de cada uno de ellos:<\/p><ul><li><a href=\"https:\/\/www.aepd.es\/media\/formularios\/formulario-derecho-de-acceso.pdf\">Formulario ejercicio del derecho de acceso<\/a><\/li><li><a href=\"https:\/\/www.aepd.es\/media\/formularios\/formulario-derecho-de-rectificacion.pdf\">Formulario de ejercicio del derecho de rectificaci\u00f3n<\/a><\/li><li><a href=\"https:\/\/www.aepd.es\/media\/formularios\/formulario-derecho-de-oposicion.pdf\">Formulario de ejercicio del derecho de oposici\u00f3n<\/a><\/li><li><a href=\"https:\/\/www.aepd.es\/media\/formularios\/formulario-derecho-de-supresion.pdf\">Formulario de ejercicio del derecho de supresi\u00f3n (derecho \u201cal olvido\u201d)<\/a><\/li><li><a href=\"https:\/\/www.aepd.es\/media\/formularios\/formulario-derecho-de-limitacion.pdf\">Formulario de ejercicio del derecho a la limitaci\u00f3n del tratamiento<\/a><\/li><li><a href=\"https:\/\/www.aepd.es\/media\/formularios\/formulario-derecho-de-portabilidad.pdf\">Formulario de ejercicios del derecho a la portabilidad<\/a><\/li><li><a href=\"https:\/\/www.aepd.es\/media\/formularios\/formulario-derecho-de-oposicion-decisiones-automatizadas.pdf\">Formulario de ejercicio a no ser objeto de decisiones individuales automatizadas<\/a><\/li><\/ul><p>Todos los derechos mencionados pueden ejercerse a trav\u00e9s de los medios de contacto que figuran al principio de esta cl\u00e1usula.<\/p><p>Frente a cualquier vulneraci\u00f3n de sus derechos, especialmente cuando usted no haya obtenido satisfacci\u00f3n en su ejercicio, puede presentar una reclamaci\u00f3n ante la Agencia Espa\u00f1ola de Protecci\u00f3n de Datos (datos de contacto accesibles en www.aepd.es), u otra autoridad de control competente. Tambi\u00e9n puede obtener m\u00e1s informaci\u00f3n sobre los derechos que le asisten dirigi\u00e9ndose a dichos organismos.<\/p><h4><strong>\u00bfC\u00f3mo protegemos sus datos personales?<\/strong><\/h4><p>Tenemos el firme compromiso de proteger los datos personales que tratamos. Utilizamos medidas, controles y procedimientos de car\u00e1cter f\u00edsico, organizativo y tecnol\u00f3gico, razonablemente fiables y efectivos, orientados a preservar la integridad y la seguridad de sus datos y garantizar su privacidad.<\/p><p>Adem\u00e1s, todo el personal con acceso a los datos personales ha sido formado y tiene conocimiento de sus obligaciones con relaci\u00f3n a los tratamientos de sus datos personales.<\/p><p>En el caso de los contratos que suscribimos con nuestros proveedores incluimos cl\u00e1usulas en las que se les exige mantener el deber de secreto respecto a los datos de car\u00e1cter personal a los que hayan tenido acceso en virtud del encargo realizado, as\u00ed como implantar las medidas de seguridad t\u00e9cnicas y organizativas necesarias para garantizar la confidencialidad, integridad, disponibilidad y resiliencia permanentes de los sistemas y servicios de tratamiento de los datos personales.<\/p><p>Todas estas medidas de seguridad son revisadas de forma peri\u00f3dica para garantizar su adecuaci\u00f3n y efectividad.<\/p><p>Sin embargo, la seguridad absoluta no se puede garantizar y no existe ning\u00fan sistema de seguridad que sea impenetrable por lo que, en el caso de cualquier informaci\u00f3n objeto de tratamiento y bajo nuestro control se viese comprometida como consecuencia de una brecha de seguridad, tomaremos las medidas adecuadas para investigar el incidente, notificarlo a la Autoridad de Control y, en su caso, a aquellos usuarios que se hubieran podido ver afectados para que tomen las medidas adecuadas.<\/p><h4><strong>\u00bfCu\u00e1l es su responsabilidad como titular de los datos? <\/strong><\/h4><p>Al facilitarnos sus datos personales, la persona que lo haga garantiza que es mayor de 14 a\u00f1os y que los datos facilitados son verdaderos, exactos, completos y actualizados.<\/p><p>A estos efectos, el interesado responde de la veracidad de los datos y los deber\u00e1 mantener convenientemente actualizados de modo que respondan a su situaci\u00f3n real, haci\u00e9ndose responsable de los datos falsos e inexactos que pudiera proporcionar, as\u00ed como de los da\u00f1os y perjuicios, directos o indirectos, que pudieran derivarse.<\/p><p>Si usted facilita datos de terceros, asume la responsabilidad de informarles previamente de todo lo previsto en el art\u00edculo 14 del Reglamento General de Protecci\u00f3n de Datos en las condiciones establecidas en dicho precepto.<\/p>\t\t\t\t\t\t\t\t<\/div>\n\t\t\t\t<\/div>\n\t\t\t\t\t<\/div>\n\t\t<\/div>\n\t\t\t\t<div class=\"elementor-column elementor-col-50 elementor-top-column elementor-element elementor-element-f967acb\" data-id=\"f967acb\" data-element_type=\"column\" data-e-type=\"column\">\n\t\t\t<div class=\"elementor-widget-wrap elementor-element-populated\">\n\t\t\t\t\t\t<div class=\"elementor-element elementor-element-b31a801 elementor-toc--content-ellipsis elementor-toc--minimized-on-mobile elementor-widget elementor-widget-table-of-contents\" data-id=\"b31a801\" data-element_type=\"widget\" data-e-type=\"widget\" data-settings=\"{&quot;headings_by_tags&quot;:[&quot;h3&quot;,&quot;h4&quot;],&quot;exclude_headings_by_selector&quot;:[],&quot;sticky&quot;:&quot;top&quot;,&quot;sticky_offset&quot;:100,&quot;sticky_parent&quot;:&quot;yes&quot;,&quot;minimized_on&quot;:&quot;mobile&quot;,&quot;sticky_on&quot;:[&quot;desktop&quot;],&quot;collapse_subitems&quot;:&quot;yes&quot;,&quot;no_headings_message&quot;:&quot;No se ha encontrado ning\\u00fan encabezado en esta p\\u00e1gina.&quot;,&quot;marker_view&quot;:&quot;numbers&quot;,&quot;minimize_box&quot;:&quot;yes&quot;,&quot;hierarchical_view&quot;:&quot;yes&quot;,&quot;min_height&quot;:{&quot;unit&quot;:&quot;px&quot;,&quot;size&quot;:&quot;&quot;,&quot;sizes&quot;:[]},&quot;min_height_tablet&quot;:{&quot;unit&quot;:&quot;px&quot;,&quot;size&quot;:&quot;&quot;,&quot;sizes&quot;:[]},&quot;min_height_mobile&quot;:{&quot;unit&quot;:&quot;px&quot;,&quot;size&quot;:&quot;&quot;,&quot;sizes&quot;:[]},&quot;sticky_effects_offset&quot;:0,&quot;sticky_anchor_link_offset&quot;:0}\" data-widget_type=\"table-of-contents.default\">\n\t\t\t\t<div class=\"elementor-widget-container\">\n\t\t\t\t\t\t\t\t\t<div class=\"elementor-toc__header\">\n\t\t\t\t\t\t<h4 class=\"elementor-toc__header-title\">\n\t\t\t\tTabla de Contenidos\t\t\t<\/h4>\n\t\t\t\t\t\t\t\t\t\t<div class=\"elementor-toc__toggle-button elementor-toc__toggle-button--expand\" role=\"button\" tabindex=\"0\" aria-controls=\"elementor-toc__b31a801\" aria-expanded=\"true\" aria-label=\"Abrir la tabla de contenidos\"><svg xmlns=\"http:\/\/www.w3.org\/2000\/svg\" xmlns:xlink=\"http:\/\/www.w3.org\/1999\/xlink\" id=\"Layer_1\" x=\"0px\" y=\"0px\" viewBox=\"0 0 16 16\" style=\"enable-background:new 0 0 16 16;\" xml:space=\"preserve\"><polygon points=\"13.3,7.2 8.8,7.2 8.8,2.7 7.2,2.7 7.2,7.2 2.7,7.2 2.7,8.8 7.2,8.8 7.2,13.3 8.8,13.3 8.8,8.8 13.3,8.8 \"><\/polygon><\/svg><\/div>\n\t\t\t\t<div class=\"elementor-toc__toggle-button elementor-toc__toggle-button--collapse\" role=\"button\" tabindex=\"0\" aria-controls=\"elementor-toc__b31a801\" aria-expanded=\"true\" aria-label=\"Cerrar la tabla de contenidos\"><svg xmlns=\"http:\/\/www.w3.org\/2000\/svg\" xmlns:xlink=\"http:\/\/www.w3.org\/1999\/xlink\" id=\"Layer_1\" x=\"0px\" y=\"0px\" viewBox=\"0 0 16 16\" style=\"enable-background:new 0 0 16 16;\" xml:space=\"preserve\"><rect x=\"2.7\" y=\"7.2\" width=\"10.6\" height=\"1.7\"><\/rect><\/svg><\/div>\n\t\t\t\t\t<\/div>\n\t\t\t\t<div id=\"elementor-toc__b31a801\" class=\"elementor-toc__body elementor-toc__list-items--collapsible\">\n\t\t\t<div class=\"elementor-toc__spinner-container\">\n\t\t\t\t<i class=\"elementor-toc__spinner eicon-animation-spin eicon-loading\" aria-hidden=\"true\"><\/i>\t\t\t<\/div>\n\t\t<\/div>\n\t\t\t\t\t\t<\/div>\n\t\t\t\t<\/div>\n\t\t\t\t\t<\/div>\n\t\t<\/div>\n\t\t\t\t\t<\/div>\n\t\t<\/section>\n\t\t\t\t<\/div>\n\t\t","protected":false},"excerpt":{"rendered":"<p>Ponemos a su disposici\u00f3n la presente Pol\u00edtica de Privacidad con la finalidad de informarle detalladamente sobre c\u00f3mo tratamos sus datos personales y protegemos su privacidad y la informaci\u00f3n que nos proporciona. Si, en el futuro, introduj\u00e9semos modificaciones en esta Pol\u00edtica de Privacidad, se lo comunicaremos a trav\u00e9s de esta p\u00e1gina web o por otros medios,&hellip;<\/p>\n","protected":false},"author":2,"featured_media":0,"parent":0,"menu_order":997,"comment_status":"closed","ping_status":"closed","template":"","meta":{"footnotes":""},"class_list":["post-94363","page","type-page","status-publish","hentry"],"aioseo_notices":[],"jetpack_sharing_enabled":true,"_links":{"self":[{"href":"https:\/\/tienda.fapostolsantiago.org\/index.php\/wp-json\/wp\/v2\/pages\/94363","targetHints":{"allow":["GET"]}}],"collection":[{"href":"https:\/\/tienda.fapostolsantiago.org\/index.php\/wp-json\/wp\/v2\/pages"}],"about":[{"href":"https:\/\/tienda.fapostolsantiago.org\/index.php\/wp-json\/wp\/v2\/types\/page"}],"author":[{"embeddable":true,"href":"https:\/\/tienda.fapostolsantiago.org\/index.php\/wp-json\/wp\/v2\/users\/2"}],"replies":[{"embeddable":true,"href":"https:\/\/tienda.fapostolsantiago.org\/index.php\/wp-json\/wp\/v2\/comments?post=94363"}],"version-history":[{"count":20,"href":"https:\/\/tienda.fapostolsantiago.org\/index.php\/wp-json\/wp\/v2\/pages\/94363\/revisions"}],"predecessor-version":[{"id":97822,"href":"https:\/\/tienda.fapostolsantiago.org\/index.php\/wp-json\/wp\/v2\/pages\/94363\/revisions\/97822"}],"wp:attachment":[{"href":"https:\/\/tienda.fapostolsantiago.org\/index.php\/wp-json\/wp\/v2\/media?parent=94363"}],"curies":[{"name":"wp","href":"https:\/\/api.w.org\/{rel}","templated":true}]}}