{"id":97823,"date":"2025-03-03T01:26:26","date_gmt":"2025-03-03T01:26:26","guid":{"rendered":"https:\/\/tienda.fapostolsantiago.org\/?page_id=97823"},"modified":"2025-03-03T01:29:08","modified_gmt":"2025-03-03T01:29:08","slug":"politica-de-cookies","status":"publish","type":"page","link":"https:\/\/tienda.fapostolsantiago.org\/index.php\/politica-de-cookies\/","title":{"rendered":"Pol\u00edtica de cookies"},"content":{"rendered":"\t\t<div data-elementor-type=\"wp-page\" data-elementor-id=\"97823\" class=\"elementor elementor-97823\" data-elementor-post-type=\"page\">\n\t\t\t\t\t\t<section class=\"elementor-section elementor-top-section elementor-element elementor-element-cbda701 elementor-reverse-tablet elementor-reverse-mobile elementor-section-boxed elementor-section-height-default elementor-section-height-default\" data-id=\"cbda701\" data-element_type=\"section\" data-e-type=\"section\">\n\t\t\t\t\t\t<div class=\"elementor-container elementor-column-gap-wider\">\n\t\t\t\t\t<div class=\"elementor-column elementor-col-50 elementor-top-column elementor-element elementor-element-443074e\" data-id=\"443074e\" data-element_type=\"column\" data-e-type=\"column\">\n\t\t\t<div class=\"elementor-widget-wrap elementor-element-populated\">\n\t\t\t\t\t\t<div class=\"elementor-element elementor-element-d2e314b elementor-widget elementor-widget-text-editor\" data-id=\"d2e314b\" data-element_type=\"widget\" data-e-type=\"widget\" data-widget_type=\"text-editor.default\">\n\t\t\t\t<div class=\"elementor-widget-container\">\n\t\t\t\t\t\t\t\t\t<p>Esta p\u00e1gina web utiliza cookies u otros archivos de funcionalidad similar (en adelante, \u201ccookies\u201d) para prestarle un mejor servicio y proporcionarle una mejor experiencia de navegaci\u00f3n. El objetivo de esta pol\u00edtica es informarle de manera clara y detallada de qu\u00e9 es una cookie, cu\u00e1l es su finalidad, qu\u00e9 tipo de cookies utilizamos y c\u00f3mo configurarlas o, en su caso, deshabilitarlas.<\/p><p>\u00a0<\/p><h4><em>\u201c\u00bfQu\u00e9 es una cookie?<\/em><\/h4><p>Una cookie es un fichero que se descarga en su ordenador al acceder a determinadas p\u00e1ginas web. Las cookies permiten a una p\u00e1gina web, entre otras cosas, almacenar y recuperar informaci\u00f3n sobre los h\u00e1bitos de navegaci\u00f3n de un usuario o de su equipo y, dependiendo de la informaci\u00f3n que contengan y de la forma en que se utilice su equipo, pueden servir para reconocerlo.<\/p><p>No obstante, estos medios s\u00f3lo obtienen informaci\u00f3n relacionada con el n\u00famero de p\u00e1ginas visitadas, la ciudad a la que est\u00e1 asignada la direcci\u00f3n IP desde la que se accede, el n\u00famero de nuevos usuarios, la frecuencia y reincidencia de las visitas, el tiempo de visita, el navegador o el operador o tipo de terminal desde el que se realiza la visita. No se obtienen datos sobre el nombre, apellidos, direcci\u00f3n postal u otros datos an\u00e1logos del usuario que se ha conectado.<\/p><p>\u00a0<\/p><h4><em>\u00bfQu\u00e9 tipos de cookies hay?<\/em><\/h4><p>Las\u00a0<strong>cookies t\u00e9cnicas<\/strong>\u00a0son aquellas que permiten al usuario la navegaci\u00f3n a trav\u00e9s de una p\u00e1gina web, plataforma o aplicaci\u00f3n y la utilizaci\u00f3n de las diferentes opciones o servicios que en ella existan, incluyendo la gesti\u00f3n y operativa de la p\u00e1gina web y habilitar sus funciones y servicios, como, por ejemplo, identificar la sesi\u00f3n, acceder a partes de acceso restringido, recordar los elementos que integran un pedido, realizar el proceso de compra de un pedido, gestionar el pago, etc. La p\u00e1gina web no puede funcionar adecuadamente sin estas cookies, por lo que se consideran necesarias.<\/p><p>Las\u00a0<strong>cookies de preferencias<\/strong>\u00a0o\u00a0<strong>personalizaci\u00f3n<\/strong>\u00a0permiten a la p\u00e1gina web recordar informaci\u00f3n que cambia la forma en que la p\u00e1gina se comporta o el aspecto que tiene de modo que el usuario acceda al servicio con determinadas caracter\u00edsticas que pueden diferenciar su experiencia de la de otros usuarios, como, por ejemplo, el idioma, el n\u00famero de resultados a mostrar cuando el usuario realiza una b\u00fasqueda o la regi\u00f3n en la que el usuario se encuentra. Si es el propio usuario quien elige esas caracter\u00edsticas, por ejemplo, marcando la bandera del idioma, se considera un servicio expresamente solicitado siempre y cuando las cookies obedezcan exclusivamente a la finalidad seleccionada de personalizaci\u00f3n.<\/p><p>Las\u00a0<strong>cookies de an\u00e1lisis<\/strong>\u00a0o\u00a0<strong>medici\u00f3n<\/strong>\u00a0son aquellas que permiten comprender c\u00f3mo interact\u00faan los visitantes con las p\u00e1ginas web y as\u00ed realizar el an\u00e1lisis estad\u00edstico de la utilizaci\u00f3n que hacen los usuarios de los servicios prestados. La informaci\u00f3n recogida se utiliza en la medici\u00f3n de la actividad de los sitios web o aplicaci\u00f3n con el fin de introducir mejoras en los productos y servicios ofrecidos por el responsable.<\/p><p>Las\u00a0<strong>cookies de marketing<\/strong>\u00a0o\u00a0<strong>publicidad comportamental<\/strong>\u00a0almacenan informaci\u00f3n del comportamiento de los usuarios obtenida a trav\u00e9s de la observaci\u00f3n continuada de sus h\u00e1bitos de navegaci\u00f3n, lo que permite desarrollar un perfil espec\u00edfico para mostrar anuncios relevantes y atractivos para el usuario individual y, por tanto, m\u00e1s valiosos para los terceros anunciantes.<\/p><p>Por otra parte,\u00a0<strong>las cookies pueden ser propias o de terceros<\/strong>. Las propias son aqu\u00e9llas que se env\u00edan al equipo terminal del usuario desde un equipo o dominio gestionado por el propio editor de la Web, desde el que se presta el servicio solicitado por el usuario. Las cookies de tercero son aqu\u00e9llas que se env\u00edan al equipo terminal del usuario desde un equipo o dominio que no es gestionado por el editor, sino por otra entidad que trata los datos obtenidos trav\u00e9s de las cookies.<\/p><p>Adem\u00e1s,\u00a0<strong>las cookies pueden ser de sesi\u00f3n o persistentes<\/strong>. Las primeras son un tipo de cookies dise\u00f1adas para recabar y almacenar datos s\u00f3lo mientras el usuario est\u00e1 accediendo a una p\u00e1gina web. Las persistentes son un tipo de cookies que hace que los datos sigan almacenados en el terminal y puedan ser accedidos y tratados durante un periodo definido por el responsable de la cookie, que puede ir de unos minutos a varios a\u00f1os.<\/p><p>\u00a0<\/p><h4>\u00bfQui\u00e9n es el responsable del tratamiento de las cookies en esta p\u00e1gina web?<\/h4><p>El titular de la web y responsable del tratamiento de las cookies aqu\u00ed utilizadas, as\u00ed como sus datos de contacto, son accesibles en el\u00a0<strong><u>Aviso Legal<\/u><\/strong>\u00a0de esta p\u00e1gina. Asimismo, pueden existir cookies de terceros distintos del titular de esta web, como se explica m\u00e1s abajo.<\/p><p>\u00a0<\/p><h4>\u00bfCu\u00e1les son las cookies que utiliza esta Web?<\/h4><p><em>Esta Web utiliza cookies propias, que tienen por finalidad establecer la sesi\u00f3n del usuario que visita nuestra Web. Es una manera de identificar y gestionar el estado \u2013 las variables de sesi\u00f3n \u2013 para un usuario concreto, y poder mover esa informaci\u00f3n a trav\u00e9s de las p\u00e1ginas de nuestra Web.<\/em><\/p><p><em>Esta Web utiliza las siguientes cookies de terceros:<\/em><\/p><ul><li>Cookies de an\u00e1lisis: Son aqu\u00e9llas que, bien tratadas por nosotros o por terceros, nos permiten cuantificar el n\u00famero de usuarios y examinar su navegaci\u00f3n, pudiendo as\u00ed realizar la medici\u00f3n y an\u00e1lisis estad\u00edstico de la utilizaci\u00f3n que hacen los usuarios. Para ello se analiza su navegaci\u00f3n en nuestra p\u00e1gina web con el fin de mejorar los contenidos de la misma y prestar un mejor servicio a trav\u00e9s de ella.<\/li><li>Cookies de personalizaci\u00f3n.- Permiten ofrecer una experiencia m\u00e1s personalizada de los contenidos de esta web (p.ej. idioma), mostrar contenidos relevantes para el usuario y enviarle los mensajes o alertas que solicite<\/li><\/ul><p><em>Las aplicaciones que utilizan estos terceros son las siguientes:<\/em><\/p><p><em>Para las Cookies de an\u00e1lisis:<\/em><\/p><ul><li><em>Google Analytics, perteneciente a Google (<\/em><a href=\"https:\/\/developers.google.com\/analytics\/devguides\/collection\/analyticsjs\/cookie-usage\"><em>https:\/\/developers.google.com\/analytics\/devguides\/collection\/analyticsjs\/cookie-usage<\/em><\/a><em>).<\/em><\/li><\/ul><p>Adem\u00e1s, esas empresas pueden utilizar los datos que obtengan para mejorar sus propios servicios y para ofrecer servicios a otras empresas. Puede hacer clic en el link incluido en cada caso para obtener m\u00e1s informaci\u00f3n sobre dichas aplicaciones.<\/p><p>Al margen de las cookies indicadas, le informamos de que este sitio web utiliza cookies que permiten el funcionamiento y la prestaci\u00f3n de los servicios ofrecidos en el mismo.<\/p><p>\u00a0<\/p><h4><strong>\u00bfDurante cu\u00e1nto tiempo se guardan las cookies?<\/strong><\/h4><p>Las cookies se guardar\u00e1n durante 90 dias.<\/p><p>\u00a0<\/p><h4><strong>\u00bfCu\u00e1l es la legitimaci\u00f3n para el uso de las cookies?<\/strong><\/h4><p>En el caso de las cookies t\u00e9cnicas, es decir, aquellas que resultan imprescindibles para navegar por esta web y recibir el servicio ofrecido a trav\u00e9s de ella, la base legal de su uso es el acuerdo a trav\u00e9s del cual usted decide utilizar esta p\u00e1gina web y utilizar sus servicios.<\/p><p>La base legal del uso del resto de cookies es el consentimiento del usuario, que se le solicita en el momento de acceder a esta web, pudiendo revocarlo en cualquier momento. La retirada de dicho consentimiento no afectar\u00e1 a la posibilidad de navegar por esta web y utilizar sus servicios, pero los tratamientos de datos efectuados con anterioridad no perder\u00e1n su licitud por el hecho de que el consentimiento se haya revocado.<\/p><p>\u00a0<\/p><h4>\u00bfA qu\u00e9 destinatarios se comunicar\u00e1n las cookies o podr\u00e1n acceder a ellas?<\/h4><p>Cuando existan cookies de terceros, conforme a lo indicado m\u00e1s arriba, dichos terceros podr\u00e1n acceder a las cookies y utilizarlas en la forma antes descrita.<\/p><p>\u00a0<\/p><h4>\u00bfQu\u00e9 transferencias internacionales de datos se realizan?<\/h4><p>El titular de esta web no realiza transferencias internacionales de las cookies recabadas.<a href=\"https:\/\/fapostolsantiago.org\/politica-de-cookies#_ftn2\" name=\"_ftnref2\"><\/a><\/p><p>\u00a0<\/p><h4>\u00bfCu\u00e1les son sus derechos en relaci\u00f3n con el uso de cookies?<\/h4><p>Puede consultar dichos derechos en nuestra \u201c<a href=\"https:\/\/fapostolsantiago.org\/politica-de-privacidad\" target=\"_blank\" rel=\"noopener\"><strong>Pol\u00edtica de Privacidad<\/strong><\/a>\u201d.<a href=\"https:\/\/fapostolsantiago.org\/politica-de-cookies#_ftn1\" name=\"_ftnref1\"><\/a><\/p><p>\u00a0<\/p><h4>\u00bfC\u00f3mo puedo gestionar las cookies?<\/h4><p>Puede usted permitir, bloquear o eliminar las cookies instaladas en su equipo a trav\u00e9s del bot\u00f3n \u201cOPCIONES SOBRE COOKIES\u201d, que aparece al acceder a esta web.<\/p><p>Tambi\u00e9n puede permitir, bloquear o eliminar las cookies instaladas en su dispositivo a trav\u00e9s del men\u00fa de configuraci\u00f3n de su navegador de internet, pudiendo configurarlo para que bloquee las cookies o alerte al usuario cuando un servidor quiera guardarla. Los siguientes enlaces proporcionan informaci\u00f3n en relaci\u00f3n con c\u00f3mo configurar y\/o deshabilitar las cookies para cada uno de los principales navegadores del mercado a fin de que el usuario pueda decidir si acepta o no el uso de cookies.<\/p><ul><li><a href=\"https:\/\/support.microsoft.com\/es-es\/help\/17442\/windows-internet-explorer-delete-manage-cookies\">Microsoft Internet Explorer<\/a>: men\u00fa Herramientas &gt; Opciones de Internet &gt; Privacidad &gt; Configuraci\u00f3n.<\/li><li><a href=\"https:\/\/support.mozilla.org\/es\/kb\/habilitar-y-deshabilitar-cookies-sitios-web-rastrear-preferencias?redirectlocale=es&amp;redirectslug=habilitar-y-deshabilitar-cookies-que-los-sitios-we\">Firefox<\/a>: men\u00fa Herramientas &gt; Opciones &gt; Privacidad &gt; Cookies.<\/li><li><a href=\"https:\/\/support.google.com\/accounts\/answer\/61416?hl=es\">Chrome<\/a>: men\u00fa Opciones &gt; Opciones avanzadas &gt; Privacidad.<\/li><li><a href=\"https:\/\/support.apple.com\/es-es\/guide\/safari\/sfri11471\/mac\">Safari:<\/a>\u00a0men\u00fa Preferencias\/Privacidad.<\/li><li><a href=\"https:\/\/support.apple.com\/es-es\/HT201265\">Safari para IOS<\/a>\u00a0(iPhone y iPad): Opci\u00f3n Ajustes &gt; Safari<\/li><li><a href=\"https:\/\/support.google.com\/chrome\/answer\/95647?co=GENIE.Platform%3DAndroid&amp;hl=es-419\">Chrome para Android<\/a>: Configuraci\u00f3n &gt; Configuraci\u00f3n de sitios web &gt; Cookies<\/li><\/ul><p>Tenga en cuenta que, si acepta las cookies de terceros, deber\u00e1 eliminarlas desde las opciones del navegador o desde el sistema ofrecido por el propio tercero.<\/p>\t\t\t\t\t\t\t\t<\/div>\n\t\t\t\t<\/div>\n\t\t\t\t\t<\/div>\n\t\t<\/div>\n\t\t\t\t<div class=\"elementor-column elementor-col-50 elementor-top-column elementor-element elementor-element-f967acb\" data-id=\"f967acb\" data-element_type=\"column\" data-e-type=\"column\">\n\t\t\t<div class=\"elementor-widget-wrap elementor-element-populated\">\n\t\t\t\t\t\t<div class=\"elementor-element elementor-element-b31a801 elementor-toc--content-ellipsis elementor-toc--minimized-on-mobile elementor-widget elementor-widget-table-of-contents\" data-id=\"b31a801\" data-element_type=\"widget\" data-e-type=\"widget\" data-settings=\"{&quot;headings_by_tags&quot;:[&quot;h3&quot;,&quot;h4&quot;],&quot;exclude_headings_by_selector&quot;:[],&quot;sticky&quot;:&quot;top&quot;,&quot;sticky_offset&quot;:100,&quot;sticky_parent&quot;:&quot;yes&quot;,&quot;minimized_on&quot;:&quot;mobile&quot;,&quot;sticky_on&quot;:[&quot;desktop&quot;],&quot;collapse_subitems&quot;:&quot;yes&quot;,&quot;no_headings_message&quot;:&quot;No se ha encontrado ning\\u00fan encabezado en esta p\\u00e1gina.&quot;,&quot;marker_view&quot;:&quot;numbers&quot;,&quot;minimize_box&quot;:&quot;yes&quot;,&quot;hierarchical_view&quot;:&quot;yes&quot;,&quot;min_height&quot;:{&quot;unit&quot;:&quot;px&quot;,&quot;size&quot;:&quot;&quot;,&quot;sizes&quot;:[]},&quot;min_height_tablet&quot;:{&quot;unit&quot;:&quot;px&quot;,&quot;size&quot;:&quot;&quot;,&quot;sizes&quot;:[]},&quot;min_height_mobile&quot;:{&quot;unit&quot;:&quot;px&quot;,&quot;size&quot;:&quot;&quot;,&quot;sizes&quot;:[]},&quot;sticky_effects_offset&quot;:0,&quot;sticky_anchor_link_offset&quot;:0}\" data-widget_type=\"table-of-contents.default\">\n\t\t\t\t<div class=\"elementor-widget-container\">\n\t\t\t\t\t\t\t\t\t<div class=\"elementor-toc__header\">\n\t\t\t\t\t\t<h4 class=\"elementor-toc__header-title\">\n\t\t\t\tTabla de Contenidos\t\t\t<\/h4>\n\t\t\t\t\t\t\t\t\t\t<div class=\"elementor-toc__toggle-button elementor-toc__toggle-button--expand\" role=\"button\" tabindex=\"0\" aria-controls=\"elementor-toc__b31a801\" aria-expanded=\"true\" aria-label=\"Abrir la tabla de contenidos\"><svg xmlns=\"http:\/\/www.w3.org\/2000\/svg\" xmlns:xlink=\"http:\/\/www.w3.org\/1999\/xlink\" id=\"Layer_1\" x=\"0px\" y=\"0px\" viewBox=\"0 0 16 16\" style=\"enable-background:new 0 0 16 16;\" xml:space=\"preserve\"><polygon points=\"13.3,7.2 8.8,7.2 8.8,2.7 7.2,2.7 7.2,7.2 2.7,7.2 2.7,8.8 7.2,8.8 7.2,13.3 8.8,13.3 8.8,8.8 13.3,8.8 \"><\/polygon><\/svg><\/div>\n\t\t\t\t<div class=\"elementor-toc__toggle-button elementor-toc__toggle-button--collapse\" role=\"button\" tabindex=\"0\" aria-controls=\"elementor-toc__b31a801\" aria-expanded=\"true\" aria-label=\"Cerrar la tabla de contenidos\"><svg xmlns=\"http:\/\/www.w3.org\/2000\/svg\" xmlns:xlink=\"http:\/\/www.w3.org\/1999\/xlink\" id=\"Layer_1\" x=\"0px\" y=\"0px\" viewBox=\"0 0 16 16\" style=\"enable-background:new 0 0 16 16;\" xml:space=\"preserve\"><rect x=\"2.7\" y=\"7.2\" width=\"10.6\" height=\"1.7\"><\/rect><\/svg><\/div>\n\t\t\t\t\t<\/div>\n\t\t\t\t<div id=\"elementor-toc__b31a801\" class=\"elementor-toc__body elementor-toc__list-items--collapsible\">\n\t\t\t<div class=\"elementor-toc__spinner-container\">\n\t\t\t\t<i class=\"elementor-toc__spinner eicon-animation-spin eicon-loading\" aria-hidden=\"true\"><\/i>\t\t\t<\/div>\n\t\t<\/div>\n\t\t\t\t\t\t<\/div>\n\t\t\t\t<\/div>\n\t\t\t\t\t<\/div>\n\t\t<\/div>\n\t\t\t\t\t<\/div>\n\t\t<\/section>\n\t\t\t\t<\/div>\n\t\t","protected":false},"excerpt":{"rendered":"<p>Esta p\u00e1gina web utiliza cookies u otros archivos de funcionalidad similar (en adelante, \u201ccookies\u201d) para prestarle un mejor servicio y proporcionarle una mejor experiencia de navegaci\u00f3n. El objetivo de esta pol\u00edtica es informarle de manera clara y detallada de qu\u00e9 es una cookie, cu\u00e1l es su finalidad, qu\u00e9 tipo de cookies utilizamos y c\u00f3mo configurarlas&hellip;<\/p>\n","protected":false},"author":2,"featured_media":0,"parent":0,"menu_order":997,"comment_status":"closed","ping_status":"closed","template":"","meta":{"footnotes":""},"class_list":["post-97823","page","type-page","status-publish","hentry"],"aioseo_notices":[],"jetpack_sharing_enabled":true,"_links":{"self":[{"href":"https:\/\/tienda.fapostolsantiago.org\/index.php\/wp-json\/wp\/v2\/pages\/97823","targetHints":{"allow":["GET"]}}],"collection":[{"href":"https:\/\/tienda.fapostolsantiago.org\/index.php\/wp-json\/wp\/v2\/pages"}],"about":[{"href":"https:\/\/tienda.fapostolsantiago.org\/index.php\/wp-json\/wp\/v2\/types\/page"}],"author":[{"embeddable":true,"href":"https:\/\/tienda.fapostolsantiago.org\/index.php\/wp-json\/wp\/v2\/users\/2"}],"replies":[{"embeddable":true,"href":"https:\/\/tienda.fapostolsantiago.org\/index.php\/wp-json\/wp\/v2\/comments?post=97823"}],"version-history":[{"count":4,"href":"https:\/\/tienda.fapostolsantiago.org\/index.php\/wp-json\/wp\/v2\/pages\/97823\/revisions"}],"predecessor-version":[{"id":97827,"href":"https:\/\/tienda.fapostolsantiago.org\/index.php\/wp-json\/wp\/v2\/pages\/97823\/revisions\/97827"}],"wp:attachment":[{"href":"https:\/\/tienda.fapostolsantiago.org\/index.php\/wp-json\/wp\/v2\/media?parent=97823"}],"curies":[{"name":"wp","href":"https:\/\/api.w.org\/{rel}","templated":true}]}}