{"id":94600,"date":"2023-12-08T23:56:36","date_gmt":"2023-12-08T23:56:36","guid":{"rendered":"https:\/\/tienda.fapostolsantiago.org\/?post_type=product&#038;p=94600"},"modified":"2026-03-28T12:08:19","modified_gmt":"2026-03-28T12:08:19","slug":"club-22-tech-t-shirt-men","status":"publish","type":"product","link":"https:\/\/tienda.fapostolsantiago.org\/index.php\/producto\/club-22-tech-t-shirt-men\/","title":{"rendered":"CAMISETA CLUB TECH M"},"content":{"rendered":"<p><strong>Tejido principal<\/strong><br \/>\nInterlock 100 % poli\u00e9ster<br \/>\n<strong>Forma<\/strong><br \/>\nregular<\/p>\n","protected":false},"excerpt":{"rendered":"<p>Cuando en un partido o en una sesi\u00f3n de entrenamiento empiece a subir la temperatura, apreciar\u00e1s c\u00f3mo la CLUB 22 Tech T-Shirt para hombre est\u00e1 confeccionada con la tecnolog\u00eda Moisture Transfer Microfiber de HEAD, que ofrece un efecto refrescante y permite que el material se seque r\u00e1pidamente. Con el cuello rib crewneck, la cinta del cuello con la marca HEAD y el wishbone logo, la camiseta ofrece mucho estilo. Elige entre el blanco y una gama de colores con inserciones color-blocked.<\/p>\n","protected":false},"featured_media":94870,"template":"","meta":[],"product_brand":[],"product_cat":[250,233],"product_tag":[],"class_list":{"0":"post-94600","1":"product","2":"type-product","3":"status-publish","4":"has-post-thumbnail","6":"product_cat-hombres-camisetas","7":"product_cat-moda-hombre","8":"description-off","10":"first","11":"instock","12":"taxable","13":"shipping-taxable","14":"purchasable","15":"product-type-variable"},"bundled_by":["94839","94864","95007"],"bundle_stock_status":"instock","bundle_stock_quantity":null,"bundle_virtual":false,"bundle_layout":"","bundle_add_to_cart_form_location":"","bundle_editable_in_cart":false,"bundle_sold_individually_context":"","bundle_item_grouping":"","bundle_min_size":"","bundle_max_size":"","bundle_price":[],"bundled_items":[],"bundle_sell_ids":[],"aioseo_notices":[],"jetpack_sharing_enabled":true,"_links":{"self":[{"href":"https:\/\/tienda.fapostolsantiago.org\/index.php\/wp-json\/wp\/v2\/product\/94600","targetHints":{"allow":["GET"]}}],"collection":[{"href":"https:\/\/tienda.fapostolsantiago.org\/index.php\/wp-json\/wp\/v2\/product"}],"about":[{"href":"https:\/\/tienda.fapostolsantiago.org\/index.php\/wp-json\/wp\/v2\/types\/product"}],"version-history":[{"count":5,"href":"https:\/\/tienda.fapostolsantiago.org\/index.php\/wp-json\/wp\/v2\/product\/94600\/revisions"}],"predecessor-version":[{"id":99623,"href":"https:\/\/tienda.fapostolsantiago.org\/index.php\/wp-json\/wp\/v2\/product\/94600\/revisions\/99623"}],"wp:featuredmedia":[{"embeddable":true,"href":"https:\/\/tienda.fapostolsantiago.org\/index.php\/wp-json\/wp\/v2\/media\/94870"}],"wp:attachment":[{"href":"https:\/\/tienda.fapostolsantiago.org\/index.php\/wp-json\/wp\/v2\/media?parent=94600"}],"wp:term":[{"taxonomy":"product_brand","embeddable":true,"href":"https:\/\/tienda.fapostolsantiago.org\/index.php\/wp-json\/wp\/v2\/product_brand?post=94600"},{"taxonomy":"product_cat","embeddable":true,"href":"https:\/\/tienda.fapostolsantiago.org\/index.php\/wp-json\/wp\/v2\/product_cat?post=94600"},{"taxonomy":"product_tag","embeddable":true,"href":"https:\/\/tienda.fapostolsantiago.org\/index.php\/wp-json\/wp\/v2\/product_tag?post=94600"}],"curies":[{"name":"wp","href":"https:\/\/api.w.org\/{rel}","templated":true}]}}