{"id":94612,"date":"2023-12-09T00:07:23","date_gmt":"2023-12-09T00:07:23","guid":{"rendered":"https:\/\/tienda.fapostolsantiago.org\/?post_type=product&#038;p=94612"},"modified":"2026-02-15T12:13:00","modified_gmt":"2026-02-15T12:13:00","slug":"club-pants-m","status":"publish","type":"product","link":"https:\/\/tienda.fapostolsantiago.org\/index.php\/producto\/club-pants-m\/","title":{"rendered":"PANTALON CLUB M"},"content":{"rendered":"<p><strong>Tejido principal<\/strong><br \/>\nInterlock 100 % poli\u00e9ster<br \/>\n<strong>Revestimiento<\/strong><br \/>\nWH: 100% poli\u00e9ster, malla<br \/>\n<strong>Forma<\/strong><br \/>\nRegular<\/p>\n","protected":false},"excerpt":{"rendered":"<p>El pantal\u00f3n Club es ideal para calentar, relajarse y todo lo que surja. Son muy c\u00f3modos, gracias a su mezcla de materiales funcionales y su cintura el\u00e1stica. El corte cl\u00e1sico te permite llevar un pantal\u00f3n corto o unas bermudas debajo, mientras que las cremalleras en los bajos te garantizan que podr\u00e1s quit\u00e1rtelo y pon\u00e9rtelo con las zapatillas puestas.<\/p>\n","protected":false},"featured_media":94877,"template":"","meta":[],"product_brand":[],"product_cat":[253,233],"product_tag":[],"class_list":{"0":"post-94612","1":"product","2":"type-product","3":"status-publish","4":"has-post-thumbnail","6":"product_cat-hombre-pantalones","7":"product_cat-moda-hombre","9":"first","10":"instock","11":"taxable","12":"shipping-taxable","13":"purchasable","14":"product-type-variable"},"bundled_by":["94839","94852","94892","94917","95735","97336"],"bundle_stock_status":"instock","bundle_stock_quantity":null,"bundle_virtual":false,"bundle_layout":"","bundle_add_to_cart_form_location":"","bundle_editable_in_cart":false,"bundle_sold_individually_context":"","bundle_item_grouping":"","bundle_min_size":"","bundle_max_size":"","bundle_price":[],"bundled_items":[],"bundle_sell_ids":[],"aioseo_notices":[],"jetpack_sharing_enabled":true,"_links":{"self":[{"href":"https:\/\/tienda.fapostolsantiago.org\/index.php\/wp-json\/wp\/v2\/product\/94612","targetHints":{"allow":["GET"]}}],"collection":[{"href":"https:\/\/tienda.fapostolsantiago.org\/index.php\/wp-json\/wp\/v2\/product"}],"about":[{"href":"https:\/\/tienda.fapostolsantiago.org\/index.php\/wp-json\/wp\/v2\/types\/product"}],"version-history":[{"count":3,"href":"https:\/\/tienda.fapostolsantiago.org\/index.php\/wp-json\/wp\/v2\/product\/94612\/revisions"}],"predecessor-version":[{"id":95287,"href":"https:\/\/tienda.fapostolsantiago.org\/index.php\/wp-json\/wp\/v2\/product\/94612\/revisions\/95287"}],"wp:featuredmedia":[{"embeddable":true,"href":"https:\/\/tienda.fapostolsantiago.org\/index.php\/wp-json\/wp\/v2\/media\/94877"}],"wp:attachment":[{"href":"https:\/\/tienda.fapostolsantiago.org\/index.php\/wp-json\/wp\/v2\/media?parent=94612"}],"wp:term":[{"taxonomy":"product_brand","embeddable":true,"href":"https:\/\/tienda.fapostolsantiago.org\/index.php\/wp-json\/wp\/v2\/product_brand?post=94612"},{"taxonomy":"product_cat","embeddable":true,"href":"https:\/\/tienda.fapostolsantiago.org\/index.php\/wp-json\/wp\/v2\/product_cat?post=94612"},{"taxonomy":"product_tag","embeddable":true,"href":"https:\/\/tienda.fapostolsantiago.org\/index.php\/wp-json\/wp\/v2\/product_tag?post=94612"}],"curies":[{"name":"wp","href":"https:\/\/api.w.org\/{rel}","templated":true}]}}