{"id":94636,"date":"2023-12-09T00:23:09","date_gmt":"2023-12-09T00:23:09","guid":{"rendered":"https:\/\/tienda.fapostolsantiago.org\/?post_type=product&#038;p=94636"},"modified":"2026-03-27T17:51:21","modified_gmt":"2026-03-27T17:51:21","slug":"club-22-jacket-women","status":"publish","type":"product","link":"https:\/\/tienda.fapostolsantiago.org\/index.php\/producto\/club-22-jacket-women\/","title":{"rendered":"CHAQUETA CLUB W"},"content":{"rendered":"<p><strong>Tejido principal<\/strong><br \/>\n100% poli\u00e9ster, sarga 2\/2 de tela transpirable<br \/>\n<strong>Revestimiento<\/strong><br \/>\nWH: 100% poli\u00e9ster, malla<br \/>\n<strong>Forma<\/strong><br \/>\nregular<\/p>\n","protected":false},"excerpt":{"rendered":"<p>Con una selecci\u00f3n de colores con inserciones de color-blocked, o en blanco, la CLUB 22 Jacket para mujer proporciona un estilo moderno y deportivo. Para una comodidad \u00f3ptima, la chaqueta est\u00e1 dise\u00f1ada con la tecnolog\u00eda Moisture Transfer Microfiber de HEAD, que ofrece un efecto refrescante y permite que el material se seque r\u00e1pidamente. La comodidad tambi\u00e9n se ve reforzada por el ribete el\u00e1stico en el dobladillo inferior, el dobladillo de la manga y el cuello. Adem\u00e1s de una cremallera one-way con protecci\u00f3n para la barbilla en el centro de la parte delantera, la chaqueta tiene bolsillos para las manos con dos cremalleras, y una cremallera interior para abrir el forro de mesh dentro del cuerpo.<\/p>\n","protected":false},"featured_media":94881,"template":"","meta":[],"product_brand":[],"product_cat":[234,240],"product_tag":[],"class_list":{"0":"post-94636","1":"product","2":"type-product","3":"status-publish","4":"has-post-thumbnail","6":"product_cat-moda-mujer","7":"product_cat-mujeres-chaquetas-y-sudaderas","8":"description-off","10":"first","11":"instock","12":"taxable","13":"shipping-taxable","14":"purchasable","15":"product-type-variable"},"bundled_by":["94892","94902","94917","94922","94928","94933","94997","97344","97350"],"bundle_stock_status":"instock","bundle_stock_quantity":null,"bundle_virtual":false,"bundle_layout":"","bundle_add_to_cart_form_location":"","bundle_editable_in_cart":false,"bundle_sold_individually_context":"","bundle_item_grouping":"","bundle_min_size":"","bundle_max_size":"","bundle_price":[],"bundled_items":[],"bundle_sell_ids":[],"aioseo_notices":[],"jetpack_sharing_enabled":true,"_links":{"self":[{"href":"https:\/\/tienda.fapostolsantiago.org\/index.php\/wp-json\/wp\/v2\/product\/94636","targetHints":{"allow":["GET"]}}],"collection":[{"href":"https:\/\/tienda.fapostolsantiago.org\/index.php\/wp-json\/wp\/v2\/product"}],"about":[{"href":"https:\/\/tienda.fapostolsantiago.org\/index.php\/wp-json\/wp\/v2\/types\/product"}],"version-history":[{"count":5,"href":"https:\/\/tienda.fapostolsantiago.org\/index.php\/wp-json\/wp\/v2\/product\/94636\/revisions"}],"predecessor-version":[{"id":99626,"href":"https:\/\/tienda.fapostolsantiago.org\/index.php\/wp-json\/wp\/v2\/product\/94636\/revisions\/99626"}],"wp:featuredmedia":[{"embeddable":true,"href":"https:\/\/tienda.fapostolsantiago.org\/index.php\/wp-json\/wp\/v2\/media\/94881"}],"wp:attachment":[{"href":"https:\/\/tienda.fapostolsantiago.org\/index.php\/wp-json\/wp\/v2\/media?parent=94636"}],"wp:term":[{"taxonomy":"product_brand","embeddable":true,"href":"https:\/\/tienda.fapostolsantiago.org\/index.php\/wp-json\/wp\/v2\/product_brand?post=94636"},{"taxonomy":"product_cat","embeddable":true,"href":"https:\/\/tienda.fapostolsantiago.org\/index.php\/wp-json\/wp\/v2\/product_cat?post=94636"},{"taxonomy":"product_tag","embeddable":true,"href":"https:\/\/tienda.fapostolsantiago.org\/index.php\/wp-json\/wp\/v2\/product_tag?post=94636"}],"curies":[{"name":"wp","href":"https:\/\/api.w.org\/{rel}","templated":true}]}}