{"id":94658,"date":"2023-12-09T00:39:26","date_gmt":"2023-12-09T00:39:26","guid":{"rendered":"https:\/\/tienda.fapostolsantiago.org\/?post_type=product&#038;p=94658"},"modified":"2026-04-13T14:47:58","modified_gmt":"2026-04-13T14:47:58","slug":"club-22-tank-top-women","status":"publish","type":"product","link":"https:\/\/tienda.fapostolsantiago.org\/index.php\/producto\/club-22-tank-top-women\/","title":{"rendered":"CAMISETA TIRANTES CLUB W"},"content":{"rendered":"<p><strong>Tejido principal<\/strong><br \/>\nsingle jersey 92 % poli\u00e9ster, 8 % elastano<br \/>\n<strong>Forma<\/strong><br \/>\nregular<\/p>\n","protected":false},"excerpt":{"rendered":"<p>Para tu comodidad, el CLUB 22 Tank Top para mujer est\u00e1 confeccionado con un material moderno y stretchy que contiene elastano. Tambi\u00e9n est\u00e1 dise\u00f1ado con la tecnolog\u00eda Moisture Transfer Microfiber de HEAD, que proporciona un efecto de refrescante y permite que el tejido se seque r\u00e1pidamente. Con un escote redondo y femenino y una racer back, la camiseta de tirantes est\u00e1 disponible en varios colores, incluso con inserciones color-blocked deportivas.<\/p>\n","protected":false},"featured_media":94882,"template":"","meta":[],"product_brand":[],"product_cat":[234,238],"product_tag":[],"class_list":{"0":"post-94658","1":"product","2":"type-product","3":"status-publish","4":"has-post-thumbnail","6":"product_cat-moda-mujer","7":"product_cat-mujeres-camisetas","8":"description-off","10":"first","11":"instock","12":"taxable","13":"shipping-taxable","14":"purchasable","15":"product-type-variable"},"bundled_by":["94892","94917","94922","94933","94997"],"bundle_stock_status":"instock","bundle_stock_quantity":null,"bundle_virtual":false,"bundle_layout":"","bundle_add_to_cart_form_location":"","bundle_editable_in_cart":false,"bundle_sold_individually_context":"","bundle_item_grouping":"","bundle_min_size":"","bundle_max_size":"","bundle_price":[],"bundled_items":[],"bundle_sell_ids":[],"aioseo_notices":[],"jetpack_sharing_enabled":true,"_links":{"self":[{"href":"https:\/\/tienda.fapostolsantiago.org\/index.php\/wp-json\/wp\/v2\/product\/94658","targetHints":{"allow":["GET"]}}],"collection":[{"href":"https:\/\/tienda.fapostolsantiago.org\/index.php\/wp-json\/wp\/v2\/product"}],"about":[{"href":"https:\/\/tienda.fapostolsantiago.org\/index.php\/wp-json\/wp\/v2\/types\/product"}],"version-history":[{"count":6,"href":"https:\/\/tienda.fapostolsantiago.org\/index.php\/wp-json\/wp\/v2\/product\/94658\/revisions"}],"predecessor-version":[{"id":99617,"href":"https:\/\/tienda.fapostolsantiago.org\/index.php\/wp-json\/wp\/v2\/product\/94658\/revisions\/99617"}],"wp:featuredmedia":[{"embeddable":true,"href":"https:\/\/tienda.fapostolsantiago.org\/index.php\/wp-json\/wp\/v2\/media\/94882"}],"wp:attachment":[{"href":"https:\/\/tienda.fapostolsantiago.org\/index.php\/wp-json\/wp\/v2\/media?parent=94658"}],"wp:term":[{"taxonomy":"product_brand","embeddable":true,"href":"https:\/\/tienda.fapostolsantiago.org\/index.php\/wp-json\/wp\/v2\/product_brand?post=94658"},{"taxonomy":"product_cat","embeddable":true,"href":"https:\/\/tienda.fapostolsantiago.org\/index.php\/wp-json\/wp\/v2\/product_cat?post=94658"},{"taxonomy":"product_tag","embeddable":true,"href":"https:\/\/tienda.fapostolsantiago.org\/index.php\/wp-json\/wp\/v2\/product_tag?post=94658"}],"curies":[{"name":"wp","href":"https:\/\/api.w.org\/{rel}","templated":true}]}}