{"id":94682,"date":"2023-12-09T08:12:41","date_gmt":"2023-12-09T08:12:41","guid":{"rendered":"https:\/\/tienda.fapostolsantiago.org\/?post_type=product&#038;p=94682"},"modified":"2026-03-27T10:59:49","modified_gmt":"2026-03-27T10:59:49","slug":"club-22-tech-t-shirt-women","status":"publish","type":"product","link":"https:\/\/tienda.fapostolsantiago.org\/index.php\/producto\/club-22-tech-t-shirt-women\/","title":{"rendered":"CAMISETA CLUB TECH W"},"content":{"rendered":"<p><strong>Tejido principal<\/strong><\/p>\n<p>Single jersey 92 % poli\u00e9ster, 8 % elastano<\/p>\n<p><strong>Forma<\/strong><\/p>\n<p>Regular<\/p>\n","protected":false},"excerpt":{"rendered":"<p>Cuando un partido o una sesi\u00f3n de entrenamiento empiece a calentarse, apreciar\u00e1s c\u00f3mo la elegante CLUB 22 Tech T-Shirt para mujer est\u00e1 confeccionada con la tecnolog\u00eda Moisture Transfer Microfiber de HEAD, que ofrece un efecto refrescante y permite que el material se seque r\u00e1pidamente. Confeccionada con un material moderno y stretchy que contiene elastano, la camiseta tiene un escote redondo y femenino y cuenta con el ic\u00f3nico wishbone logo de HEAD.<\/p>\n","protected":false},"featured_media":94915,"template":"","meta":[],"product_brand":[],"product_cat":[234,238],"product_tag":[],"class_list":{"0":"post-94682","1":"product","2":"type-product","3":"status-publish","4":"has-post-thumbnail","6":"product_cat-moda-mujer","7":"product_cat-mujeres-camisetas","8":"description-off","10":"first","11":"instock","12":"taxable","13":"shipping-taxable","14":"purchasable","15":"product-type-variable"},"bundled_by":[],"bundle_stock_status":"instock","bundle_stock_quantity":null,"bundle_virtual":false,"bundle_layout":"","bundle_add_to_cart_form_location":"","bundle_editable_in_cart":false,"bundle_sold_individually_context":"","bundle_item_grouping":"","bundle_min_size":"","bundle_max_size":"","bundle_price":[],"bundled_items":[],"bundle_sell_ids":[],"aioseo_notices":[],"jetpack_sharing_enabled":true,"_links":{"self":[{"href":"https:\/\/tienda.fapostolsantiago.org\/index.php\/wp-json\/wp\/v2\/product\/94682","targetHints":{"allow":["GET"]}}],"collection":[{"href":"https:\/\/tienda.fapostolsantiago.org\/index.php\/wp-json\/wp\/v2\/product"}],"about":[{"href":"https:\/\/tienda.fapostolsantiago.org\/index.php\/wp-json\/wp\/v2\/types\/product"}],"version-history":[{"count":4,"href":"https:\/\/tienda.fapostolsantiago.org\/index.php\/wp-json\/wp\/v2\/product\/94682\/revisions"}],"predecessor-version":[{"id":99622,"href":"https:\/\/tienda.fapostolsantiago.org\/index.php\/wp-json\/wp\/v2\/product\/94682\/revisions\/99622"}],"wp:featuredmedia":[{"embeddable":true,"href":"https:\/\/tienda.fapostolsantiago.org\/index.php\/wp-json\/wp\/v2\/media\/94915"}],"wp:attachment":[{"href":"https:\/\/tienda.fapostolsantiago.org\/index.php\/wp-json\/wp\/v2\/media?parent=94682"}],"wp:term":[{"taxonomy":"product_brand","embeddable":true,"href":"https:\/\/tienda.fapostolsantiago.org\/index.php\/wp-json\/wp\/v2\/product_brand?post=94682"},{"taxonomy":"product_cat","embeddable":true,"href":"https:\/\/tienda.fapostolsantiago.org\/index.php\/wp-json\/wp\/v2\/product_cat?post=94682"},{"taxonomy":"product_tag","embeddable":true,"href":"https:\/\/tienda.fapostolsantiago.org\/index.php\/wp-json\/wp\/v2\/product_tag?post=94682"}],"curies":[{"name":"wp","href":"https:\/\/api.w.org\/{rel}","templated":true}]}}