{"id":94694,"date":"2023-12-09T08:20:04","date_gmt":"2023-12-09T08:20:04","guid":{"rendered":"https:\/\/tienda.fapostolsantiago.org\/?post_type=product&#038;p=94694"},"modified":"2026-04-22T09:34:23","modified_gmt":"2026-04-22T09:34:23","slug":"club-basic-skort-women","status":"publish","type":"product","link":"https:\/\/tienda.fapostolsantiago.org\/index.php\/producto\/club-basic-skort-women\/","title":{"rendered":"FALDA CLUB BASIC W"},"content":{"rendered":"<p><strong>Tejido principal<\/strong><\/p>\n<p>92% poli\u00e9ster, 8% elastano, punto sencillo transpirable<\/p>\n<p><strong>Forma<\/strong><\/p>\n<p>regular<\/p>\n","protected":false},"excerpt":{"rendered":"<p>Si lo que buscas es la comodidad de un pantal\u00f3n corto y el estilo de una falda, nosotros te lo ponemos f\u00e1cil. La falda-pantal\u00f3n Club Basic de cintura alta es la combinaci\u00f3n perfecta de confort y estilo en seis colores distintos. Una mezcla especial de materiales te protegen de la humedad, mientras que las aberturas laterales te aportan flexibilidad y el pantal\u00f3n integrado de garantiza un confort adicional.<\/p>\n","protected":false},"featured_media":94884,"template":"","meta":[],"product_brand":[],"product_cat":[234,289],"product_tag":[],"class_list":{"0":"post-94694","1":"product","2":"type-product","3":"status-publish","4":"has-post-thumbnail","6":"product_cat-moda-mujer","7":"product_cat-mujeres-pantalones","9":"first","10":"instock","11":"taxable","12":"shipping-taxable","13":"purchasable","14":"product-type-variable"},"bundled_by":["94892","94902","94917","94922","94928","94933","94997","97344"],"bundle_stock_status":"instock","bundle_stock_quantity":null,"bundle_virtual":false,"bundle_layout":"","bundle_add_to_cart_form_location":"","bundle_editable_in_cart":false,"bundle_sold_individually_context":"","bundle_item_grouping":"","bundle_min_size":"","bundle_max_size":"","bundle_price":[],"bundled_items":[],"bundle_sell_ids":[],"aioseo_notices":[],"jetpack_sharing_enabled":true,"_links":{"self":[{"href":"https:\/\/tienda.fapostolsantiago.org\/index.php\/wp-json\/wp\/v2\/product\/94694","targetHints":{"allow":["GET"]}}],"collection":[{"href":"https:\/\/tienda.fapostolsantiago.org\/index.php\/wp-json\/wp\/v2\/product"}],"about":[{"href":"https:\/\/tienda.fapostolsantiago.org\/index.php\/wp-json\/wp\/v2\/types\/product"}],"version-history":[{"count":2,"href":"https:\/\/tienda.fapostolsantiago.org\/index.php\/wp-json\/wp\/v2\/product\/94694\/revisions"}],"predecessor-version":[{"id":95274,"href":"https:\/\/tienda.fapostolsantiago.org\/index.php\/wp-json\/wp\/v2\/product\/94694\/revisions\/95274"}],"wp:featuredmedia":[{"embeddable":true,"href":"https:\/\/tienda.fapostolsantiago.org\/index.php\/wp-json\/wp\/v2\/media\/94884"}],"wp:attachment":[{"href":"https:\/\/tienda.fapostolsantiago.org\/index.php\/wp-json\/wp\/v2\/media?parent=94694"}],"wp:term":[{"taxonomy":"product_brand","embeddable":true,"href":"https:\/\/tienda.fapostolsantiago.org\/index.php\/wp-json\/wp\/v2\/product_brand?post=94694"},{"taxonomy":"product_cat","embeddable":true,"href":"https:\/\/tienda.fapostolsantiago.org\/index.php\/wp-json\/wp\/v2\/product_cat?post=94694"},{"taxonomy":"product_tag","embeddable":true,"href":"https:\/\/tienda.fapostolsantiago.org\/index.php\/wp-json\/wp\/v2\/product_tag?post=94694"}],"curies":[{"name":"wp","href":"https:\/\/api.w.org\/{rel}","templated":true}]}}