{"id":94706,"date":"2023-12-10T10:41:25","date_gmt":"2023-12-10T10:41:25","guid":{"rendered":"https:\/\/tienda.fapostolsantiago.org\/?post_type=product&#038;p=94706"},"modified":"2025-10-17T10:03:53","modified_gmt":"2025-10-17T10:03:53","slug":"club-basic-skort-women-2","status":"publish","type":"product","link":"https:\/\/tienda.fapostolsantiago.org\/index.php\/producto\/club-basic-skort-women-2\/","title":{"rendered":"PANTALON CLUB W"},"content":{"rendered":"<p><strong>Tejido principal<\/strong><\/p>\n<p>Single jersey 92 % poli\u00e9ster, 8 % elastano<\/p>\n<p><strong>Revestimiento<\/strong><\/p>\n<p>WH: 100% poli\u00e9ster, malla<\/p>\n<p><strong>Forma<\/strong><\/p>\n<p>Regular<\/p>\n","protected":false},"excerpt":{"rendered":"<p>Calentar, relajarse y lo que te apetezca: el pantal\u00f3n Club es una prenda polivalente. Es muy c\u00f3modo, gracias a su mezcla de materiales y su cintura el\u00e1stica. El corte cl\u00e1sico te permite vestir un pantal\u00f3n corto o una falda debajo, mientras que las cremalleras en los bajos te garantizan que podr\u00e1s quit\u00e1rtelo y pon\u00e9rtelo con las zapatillas puestas.<\/p>\n","protected":false},"featured_media":94889,"template":"","meta":[],"product_brand":[],"product_cat":[234,289],"product_tag":[],"class_list":{"0":"post-94706","1":"product","2":"type-product","3":"status-publish","4":"has-post-thumbnail","6":"product_cat-moda-mujer","7":"product_cat-mujeres-pantalones","8":"description-off","10":"first","11":"instock","12":"taxable","13":"shipping-taxable","14":"purchasable","15":"product-type-variable"},"bundled_by":["94902","94922","97350"],"bundle_stock_status":"instock","bundle_stock_quantity":null,"bundle_virtual":false,"bundle_layout":"","bundle_add_to_cart_form_location":"","bundle_editable_in_cart":false,"bundle_sold_individually_context":"","bundle_item_grouping":"","bundle_min_size":"","bundle_max_size":"","bundle_price":[],"bundled_items":[],"bundle_sell_ids":[],"aioseo_notices":[],"jetpack_sharing_enabled":true,"_links":{"self":[{"href":"https:\/\/tienda.fapostolsantiago.org\/index.php\/wp-json\/wp\/v2\/product\/94706","targetHints":{"allow":["GET"]}}],"collection":[{"href":"https:\/\/tienda.fapostolsantiago.org\/index.php\/wp-json\/wp\/v2\/product"}],"about":[{"href":"https:\/\/tienda.fapostolsantiago.org\/index.php\/wp-json\/wp\/v2\/types\/product"}],"version-history":[{"count":5,"href":"https:\/\/tienda.fapostolsantiago.org\/index.php\/wp-json\/wp\/v2\/product\/94706\/revisions"}],"predecessor-version":[{"id":97615,"href":"https:\/\/tienda.fapostolsantiago.org\/index.php\/wp-json\/wp\/v2\/product\/94706\/revisions\/97615"}],"wp:featuredmedia":[{"embeddable":true,"href":"https:\/\/tienda.fapostolsantiago.org\/index.php\/wp-json\/wp\/v2\/media\/94889"}],"wp:attachment":[{"href":"https:\/\/tienda.fapostolsantiago.org\/index.php\/wp-json\/wp\/v2\/media?parent=94706"}],"wp:term":[{"taxonomy":"product_brand","embeddable":true,"href":"https:\/\/tienda.fapostolsantiago.org\/index.php\/wp-json\/wp\/v2\/product_brand?post=94706"},{"taxonomy":"product_cat","embeddable":true,"href":"https:\/\/tienda.fapostolsantiago.org\/index.php\/wp-json\/wp\/v2\/product_cat?post=94706"},{"taxonomy":"product_tag","embeddable":true,"href":"https:\/\/tienda.fapostolsantiago.org\/index.php\/wp-json\/wp\/v2\/product_tag?post=94706"}],"curies":[{"name":"wp","href":"https:\/\/api.w.org\/{rel}","templated":true}]}}