{"id":94729,"date":"2023-12-10T11:39:04","date_gmt":"2023-12-10T11:39:04","guid":{"rendered":"https:\/\/tienda.fapostolsantiago.org\/?post_type=product&#038;p=94729"},"modified":"2026-03-27T10:59:26","modified_gmt":"2026-03-27T10:59:26","slug":"club-22-jacket-boys","status":"publish","type":"product","link":"https:\/\/tienda.fapostolsantiago.org\/index.php\/producto\/club-22-jacket-boys\/","title":{"rendered":"CHAQUETA CLUB JR"},"content":{"rendered":"<p><strong>Tejido principal<\/strong><br \/>\n2\/2 twill woven 100 % poli\u00e9ster<br \/>\n<strong>Revestimiento<\/strong><br \/>\nMesh 100 % poli\u00e9ster<br \/>\n<strong>Forma<\/strong><br \/>\nRegular<\/p>\n","protected":false},"excerpt":{"rendered":"<p>Con una selecci\u00f3n de colores con inserciones de color-blocked, o en blanco, la CLUB 22 Jacket para ni\u00f1o proporciona un estilo moderno y deportivo. Para una comodidad \u00f3ptima, la chaqueta est\u00e1 dise\u00f1ada con la tecnolog\u00eda Moisture Transfer Microfiber de HEAD, que ofrece un efecto refrescante y permite que el material se seque r\u00e1pidamente. La comodidad tambi\u00e9n se ve reforzada por el ribete el\u00e1stico en el dobladillo inferior, el dobladillo de la manga y el cuello. Adem\u00e1s de una cremallera one-way con protecci\u00f3n para la barbilla en el centro de la parte delantera, la chaqueta tiene bolsillos para las manos con dos cremalleras, y una cremallera interior para abrir el forro de mesh dentro del cuerpo.<\/p>\n","protected":false},"featured_media":94954,"template":"","meta":[],"product_brand":[],"product_cat":[290,296,295],"product_tag":[],"class_list":{"0":"post-94729","1":"product","2":"type-product","3":"status-publish","4":"has-post-thumbnail","6":"product_cat-moda-infantil","7":"product_cat-ninas-chaquetas-y-sudaderas","8":"product_cat-ninos-chaquetas-y-sudaderas","9":"description-off","11":"first","12":"instock","13":"taxable","14":"shipping-taxable","15":"purchasable","16":"product-type-variable"},"bundled_by":["94992","95013","95002","95018"],"bundle_stock_status":"instock","bundle_stock_quantity":null,"bundle_virtual":false,"bundle_layout":"","bundle_add_to_cart_form_location":"","bundle_editable_in_cart":false,"bundle_sold_individually_context":"","bundle_item_grouping":"","bundle_min_size":"","bundle_max_size":"","bundle_price":[],"bundled_items":[],"bundle_sell_ids":[],"aioseo_notices":[],"jetpack_sharing_enabled":true,"_links":{"self":[{"href":"https:\/\/tienda.fapostolsantiago.org\/index.php\/wp-json\/wp\/v2\/product\/94729","targetHints":{"allow":["GET"]}}],"collection":[{"href":"https:\/\/tienda.fapostolsantiago.org\/index.php\/wp-json\/wp\/v2\/product"}],"about":[{"href":"https:\/\/tienda.fapostolsantiago.org\/index.php\/wp-json\/wp\/v2\/types\/product"}],"version-history":[{"count":6,"href":"https:\/\/tienda.fapostolsantiago.org\/index.php\/wp-json\/wp\/v2\/product\/94729\/revisions"}],"predecessor-version":[{"id":99620,"href":"https:\/\/tienda.fapostolsantiago.org\/index.php\/wp-json\/wp\/v2\/product\/94729\/revisions\/99620"}],"wp:featuredmedia":[{"embeddable":true,"href":"https:\/\/tienda.fapostolsantiago.org\/index.php\/wp-json\/wp\/v2\/media\/94954"}],"wp:attachment":[{"href":"https:\/\/tienda.fapostolsantiago.org\/index.php\/wp-json\/wp\/v2\/media?parent=94729"}],"wp:term":[{"taxonomy":"product_brand","embeddable":true,"href":"https:\/\/tienda.fapostolsantiago.org\/index.php\/wp-json\/wp\/v2\/product_brand?post=94729"},{"taxonomy":"product_cat","embeddable":true,"href":"https:\/\/tienda.fapostolsantiago.org\/index.php\/wp-json\/wp\/v2\/product_cat?post=94729"},{"taxonomy":"product_tag","embeddable":true,"href":"https:\/\/tienda.fapostolsantiago.org\/index.php\/wp-json\/wp\/v2\/product_tag?post=94729"}],"curies":[{"name":"wp","href":"https:\/\/api.w.org\/{rel}","templated":true}]}}