{"id":94746,"date":"2023-12-10T11:57:06","date_gmt":"2023-12-10T11:57:06","guid":{"rendered":"https:\/\/tienda.fapostolsantiago.org\/?post_type=product&#038;p=94746"},"modified":"2026-03-27T10:59:37","modified_gmt":"2026-03-27T10:59:37","slug":"club-22-tank-top-girls","status":"publish","type":"product","link":"https:\/\/tienda.fapostolsantiago.org\/index.php\/producto\/club-22-tank-top-girls\/","title":{"rendered":"CAMISETA TIRANTES CLUB NI\u00d1A"},"content":{"rendered":"<p><strong>Tejido principal<\/strong><br \/>\nSingle jersey 92 % poli\u00e9ster, 8 % elastano<br \/>\n<strong>Forma<\/strong><br \/>\nRegular<\/p>\n","protected":false},"excerpt":{"rendered":"<p>Las ni\u00f1as se pueden mover libremente con el CLUB 22 Tank Top, que est\u00e1 confeccionado con un material moderno y stretchy que contiene elastano. Tambi\u00e9n est\u00e1 dise\u00f1ado con la tecnolog\u00eda Moisture Transfer Microfiber de HEAD, que proporciona un efecto de refrescante y permite que el tejido se seque r\u00e1pidamente. Con un escote redondo, y una racer back, la camiseta de tirantes est\u00e1 disponible en varios colores, incluso con inserciones color-blocked deportivas.<\/p>\n","protected":false},"featured_media":94953,"template":"","meta":[],"product_brand":[],"product_cat":[290,292],"product_tag":[],"class_list":{"0":"post-94746","1":"product","2":"type-product","3":"status-publish","4":"has-post-thumbnail","6":"product_cat-moda-infantil","7":"product_cat-ninas-camisetas","8":"description-off","10":"first","11":"instock","12":"taxable","13":"shipping-taxable","14":"purchasable","15":"product-type-variable"},"bundled_by":["94992","95013"],"bundle_stock_status":"instock","bundle_stock_quantity":null,"bundle_virtual":false,"bundle_layout":"","bundle_add_to_cart_form_location":"","bundle_editable_in_cart":false,"bundle_sold_individually_context":"","bundle_item_grouping":"","bundle_min_size":"","bundle_max_size":"","bundle_price":[],"bundled_items":[],"bundle_sell_ids":[],"aioseo_notices":[],"jetpack_sharing_enabled":true,"_links":{"self":[{"href":"https:\/\/tienda.fapostolsantiago.org\/index.php\/wp-json\/wp\/v2\/product\/94746","targetHints":{"allow":["GET"]}}],"collection":[{"href":"https:\/\/tienda.fapostolsantiago.org\/index.php\/wp-json\/wp\/v2\/product"}],"about":[{"href":"https:\/\/tienda.fapostolsantiago.org\/index.php\/wp-json\/wp\/v2\/types\/product"}],"version-history":[{"count":4,"href":"https:\/\/tienda.fapostolsantiago.org\/index.php\/wp-json\/wp\/v2\/product\/94746\/revisions"}],"predecessor-version":[{"id":99621,"href":"https:\/\/tienda.fapostolsantiago.org\/index.php\/wp-json\/wp\/v2\/product\/94746\/revisions\/99621"}],"wp:featuredmedia":[{"embeddable":true,"href":"https:\/\/tienda.fapostolsantiago.org\/index.php\/wp-json\/wp\/v2\/media\/94953"}],"wp:attachment":[{"href":"https:\/\/tienda.fapostolsantiago.org\/index.php\/wp-json\/wp\/v2\/media?parent=94746"}],"wp:term":[{"taxonomy":"product_brand","embeddable":true,"href":"https:\/\/tienda.fapostolsantiago.org\/index.php\/wp-json\/wp\/v2\/product_brand?post=94746"},{"taxonomy":"product_cat","embeddable":true,"href":"https:\/\/tienda.fapostolsantiago.org\/index.php\/wp-json\/wp\/v2\/product_cat?post=94746"},{"taxonomy":"product_tag","embeddable":true,"href":"https:\/\/tienda.fapostolsantiago.org\/index.php\/wp-json\/wp\/v2\/product_tag?post=94746"}],"curies":[{"name":"wp","href":"https:\/\/api.w.org\/{rel}","templated":true}]}}