{"id":94763,"date":"2023-12-10T12:08:28","date_gmt":"2023-12-10T12:08:28","guid":{"rendered":"https:\/\/tienda.fapostolsantiago.org\/?post_type=product&#038;p=94763"},"modified":"2026-04-17T18:35:22","modified_gmt":"2026-04-17T18:35:22","slug":"club-22-tech-t-shirt-boys","status":"publish","type":"product","link":"https:\/\/tienda.fapostolsantiago.org\/index.php\/producto\/club-22-tech-t-shirt-boys\/","title":{"rendered":"CAMISETA CLUB JR"},"content":{"rendered":"<p><strong>Tejido principal<\/strong><br \/>\nInterlock 100 % poli\u00e9ster<br \/>\n<strong>Forma<\/strong><br \/>\nregular<\/p>\n","protected":false},"excerpt":{"rendered":"<p>Cuando en un partido o una sesi\u00f3n de entrenamiento empiece a subir la temperatura, los ni\u00f1os agradecer\u00e1n que la CLUB 22 Tech T-Shirt est\u00e9 confeccionada con la tecnolog\u00eda Moisture Transfer Microfiber de HEAD, que ofrece un efecto refrescante y permite que el material se seque r\u00e1pidamente. Con el cuello rib crewneck, la cinta del cuello con la marca HEAD y el wishbone logo, la camiseta ofrece mucho estilo. Elige entre el blanco y una gama de colores con inserciones color-blocked.<\/p>\n","protected":false},"featured_media":94952,"template":"","meta":[],"product_brand":[],"product_cat":[290,292,291],"product_tag":[],"class_list":{"0":"post-94763","1":"product","2":"type-product","3":"status-publish","4":"has-post-thumbnail","6":"product_cat-moda-infantil","7":"product_cat-ninas-camisetas","8":"product_cat-ninos-camisetas","9":"description-off","11":"first","12":"instock","13":"taxable","14":"shipping-taxable","15":"purchasable","16":"product-type-variable"},"bundled_by":["95002","95018"],"bundle_stock_status":"instock","bundle_stock_quantity":null,"bundle_virtual":false,"bundle_layout":"","bundle_add_to_cart_form_location":"","bundle_editable_in_cart":false,"bundle_sold_individually_context":"","bundle_item_grouping":"","bundle_min_size":"","bundle_max_size":"","bundle_price":[],"bundled_items":[],"bundle_sell_ids":[],"aioseo_notices":[],"jetpack_sharing_enabled":true,"_links":{"self":[{"href":"https:\/\/tienda.fapostolsantiago.org\/index.php\/wp-json\/wp\/v2\/product\/94763","targetHints":{"allow":["GET"]}}],"collection":[{"href":"https:\/\/tienda.fapostolsantiago.org\/index.php\/wp-json\/wp\/v2\/product"}],"about":[{"href":"https:\/\/tienda.fapostolsantiago.org\/index.php\/wp-json\/wp\/v2\/types\/product"}],"version-history":[{"count":4,"href":"https:\/\/tienda.fapostolsantiago.org\/index.php\/wp-json\/wp\/v2\/product\/94763\/revisions"}],"predecessor-version":[{"id":99619,"href":"https:\/\/tienda.fapostolsantiago.org\/index.php\/wp-json\/wp\/v2\/product\/94763\/revisions\/99619"}],"wp:featuredmedia":[{"embeddable":true,"href":"https:\/\/tienda.fapostolsantiago.org\/index.php\/wp-json\/wp\/v2\/media\/94952"}],"wp:attachment":[{"href":"https:\/\/tienda.fapostolsantiago.org\/index.php\/wp-json\/wp\/v2\/media?parent=94763"}],"wp:term":[{"taxonomy":"product_brand","embeddable":true,"href":"https:\/\/tienda.fapostolsantiago.org\/index.php\/wp-json\/wp\/v2\/product_brand?post=94763"},{"taxonomy":"product_cat","embeddable":true,"href":"https:\/\/tienda.fapostolsantiago.org\/index.php\/wp-json\/wp\/v2\/product_cat?post=94763"},{"taxonomy":"product_tag","embeddable":true,"href":"https:\/\/tienda.fapostolsantiago.org\/index.php\/wp-json\/wp\/v2\/product_tag?post=94763"}],"curies":[{"name":"wp","href":"https:\/\/api.w.org\/{rel}","templated":true}]}}