{"id":94785,"date":"2023-12-10T12:16:32","date_gmt":"2023-12-10T12:16:32","guid":{"rendered":"https:\/\/tienda.fapostolsantiago.org\/?post_type=product&#038;p=94785"},"modified":"2026-03-16T18:41:33","modified_gmt":"2026-03-16T18:41:33","slug":"club-basic-skort-girls","status":"publish","type":"product","link":"https:\/\/tienda.fapostolsantiago.org\/index.php\/producto\/club-basic-skort-girls\/","title":{"rendered":"FALDA CLUB BASIC NI\u00d1A"},"content":{"rendered":"<p><strong>Tejido principal<\/strong><\/p>\n<p>92% poli\u00e9ster, 8% elastano, punto sencillo transpirable<\/p>\n<p><strong>Forma<\/strong><\/p>\n<p>Regular<\/p>\n","protected":false},"excerpt":{"rendered":"<p>Si lo que buscas es la comodidad de un pantal\u00f3n corto y el estilo de una falda, nosotros te lo ponemos f\u00e1cil. La falda-pantal\u00f3n Club Basic de cintura alta es la combinaci\u00f3n perfecta de confort y estilo en siete colores distintos. Una mezcla especial de materiales te garantiza protecci\u00f3n frente a la humedad, mientras que las aberturas laterales te aportan flexibilidad y el pantal\u00f3n integrado te asegura un confort adicional.<\/p>\n","protected":false},"featured_media":94955,"template":"","meta":[],"product_brand":[],"product_cat":[290,294],"product_tag":[],"class_list":{"0":"post-94785","1":"product","2":"type-product","3":"status-publish","4":"has-post-thumbnail","6":"product_cat-moda-infantil","7":"product_cat-ninas-pantalones","8":"description-off","10":"first","11":"instock","12":"taxable","13":"shipping-taxable","14":"purchasable","15":"product-type-variable"},"bundled_by":["94992","95013"],"bundle_stock_status":"instock","bundle_stock_quantity":null,"bundle_virtual":false,"bundle_layout":"","bundle_add_to_cart_form_location":"","bundle_editable_in_cart":false,"bundle_sold_individually_context":"","bundle_item_grouping":"","bundle_min_size":"","bundle_max_size":"","bundle_price":[],"bundled_items":[],"bundle_sell_ids":[],"aioseo_notices":[],"jetpack_sharing_enabled":true,"_links":{"self":[{"href":"https:\/\/tienda.fapostolsantiago.org\/index.php\/wp-json\/wp\/v2\/product\/94785","targetHints":{"allow":["GET"]}}],"collection":[{"href":"https:\/\/tienda.fapostolsantiago.org\/index.php\/wp-json\/wp\/v2\/product"}],"about":[{"href":"https:\/\/tienda.fapostolsantiago.org\/index.php\/wp-json\/wp\/v2\/types\/product"}],"version-history":[{"count":4,"href":"https:\/\/tienda.fapostolsantiago.org\/index.php\/wp-json\/wp\/v2\/product\/94785\/revisions"}],"predecessor-version":[{"id":95260,"href":"https:\/\/tienda.fapostolsantiago.org\/index.php\/wp-json\/wp\/v2\/product\/94785\/revisions\/95260"}],"wp:featuredmedia":[{"embeddable":true,"href":"https:\/\/tienda.fapostolsantiago.org\/index.php\/wp-json\/wp\/v2\/media\/94955"}],"wp:attachment":[{"href":"https:\/\/tienda.fapostolsantiago.org\/index.php\/wp-json\/wp\/v2\/media?parent=94785"}],"wp:term":[{"taxonomy":"product_brand","embeddable":true,"href":"https:\/\/tienda.fapostolsantiago.org\/index.php\/wp-json\/wp\/v2\/product_brand?post=94785"},{"taxonomy":"product_cat","embeddable":true,"href":"https:\/\/tienda.fapostolsantiago.org\/index.php\/wp-json\/wp\/v2\/product_cat?post=94785"},{"taxonomy":"product_tag","embeddable":true,"href":"https:\/\/tienda.fapostolsantiago.org\/index.php\/wp-json\/wp\/v2\/product_tag?post=94785"}],"curies":[{"name":"wp","href":"https:\/\/api.w.org\/{rel}","templated":true}]}}