{"id":94815,"date":"2023-12-10T12:42:03","date_gmt":"2023-12-10T12:42:03","guid":{"rendered":"https:\/\/tienda.fapostolsantiago.org\/?post_type=product&#038;p=94815"},"modified":"2026-01-12T16:36:52","modified_gmt":"2026-01-12T16:36:52","slug":"club-pants-b","status":"publish","type":"product","link":"https:\/\/tienda.fapostolsantiago.org\/index.php\/producto\/club-pants-b\/","title":{"rendered":"PANTALON CLUB JR"},"content":{"rendered":"<p><strong>Tejido principal<\/strong><\/p>\n<p>100% poli\u00e9ster, sarga 2\/2 de tela transpirable<\/p>\n<p><strong>Revestimiento<\/strong><\/p>\n<p>WH: 100% poli\u00e9ster, malla<\/p>\n<p><strong>Forma<\/strong><\/p>\n<p>Regular<\/p>\n","protected":false},"excerpt":{"rendered":"<p>El pantal\u00f3n Club es ideal para calentar, relajarse y todo lo que surja. Es muy c\u00f3modo, gracias a su mezcla de materiales y su cintura el\u00e1stica. El corte cl\u00e1sico te permite llevar un pantal\u00f3n corto o unas bermudas debajo, mientras que las cremalleras en los bajos te garantizan que podr\u00e1s quit\u00e1rtelo y pon\u00e9rtelo con las zapatillas puestas.<\/p>\n","protected":false},"featured_media":94956,"template":"","meta":[],"product_brand":[],"product_cat":[290,294,293],"product_tag":[],"class_list":{"0":"post-94815","1":"product","2":"type-product","3":"status-publish","4":"has-post-thumbnail","6":"product_cat-moda-infantil","7":"product_cat-ninas-pantalones","8":"product_cat-ninos-pantalones","9":"description-off","11":"first","12":"instock","13":"taxable","14":"shipping-taxable","15":"purchasable","16":"product-type-variable"},"bundled_by":["94992","95002"],"bundle_stock_status":"instock","bundle_stock_quantity":null,"bundle_virtual":false,"bundle_layout":"","bundle_add_to_cart_form_location":"","bundle_editable_in_cart":false,"bundle_sold_individually_context":"","bundle_item_grouping":"","bundle_min_size":"","bundle_max_size":"","bundle_price":[],"bundled_items":[],"bundle_sell_ids":[],"aioseo_notices":[],"jetpack_sharing_enabled":true,"_links":{"self":[{"href":"https:\/\/tienda.fapostolsantiago.org\/index.php\/wp-json\/wp\/v2\/product\/94815","targetHints":{"allow":["GET"]}}],"collection":[{"href":"https:\/\/tienda.fapostolsantiago.org\/index.php\/wp-json\/wp\/v2\/product"}],"about":[{"href":"https:\/\/tienda.fapostolsantiago.org\/index.php\/wp-json\/wp\/v2\/types\/product"}],"version-history":[{"count":6,"href":"https:\/\/tienda.fapostolsantiago.org\/index.php\/wp-json\/wp\/v2\/product\/94815\/revisions"}],"predecessor-version":[{"id":98582,"href":"https:\/\/tienda.fapostolsantiago.org\/index.php\/wp-json\/wp\/v2\/product\/94815\/revisions\/98582"}],"wp:featuredmedia":[{"embeddable":true,"href":"https:\/\/tienda.fapostolsantiago.org\/index.php\/wp-json\/wp\/v2\/media\/94956"}],"wp:attachment":[{"href":"https:\/\/tienda.fapostolsantiago.org\/index.php\/wp-json\/wp\/v2\/media?parent=94815"}],"wp:term":[{"taxonomy":"product_brand","embeddable":true,"href":"https:\/\/tienda.fapostolsantiago.org\/index.php\/wp-json\/wp\/v2\/product_brand?post=94815"},{"taxonomy":"product_cat","embeddable":true,"href":"https:\/\/tienda.fapostolsantiago.org\/index.php\/wp-json\/wp\/v2\/product_cat?post=94815"},{"taxonomy":"product_tag","embeddable":true,"href":"https:\/\/tienda.fapostolsantiago.org\/index.php\/wp-json\/wp\/v2\/product_tag?post=94815"}],"curies":[{"name":"wp","href":"https:\/\/api.w.org\/{rel}","templated":true}]}}