{"id":94992,"date":"2023-12-13T09:52:44","date_gmt":"2023-12-13T09:52:44","guid":{"rendered":"https:\/\/tienda.fapostolsantiago.org\/?post_type=product&#038;p=94992"},"modified":"2024-02-13T07:46:43","modified_gmt":"2024-02-13T07:46:43","slug":"megapack-falda-girls","status":"publish","type":"product","link":"https:\/\/tienda.fapostolsantiago.org\/index.php\/producto\/megapack-falda-girls\/","title":{"rendered":"MEGAPACK FALDA GIRLS"},"content":{"rendered":"<p><strong>Tejido principal<\/strong><br \/>\nInterlock 100% poli\u00e9ster<br \/>\n<strong>Forma<\/strong><br \/>\nregular<\/p>\n","protected":false},"excerpt":{"rendered":"<p>El estilo deportivo de primera calidad viene acompa\u00f1ado de un rendimiento avanzado en el CLUB 22 Tech Polo Shirt para mujer. La tecnolog\u00eda Moisture Transfer Microfiber de HEAD ofrece un efecto refrescante y permite que el material se seque r\u00e1pidamente, mientras que el cuello flatknit rib, la cinta del cuello con la marca HEAD y la tapeta de tres botones con la marca HEAD contribuyen al aspecto. Complementado con el ic\u00f3nico wishbone logo de HEAD, el polo est\u00e1 disponible en blanco y en varios colores con inserciones color-blocked.<\/p>\n","protected":false},"featured_media":95191,"template":"","meta":[],"product_brand":[],"product_cat":[290,292,296,294],"product_tag":[],"class_list":{"0":"post-94992","1":"product","2":"type-product","3":"status-publish","4":"has-post-thumbnail","6":"product_cat-moda-infantil","7":"product_cat-ninas-camisetas","8":"product_cat-ninas-chaquetas-y-sudaderas","9":"product_cat-ninas-pantalones","10":"description-off","12":"first","13":"instock","14":"sale","15":"taxable","16":"shipping-taxable","17":"purchasable","18":"product-type-bundle"},"bundled_by":[],"bundle_stock_status":"instock","bundle_stock_quantity":23,"bundle_virtual":false,"bundle_layout":"default","bundle_add_to_cart_form_location":"default","bundle_editable_in_cart":true,"bundle_sold_individually_context":"product","bundle_item_grouping":"parent","bundle_min_size":4,"bundle_max_size":5,"bundle_price":{"price":{"min":{"incl_tax":"90","excl_tax":"90"},"max":{"incl_tax":"105","excl_tax":"105"}},"regular_price":{"min":{"incl_tax":"111","excl_tax":"111"},"max":{"incl_tax":"132","excl_tax":"132"}}},"bundled_items":[{"bundled_item_id":57,"product_id":94729,"menu_order":0,"quantity_min":1,"quantity_max":1,"quantity_default":1,"priced_individually":false,"shipped_individually":false,"override_title":false,"title":"CHAQUETA CLUB 22 JR","override_description":true,"description":"","optional":false,"hide_thumbnail":false,"discount":"","override_variations":false,"allowed_variations":[],"override_default_variation_attributes":false,"default_variation_attributes":[],"single_product_visibility":"visible","cart_visibility":"visible","order_visibility":"visible","single_product_price_visibility":"visible","cart_price_visibility":"visible","order_price_visibility":"visible","stock_status":"in_stock"},{"bundled_item_id":58,"product_id":94785,"menu_order":1,"quantity_min":1,"quantity_max":1,"quantity_default":1,"priced_individually":false,"shipped_individually":false,"override_title":false,"title":"FALDA CLUB BASIC NI\u00d1A","override_description":true,"description":"","optional":false,"hide_thumbnail":false,"discount":"","override_variations":false,"allowed_variations":[],"override_default_variation_attributes":false,"default_variation_attributes":[],"single_product_visibility":"visible","cart_visibility":"visible","order_visibility":"visible","single_product_price_visibility":"visible","cart_price_visibility":"visible","order_price_visibility":"visible","stock_status":"in_stock"},{"bundled_item_id":59,"product_id":94815,"menu_order":2,"quantity_min":1,"quantity_max":1,"quantity_default":1,"priced_individually":false,"shipped_individually":false,"override_title":false,"title":"PANTALON CLUB JR","override_description":true,"description":"","optional":false,"hide_thumbnail":false,"discount":"","override_variations":false,"allowed_variations":[],"override_default_variation_attributes":false,"default_variation_attributes":[],"single_product_visibility":"visible","cart_visibility":"visible","order_visibility":"visible","single_product_price_visibility":"visible","cart_price_visibility":"visible","order_price_visibility":"visible","stock_status":"in_stock"},{"bundled_item_id":60,"product_id":94746,"menu_order":3,"quantity_min":1,"quantity_max":2,"quantity_default":1,"priced_individually":true,"shipped_individually":false,"override_title":false,"title":"CAMISETA TIRANTES CLUB 22 NI\u00d1A","override_description":true,"description":"","optional":false,"hide_thumbnail":false,"discount":"28.57","override_variations":false,"allowed_variations":[],"override_default_variation_attributes":false,"default_variation_attributes":[],"single_product_visibility":"visible","cart_visibility":"visible","order_visibility":"visible","single_product_price_visibility":"visible","cart_price_visibility":"visible","order_price_visibility":"visible","stock_status":"in_stock"}],"bundle_sell_ids":[],"aioseo_notices":[],"jetpack_sharing_enabled":true,"_links":{"self":[{"href":"https:\/\/tienda.fapostolsantiago.org\/index.php\/wp-json\/wp\/v2\/product\/94992","targetHints":{"allow":["GET"]}}],"collection":[{"href":"https:\/\/tienda.fapostolsantiago.org\/index.php\/wp-json\/wp\/v2\/product"}],"about":[{"href":"https:\/\/tienda.fapostolsantiago.org\/index.php\/wp-json\/wp\/v2\/types\/product"}],"version-history":[{"count":1,"href":"https:\/\/tienda.fapostolsantiago.org\/index.php\/wp-json\/wp\/v2\/product\/94992\/revisions"}],"predecessor-version":[{"id":94996,"href":"https:\/\/tienda.fapostolsantiago.org\/index.php\/wp-json\/wp\/v2\/product\/94992\/revisions\/94996"}],"wp:featuredmedia":[{"embeddable":true,"href":"https:\/\/tienda.fapostolsantiago.org\/index.php\/wp-json\/wp\/v2\/media\/95191"}],"wp:attachment":[{"href":"https:\/\/tienda.fapostolsantiago.org\/index.php\/wp-json\/wp\/v2\/media?parent=94992"}],"wp:term":[{"taxonomy":"product_brand","embeddable":true,"href":"https:\/\/tienda.fapostolsantiago.org\/index.php\/wp-json\/wp\/v2\/product_brand?post=94992"},{"taxonomy":"product_cat","embeddable":true,"href":"https:\/\/tienda.fapostolsantiago.org\/index.php\/wp-json\/wp\/v2\/product_cat?post=94992"},{"taxonomy":"product_tag","embeddable":true,"href":"https:\/\/tienda.fapostolsantiago.org\/index.php\/wp-json\/wp\/v2\/product_tag?post=94992"}],"curies":[{"name":"wp","href":"https:\/\/api.w.org\/{rel}","templated":true}]}}