{"id":95018,"date":"2023-12-13T12:01:43","date_gmt":"2023-12-13T12:01:43","guid":{"rendered":"https:\/\/tienda.fapostolsantiago.org\/?post_type=product&#038;p=95018"},"modified":"2024-02-13T07:44:10","modified_gmt":"2024-02-13T07:44:10","slug":"pack-shorts-child","status":"publish","type":"product","link":"https:\/\/tienda.fapostolsantiago.org\/index.php\/producto\/pack-shorts-child\/","title":{"rendered":"PACK BERMUDAS JR"},"content":{"rendered":"<p><strong>Tejido principal<\/strong><\/p>\n<p>100% poli\u00e9ster, sarga 2\/2 de tela transpirable<\/p>\n<p><strong>Revestimiento<\/strong><\/p>\n<p>WH: 100% poli\u00e9ster, malla<\/p>\n<p><strong>Forma<\/strong>Regular<\/p>\n","protected":false},"excerpt":{"rendered":"<p>El pantal\u00f3n Club es ideal para calentar, relajarse y todo lo que surja. Es muy c\u00f3modo, gracias a su mezcla de materiales y su cintura el\u00e1stica. El corte cl\u00e1sico te permite llevar un pantal\u00f3n corto o unas bermudas debajo, mientras que las cremalleras en los bajos te garantizan que podr\u00e1s quit\u00e1rtelo y pon\u00e9rtelo con las zapatillas puestas.<\/p>\n","protected":false},"featured_media":94959,"template":"","meta":[],"product_brand":[],"product_cat":[290,292,296,294,291,295,293],"product_tag":[],"class_list":{"0":"post-95018","1":"product","2":"type-product","3":"status-publish","4":"has-post-thumbnail","6":"product_cat-moda-infantil","7":"product_cat-ninas-camisetas","8":"product_cat-ninas-chaquetas-y-sudaderas","9":"product_cat-ninas-pantalones","10":"product_cat-ninos-camisetas","11":"product_cat-ninos-chaquetas-y-sudaderas","12":"product_cat-ninos-pantalones","13":"description-off","15":"first","16":"instock","17":"sale","18":"virtual","19":"taxable","20":"purchasable","21":"product-type-bundle"},"bundled_by":[],"bundle_stock_status":"instock","bundle_stock_quantity":23,"bundle_virtual":false,"bundle_layout":"tabular","bundle_add_to_cart_form_location":"after_summary","bundle_editable_in_cart":true,"bundle_sold_individually_context":"product","bundle_item_grouping":"noindent","bundle_min_size":3,"bundle_max_size":4,"bundle_price":{"price":{"min":{"incl_tax":"70","excl_tax":"70"},"max":{"incl_tax":"85","excl_tax":"85"}},"regular_price":{"min":{"incl_tax":"91","excl_tax":"91"},"max":{"incl_tax":"112","excl_tax":"112"}}},"bundled_items":[{"bundled_item_id":69,"product_id":94729,"menu_order":0,"quantity_min":1,"quantity_max":1,"quantity_default":1,"priced_individually":false,"shipped_individually":false,"override_title":false,"title":"CHAQUETA CLUB 22 JR","override_description":true,"description":"","optional":false,"hide_thumbnail":false,"discount":"","override_variations":false,"allowed_variations":[],"override_default_variation_attributes":false,"default_variation_attributes":[],"single_product_visibility":"visible","cart_visibility":"visible","order_visibility":"visible","single_product_price_visibility":"hidden","cart_price_visibility":"visible","order_price_visibility":"visible","stock_status":"in_stock"},{"bundled_item_id":70,"product_id":94802,"menu_order":1,"quantity_min":1,"quantity_max":1,"quantity_default":1,"priced_individually":false,"shipped_individually":false,"override_title":false,"title":"BERMUDAS CLUB JR","override_description":true,"description":"","optional":false,"hide_thumbnail":false,"discount":"","override_variations":false,"allowed_variations":[],"override_default_variation_attributes":false,"default_variation_attributes":[],"single_product_visibility":"visible","cart_visibility":"visible","order_visibility":"visible","single_product_price_visibility":"hidden","cart_price_visibility":"visible","order_price_visibility":"visible","stock_status":"in_stock"},{"bundled_item_id":72,"product_id":94763,"menu_order":2,"quantity_min":1,"quantity_max":2,"quantity_default":1,"priced_individually":true,"shipped_individually":false,"override_title":false,"title":"CAMISETA CLUB 22 JR","override_description":true,"description":"","optional":false,"hide_thumbnail":false,"discount":"28.57","override_variations":false,"allowed_variations":[],"override_default_variation_attributes":false,"default_variation_attributes":[],"single_product_visibility":"visible","cart_visibility":"visible","order_visibility":"visible","single_product_price_visibility":"visible","cart_price_visibility":"visible","order_price_visibility":"visible","stock_status":"in_stock"}],"bundle_sell_ids":[],"aioseo_notices":[],"jetpack_sharing_enabled":true,"_links":{"self":[{"href":"https:\/\/tienda.fapostolsantiago.org\/index.php\/wp-json\/wp\/v2\/product\/95018","targetHints":{"allow":["GET"]}}],"collection":[{"href":"https:\/\/tienda.fapostolsantiago.org\/index.php\/wp-json\/wp\/v2\/product"}],"about":[{"href":"https:\/\/tienda.fapostolsantiago.org\/index.php\/wp-json\/wp\/v2\/types\/product"}],"version-history":[{"count":4,"href":"https:\/\/tienda.fapostolsantiago.org\/index.php\/wp-json\/wp\/v2\/product\/95018\/revisions"}],"predecessor-version":[{"id":95250,"href":"https:\/\/tienda.fapostolsantiago.org\/index.php\/wp-json\/wp\/v2\/product\/95018\/revisions\/95250"}],"wp:featuredmedia":[{"embeddable":true,"href":"https:\/\/tienda.fapostolsantiago.org\/index.php\/wp-json\/wp\/v2\/media\/94959"}],"wp:attachment":[{"href":"https:\/\/tienda.fapostolsantiago.org\/index.php\/wp-json\/wp\/v2\/media?parent=95018"}],"wp:term":[{"taxonomy":"product_brand","embeddable":true,"href":"https:\/\/tienda.fapostolsantiago.org\/index.php\/wp-json\/wp\/v2\/product_brand?post=95018"},{"taxonomy":"product_cat","embeddable":true,"href":"https:\/\/tienda.fapostolsantiago.org\/index.php\/wp-json\/wp\/v2\/product_cat?post=95018"},{"taxonomy":"product_tag","embeddable":true,"href":"https:\/\/tienda.fapostolsantiago.org\/index.php\/wp-json\/wp\/v2\/product_tag?post=95018"}],"curies":[{"name":"wp","href":"https:\/\/api.w.org\/{rel}","templated":true}]}}