{"id":95145,"date":"2023-12-18T03:28:15","date_gmt":"2023-12-18T03:28:15","guid":{"rendered":"https:\/\/store.fapostolsantiago.org\/?post_type=product&#038;p=95145"},"modified":"2024-01-31T22:46:32","modified_gmt":"2024-01-31T22:46:32","slug":"visera-b-rdy","status":"publish","type":"product","link":"https:\/\/tienda.fapostolsantiago.org\/index.php\/producto\/visera-b-rdy\/","title":{"rendered":"SPEED JR. 23"},"content":{"rendered":"<div class=\"mt-4 text-justify\">\n<p>Hecha con un compuesto de grafito ligero, y de 23 pulgadas de largo, la raqueta de tenis IG Speed Jr. 23 est\u00e1 dise\u00f1ada para ni\u00f1os y ni\u00f1as entre 6 y 8 a\u00f1os que se divierten jugando con velocidad y control. Gracias a su peso, su excelente jugabilidad y su moderno dise\u00f1o, se trata de una primera raqueta ideal para que los ni\u00f1os y ni\u00f1as se diviertan en la pista. Mientras que la tecnolog\u00eda Innegra se encarga de la absorci\u00f3n al choque y mejora la estabilidad, la tecnolog\u00eda antivibrador + absorbe la vibraci\u00f3n del impacto antes de que pueda alcanzar el mango, aportando una mejor sensaci\u00f3n de agarre.<\/p>\n<ul>\n<li>Velocidad y control para ni\u00f1os y ni\u00f1as entre 6 y 8 a\u00f1os<\/li>\n<li>Compuesto de grafito ligero<\/li>\n<li>Jugabilidad excelente<\/li>\n<li>Tecnolog\u00eda Innegra para absorci\u00f3n al choque y estabilidad<\/li>\n<li>Tecnolog\u00eda antivibrador + para mejor sensaci\u00f3n de agarre<\/li>\n<li>Dise\u00f1o moderno<\/li>\n<\/ul>\n<\/div>\n","protected":false},"excerpt":{"rendered":"<p>Hecha con un compuesto de grafito ligero, y de 23 pulgadas de largo, la raqueta de tenis IG Speed Jr. 23 est\u00e1 dise\u00f1ada para ni\u00f1os y ni\u00f1as entre 6 y 8 a\u00f1os que se divierten jugando con velocidad y control. Gracias a su peso, su excelente jugabilidad y su moderno dise\u00f1o, se trata de una primera raqueta ideal para que los ni\u00f1os y ni\u00f1as se diviertan en la pista. Mientras que la tecnolog\u00eda Innegra se encarga de la absorci\u00f3n al choque y mejora la estabilidad, la tecnolog\u00eda antivibrador + absorbe la vibraci\u00f3n del impacto antes de que pueda alcanzar el mango, aportando una mejor sensaci\u00f3n de agarre.<\/p>\n","protected":false},"featured_media":95240,"template":"","meta":[],"product_brand":[],"product_cat":[196,311],"product_tag":[],"class_list":{"0":"post-95145","1":"product","2":"type-product","3":"status-publish","4":"has-post-thumbnail","6":"product_cat-accesorios","7":"product_cat-raquetas-tenis","8":"pa_color-orange","9":"description-off","11":"first","12":"instock","13":"taxable","14":"shipping-taxable","15":"purchasable","16":"product-type-simple"},"bundled_by":[],"bundle_stock_status":"instock","bundle_stock_quantity":1,"bundle_virtual":false,"bundle_layout":"","bundle_add_to_cart_form_location":"","bundle_editable_in_cart":false,"bundle_sold_individually_context":"","bundle_item_grouping":"","bundle_min_size":"","bundle_max_size":"","bundle_price":[],"bundled_items":[],"bundle_sell_ids":[],"aioseo_notices":[],"jetpack_sharing_enabled":true,"_links":{"self":[{"href":"https:\/\/tienda.fapostolsantiago.org\/index.php\/wp-json\/wp\/v2\/product\/95145","targetHints":{"allow":["GET"]}}],"collection":[{"href":"https:\/\/tienda.fapostolsantiago.org\/index.php\/wp-json\/wp\/v2\/product"}],"about":[{"href":"https:\/\/tienda.fapostolsantiago.org\/index.php\/wp-json\/wp\/v2\/types\/product"}],"version-history":[{"count":3,"href":"https:\/\/tienda.fapostolsantiago.org\/index.php\/wp-json\/wp\/v2\/product\/95145\/revisions"}],"predecessor-version":[{"id":95530,"href":"https:\/\/tienda.fapostolsantiago.org\/index.php\/wp-json\/wp\/v2\/product\/95145\/revisions\/95530"}],"wp:featuredmedia":[{"embeddable":true,"href":"https:\/\/tienda.fapostolsantiago.org\/index.php\/wp-json\/wp\/v2\/media\/95240"}],"wp:attachment":[{"href":"https:\/\/tienda.fapostolsantiago.org\/index.php\/wp-json\/wp\/v2\/media?parent=95145"}],"wp:term":[{"taxonomy":"product_brand","embeddable":true,"href":"https:\/\/tienda.fapostolsantiago.org\/index.php\/wp-json\/wp\/v2\/product_brand?post=95145"},{"taxonomy":"product_cat","embeddable":true,"href":"https:\/\/tienda.fapostolsantiago.org\/index.php\/wp-json\/wp\/v2\/product_cat?post=95145"},{"taxonomy":"product_tag","embeddable":true,"href":"https:\/\/tienda.fapostolsantiago.org\/index.php\/wp-json\/wp\/v2\/product_tag?post=95145"}],"curies":[{"name":"wp","href":"https:\/\/api.w.org\/{rel}","templated":true}]}}