{"id":95468,"date":"2024-01-31T13:07:50","date_gmt":"2024-01-31T13:07:50","guid":{"rendered":"https:\/\/tienda.fapostolsantiago.org\/?post_type=product&#038;p=95468"},"modified":"2024-01-31T13:33:13","modified_gmt":"2024-01-31T13:33:13","slug":"pro-x-padel-bag-l-yubk","status":"publish","type":"product","link":"https:\/\/tienda.fapostolsantiago.org\/index.php\/producto\/pro-x-padel-bag-l-yubk\/","title":{"rendered":"PRO X PADEL BAG L YUBK"},"content":{"rendered":"<div class=\"mt-4 text-justify\"><\/div>\n<p>Colores<\/p>\n<div class=\"mt-4 text-justify\">\n<p style=\"font-weight: 400;\">corduroy white\/black<\/p>\n<p style=\"font-weight: 400;\">Volumen (l)<\/p>\n<p style=\"font-weight: 400;\">45<\/p>\n<p style=\"font-weight: 400;\">Dimensiones<\/p>\n<p style=\"font-weight: 400;\">60*29*41.5<\/p>\n<p style=\"font-weight: 400;\">Composici\u00f3n exterior<\/p>\n<p style=\"font-weight: 400;\">50% Polyester, 50% PU<\/p>\n<p style=\"font-weight: 400;\">Composici\u00f3n interior<\/p>\n<p style=\"font-weight: 400;\">75% Polyester, 25% TPE<\/p>\n<p style=\"font-weight: 400;\">\n<\/div>\n","protected":false},"excerpt":{"rendered":"<p style=\"font-weight: 400;\">La bolsa PRO X PADEL BAG L YUBK, renovada con un dise\u00f1o moderno y lujoso en blanco roto, ofrece estilo a la par que espacio. Cuenta con dos compartimentos exteriores para tus palas, uno de ellos con la tecnolog\u00eda CCT+ de control t\u00e9rmico para protegerlas de las temperaturas extremas. Adem\u00e1s del compartimento principal y del compartimento para zapatillas, la bolsa PRO X PADEL BAG L YUBK incorpora dos bolsillos exteriores con cremallera para accesorios y otro m\u00e1s en el interior. Gracias a su sistema que permite llevarla como una mochila, podr\u00e1s llevar todo tu equipo c\u00f3modamente a tu pr\u00f3ximo partido. Como ejemplo de c\u00f3mo HEAD est\u00e1 tratando de reducir el uso de pl\u00e1stico, la etiqueta est\u00e1 hecha de papel reciclado y unida a la bolsa con un cordel de c\u00e1\u00f1amo.<\/p>\n<ul>\n<li style=\"font-weight: 400;\">Nuevo dise\u00f1o de lujo en blanco roto<\/li>\n<li style=\"font-weight: 400;\">Amplio espacio con compartimento principal y compartimento para zapatillas<\/li>\n<li style=\"font-weight: 400;\">Dos compartimentos exteriores para llevar las palas<\/li>\n<li style=\"font-weight: 400;\">Tecnolog\u00eda CCT+ de control t\u00e9rmico para proteger las palas<\/li>\n<li style=\"font-weight: 400;\">Sistema de transporte de mochila<\/li>\n<li style=\"font-weight: 400;\">Etiqueta hecha con papel reciclado y cordel de c\u00e1\u00f1amo<\/li>\n<\/ul>\n<p style=\"font-weight: 400;\">\n","protected":false},"featured_media":95478,"template":"","meta":[],"product_brand":[],"product_cat":[196,312],"product_tag":[],"class_list":{"0":"post-95468","1":"product","2":"type-product","3":"status-publish","4":"has-post-thumbnail","6":"product_cat-accesorios","7":"product_cat-bolsos-y-mochilas","8":"pa_color-orange","9":"description-off","11":"first","12":"instock","13":"taxable","14":"shipping-taxable","15":"purchasable","16":"product-type-simple"},"bundled_by":[],"bundle_stock_status":"instock","bundle_stock_quantity":1,"bundle_virtual":false,"bundle_layout":"","bundle_add_to_cart_form_location":"","bundle_editable_in_cart":false,"bundle_sold_individually_context":"","bundle_item_grouping":"","bundle_min_size":"","bundle_max_size":"","bundle_price":[],"bundled_items":[],"bundle_sell_ids":[],"aioseo_notices":[],"jetpack_sharing_enabled":true,"_links":{"self":[{"href":"https:\/\/tienda.fapostolsantiago.org\/index.php\/wp-json\/wp\/v2\/product\/95468","targetHints":{"allow":["GET"]}}],"collection":[{"href":"https:\/\/tienda.fapostolsantiago.org\/index.php\/wp-json\/wp\/v2\/product"}],"about":[{"href":"https:\/\/tienda.fapostolsantiago.org\/index.php\/wp-json\/wp\/v2\/types\/product"}],"version-history":[{"count":4,"href":"https:\/\/tienda.fapostolsantiago.org\/index.php\/wp-json\/wp\/v2\/product\/95468\/revisions"}],"predecessor-version":[{"id":95477,"href":"https:\/\/tienda.fapostolsantiago.org\/index.php\/wp-json\/wp\/v2\/product\/95468\/revisions\/95477"}],"wp:featuredmedia":[{"embeddable":true,"href":"https:\/\/tienda.fapostolsantiago.org\/index.php\/wp-json\/wp\/v2\/media\/95478"}],"wp:attachment":[{"href":"https:\/\/tienda.fapostolsantiago.org\/index.php\/wp-json\/wp\/v2\/media?parent=95468"}],"wp:term":[{"taxonomy":"product_brand","embeddable":true,"href":"https:\/\/tienda.fapostolsantiago.org\/index.php\/wp-json\/wp\/v2\/product_brand?post=95468"},{"taxonomy":"product_cat","embeddable":true,"href":"https:\/\/tienda.fapostolsantiago.org\/index.php\/wp-json\/wp\/v2\/product_cat?post=95468"},{"taxonomy":"product_tag","embeddable":true,"href":"https:\/\/tienda.fapostolsantiago.org\/index.php\/wp-json\/wp\/v2\/product_tag?post=95468"}],"curies":[{"name":"wp","href":"https:\/\/api.w.org\/{rel}","templated":true}]}}