{"id":95531,"date":"2024-01-31T18:49:14","date_gmt":"2024-01-31T18:49:14","guid":{"rendered":"https:\/\/tienda.fapostolsantiago.org\/?post_type=product&#038;p=95531"},"modified":"2026-03-02T09:18:51","modified_gmt":"2026-03-02T09:18:51","slug":"padel-pro-overgrip","status":"publish","type":"product","link":"https:\/\/tienda.fapostolsantiago.org\/index.php\/producto\/padel-pro-overgrip\/","title":{"rendered":"PRO OVERGRIP"},"content":{"rendered":"<div class=\"mt-4 text-justify\">\n<p>Ahora puedes jugar de una manera firme y segura con el nuevo Pro Grip. Un sobregrip creado a partir de una novedosa reacci\u00f3n qu\u00edmica que aumenta el n\u00famero de celdas abiertas en el poliuretano de la superficie para ofrecerte una absorci\u00f3n \u00f3ptima del sudor, evitar la sensaci\u00f3n de humedad y disfrutar del m\u00e1ximo confort por muy disputado que est\u00e9 el partido.<\/p>\n<\/div>\n<p>&nbsp;<\/p>\n","protected":false},"excerpt":{"rendered":"<div class=\"row ng-scope\">\n<div class=\"col-12 ng-scope\">\n<div class=\"row\">\n<div class=\"col-12 col-md-4 label ng-binding\">\n<p>El Pro Grip es el sobregrip preferido de los jugadores, ya que ofrece una mezcla perfecta de confort y adherencia, adem\u00e1s de una excelente absorci\u00f3n del sudor.<\/p>\n<\/div>\n<\/div>\n<\/div>\n<\/div>\n","protected":false},"featured_media":96165,"template":"","meta":[],"product_brand":[],"product_cat":[196,314],"product_tag":[],"class_list":{"0":"post-95531","1":"product","2":"type-product","3":"status-publish","4":"has-post-thumbnail","6":"product_cat-accesorios","7":"product_cat-grip","8":"pa_color-black","9":"pa_color-blue","10":"pa_color-pink","11":"description-off","13":"first","14":"instock","15":"taxable","16":"shipping-taxable","17":"purchasable","18":"product-type-variable"},"bundled_by":[],"bundle_stock_status":"instock","bundle_stock_quantity":null,"bundle_virtual":false,"bundle_layout":"","bundle_add_to_cart_form_location":"","bundle_editable_in_cart":false,"bundle_sold_individually_context":"","bundle_item_grouping":"","bundle_min_size":"","bundle_max_size":"","bundle_price":[],"bundled_items":[],"bundle_sell_ids":[],"aioseo_notices":[],"jetpack_sharing_enabled":true,"_links":{"self":[{"href":"https:\/\/tienda.fapostolsantiago.org\/index.php\/wp-json\/wp\/v2\/product\/95531","targetHints":{"allow":["GET"]}}],"collection":[{"href":"https:\/\/tienda.fapostolsantiago.org\/index.php\/wp-json\/wp\/v2\/product"}],"about":[{"href":"https:\/\/tienda.fapostolsantiago.org\/index.php\/wp-json\/wp\/v2\/types\/product"}],"version-history":[{"count":3,"href":"https:\/\/tienda.fapostolsantiago.org\/index.php\/wp-json\/wp\/v2\/product\/95531\/revisions"}],"predecessor-version":[{"id":95669,"href":"https:\/\/tienda.fapostolsantiago.org\/index.php\/wp-json\/wp\/v2\/product\/95531\/revisions\/95669"}],"wp:featuredmedia":[{"embeddable":true,"href":"https:\/\/tienda.fapostolsantiago.org\/index.php\/wp-json\/wp\/v2\/media\/96165"}],"wp:attachment":[{"href":"https:\/\/tienda.fapostolsantiago.org\/index.php\/wp-json\/wp\/v2\/media?parent=95531"}],"wp:term":[{"taxonomy":"product_brand","embeddable":true,"href":"https:\/\/tienda.fapostolsantiago.org\/index.php\/wp-json\/wp\/v2\/product_brand?post=95531"},{"taxonomy":"product_cat","embeddable":true,"href":"https:\/\/tienda.fapostolsantiago.org\/index.php\/wp-json\/wp\/v2\/product_cat?post=95531"},{"taxonomy":"product_tag","embeddable":true,"href":"https:\/\/tienda.fapostolsantiago.org\/index.php\/wp-json\/wp\/v2\/product_tag?post=95531"}],"curies":[{"name":"wp","href":"https:\/\/api.w.org\/{rel}","templated":true}]}}