{"id":95559,"date":"2024-01-31T19:46:41","date_gmt":"2024-01-31T19:46:41","guid":{"rendered":"https:\/\/tienda.fapostolsantiago.org\/?post_type=product&#038;p=95559"},"modified":"2024-01-31T21:49:33","modified_gmt":"2024-01-31T21:49:33","slug":"maria-19","status":"publish","type":"product","link":"https:\/\/tienda.fapostolsantiago.org\/index.php\/producto\/maria-19\/","title":{"rendered":"MARIA 19"},"content":{"rendered":"<div class=\"mt-4 text-justify\">\n<p><strong>Peso (sin cordaje)<\/strong><\/p>\n<p>175 g \/ 6.2 oz<\/p>\n<p><strong>Patr\u00f3n de encordado<\/strong><\/p>\n<p>16\/17<\/p>\n<p><strong>Tama\u00f1o de cabeza<\/strong><\/p>\n<p>520 cm\u00b2 \/ 81 in\u00b2<\/p>\n<p><strong>Tama\u00f1o de grip<\/strong><\/p>\n<p>000, 0000<\/p>\n<p><strong>Equilibrio<\/strong><\/p>\n<p>230 mm \/ 0.5 in HL<\/p>\n<p><strong>Longitud<\/strong><\/p>\n<p>485 mm \/ 19 in<\/p>\n<p><strong>Beam<\/strong><\/p>\n<p>20 mm<\/p>\n<p><strong>Edad<\/strong><\/p>\n<p>2 &#8211; 4<\/p>\n<\/div>\n","protected":false},"excerpt":{"rendered":"<p>La Maria 19 recibe su nombre de Maria Sharapova, y es la raqueta perfecta para ni\u00f1as de entre 2 y 4 a\u00f1os que quieran probar el tenis por primera vez. Incluye la exclusiva inserci\u00f3n antivibradora Damp+ que a\u00edsla el impacto para reducir la vibraci\u00f3n. La raqueta presenta un nuevo dise\u00f1o inspirado en los cuentos de hadas en un azul claro precioso que har\u00e1 que el coraz\u00f3n de cada ni\u00f1a se acelere un poco. La tarjeta superior de la raqueta tambi\u00e9n se puede usar como m\u00e1scara de animal e incluye pegatinas para un poco m\u00e1s de diversi\u00f3n durante su primera sesi\u00f3n de entrenamiento.<\/p>\n<p style=\"text-align: left;\">\n","protected":false},"featured_media":95560,"template":"","meta":[],"product_brand":[],"product_cat":[196,311],"product_tag":[],"class_list":{"0":"post-95559","1":"product","2":"type-product","3":"status-publish","4":"has-post-thumbnail","6":"product_cat-accesorios","7":"product_cat-raquetas-tenis","8":"pa_color-orange","9":"description-off","11":"first","12":"instock","13":"taxable","14":"shipping-taxable","15":"purchasable","16":"product-type-simple"},"bundled_by":[],"bundle_stock_status":"instock","bundle_stock_quantity":2,"bundle_virtual":false,"bundle_layout":"","bundle_add_to_cart_form_location":"","bundle_editable_in_cart":false,"bundle_sold_individually_context":"","bundle_item_grouping":"","bundle_min_size":"","bundle_max_size":"","bundle_price":[],"bundled_items":[],"bundle_sell_ids":[],"aioseo_notices":[],"jetpack_sharing_enabled":true,"_links":{"self":[{"href":"https:\/\/tienda.fapostolsantiago.org\/index.php\/wp-json\/wp\/v2\/product\/95559","targetHints":{"allow":["GET"]}}],"collection":[{"href":"https:\/\/tienda.fapostolsantiago.org\/index.php\/wp-json\/wp\/v2\/product"}],"about":[{"href":"https:\/\/tienda.fapostolsantiago.org\/index.php\/wp-json\/wp\/v2\/types\/product"}],"version-history":[{"count":8,"href":"https:\/\/tienda.fapostolsantiago.org\/index.php\/wp-json\/wp\/v2\/product\/95559\/revisions"}],"predecessor-version":[{"id":95571,"href":"https:\/\/tienda.fapostolsantiago.org\/index.php\/wp-json\/wp\/v2\/product\/95559\/revisions\/95571"}],"wp:featuredmedia":[{"embeddable":true,"href":"https:\/\/tienda.fapostolsantiago.org\/index.php\/wp-json\/wp\/v2\/media\/95560"}],"wp:attachment":[{"href":"https:\/\/tienda.fapostolsantiago.org\/index.php\/wp-json\/wp\/v2\/media?parent=95559"}],"wp:term":[{"taxonomy":"product_brand","embeddable":true,"href":"https:\/\/tienda.fapostolsantiago.org\/index.php\/wp-json\/wp\/v2\/product_brand?post=95559"},{"taxonomy":"product_cat","embeddable":true,"href":"https:\/\/tienda.fapostolsantiago.org\/index.php\/wp-json\/wp\/v2\/product_cat?post=95559"},{"taxonomy":"product_tag","embeddable":true,"href":"https:\/\/tienda.fapostolsantiago.org\/index.php\/wp-json\/wp\/v2\/product_tag?post=95559"}],"curies":[{"name":"wp","href":"https:\/\/api.w.org\/{rel}","templated":true}]}}