{"id":95581,"date":"2024-01-31T22:56:38","date_gmt":"2024-01-31T22:56:38","guid":{"rendered":"https:\/\/tienda.fapostolsantiago.org\/?post_type=product&#038;p=95581"},"modified":"2024-05-07T10:24:51","modified_gmt":"2024-05-07T10:24:51","slug":"radical-jr-19","status":"publish","type":"product","link":"https:\/\/tienda.fapostolsantiago.org\/index.php\/producto\/radical-jr-19\/","title":{"rendered":"RADICAL JR. 19"},"content":{"rendered":"<div class=\"mt-4 text-justify\">\n<p><strong>Peso<\/strong> (sin cordaje)<br \/>\n175 g \/ 6.2 oz<br \/>\n<strong>Patr\u00f3n de encordado<\/strong><br \/>\n16\/17<br \/>\n<strong>Tama\u00f1o de cabeza<\/strong><br \/>\n520 cm\u00b2 \/ 81 in\u00b2<br \/>\n<strong>Tama\u00f1o de grip<\/strong><br \/>\n000, 0000<br \/>\n<strong>Equilibrio<\/strong><br \/>\n230 mm \/ 0.5 in HL<br \/>\n<strong>Longitud<\/strong><br \/>\n485 mm \/ 19 in<br \/>\n<strong>Beam<\/strong><br \/>\n20 mm<br \/>\n<strong>Edad<\/strong><br \/>\n2 &#8211; 4<\/p>\n<\/div>\n<p>&nbsp;<\/p>\n<div class=\"mt-4 text-justify\">\n<p>&nbsp;<\/p>\n<\/div>\n","protected":false},"excerpt":{"rendered":"<p>Con ayuda de la serie Radical Jr., los ni\u00f1os empiezan a disfrutar del tenis sin contratiempos. La raqueta de aluminio incorpora la exclusiva inserci\u00f3n anti vibradora Damp+ para aislar los impactos y reducir las vibraciones. La Radical 19 es perfecta para ni\u00f1os de 2 a 4 a\u00f1os que aspiran a dominar el juego con versatilidad. Adem\u00e1s, el espectacular nuevo dise\u00f1o inspirado en la colecci\u00f3n Radical subraya la versatilidad de esta raqueta, que tiene todo lo que hay que tener para conquistar la pista siempre.<\/p>\n","protected":false},"featured_media":95586,"template":"","meta":[],"product_brand":[],"product_cat":[196,311],"product_tag":[],"class_list":{"0":"post-95581","1":"product","2":"type-product","3":"status-publish","4":"has-post-thumbnail","6":"product_cat-accesorios","7":"product_cat-raquetas-tenis","8":"pa_color-orange","9":"description-off","11":"first","12":"instock","13":"taxable","14":"shipping-taxable","15":"purchasable","16":"product-type-simple"},"bundled_by":[],"bundle_stock_status":"instock","bundle_stock_quantity":2,"bundle_virtual":false,"bundle_layout":"","bundle_add_to_cart_form_location":"","bundle_editable_in_cart":false,"bundle_sold_individually_context":"","bundle_item_grouping":"","bundle_min_size":"","bundle_max_size":"","bundle_price":[],"bundled_items":[],"bundle_sell_ids":[],"aioseo_notices":[],"jetpack_sharing_enabled":true,"_links":{"self":[{"href":"https:\/\/tienda.fapostolsantiago.org\/index.php\/wp-json\/wp\/v2\/product\/95581","targetHints":{"allow":["GET"]}}],"collection":[{"href":"https:\/\/tienda.fapostolsantiago.org\/index.php\/wp-json\/wp\/v2\/product"}],"about":[{"href":"https:\/\/tienda.fapostolsantiago.org\/index.php\/wp-json\/wp\/v2\/types\/product"}],"version-history":[{"count":1,"href":"https:\/\/tienda.fapostolsantiago.org\/index.php\/wp-json\/wp\/v2\/product\/95581\/revisions"}],"predecessor-version":[{"id":95583,"href":"https:\/\/tienda.fapostolsantiago.org\/index.php\/wp-json\/wp\/v2\/product\/95581\/revisions\/95583"}],"wp:featuredmedia":[{"embeddable":true,"href":"https:\/\/tienda.fapostolsantiago.org\/index.php\/wp-json\/wp\/v2\/media\/95586"}],"wp:attachment":[{"href":"https:\/\/tienda.fapostolsantiago.org\/index.php\/wp-json\/wp\/v2\/media?parent=95581"}],"wp:term":[{"taxonomy":"product_brand","embeddable":true,"href":"https:\/\/tienda.fapostolsantiago.org\/index.php\/wp-json\/wp\/v2\/product_brand?post=95581"},{"taxonomy":"product_cat","embeddable":true,"href":"https:\/\/tienda.fapostolsantiago.org\/index.php\/wp-json\/wp\/v2\/product_cat?post=95581"},{"taxonomy":"product_tag","embeddable":true,"href":"https:\/\/tienda.fapostolsantiago.org\/index.php\/wp-json\/wp\/v2\/product_tag?post=95581"}],"curies":[{"name":"wp","href":"https:\/\/api.w.org\/{rel}","templated":true}]}}