{"id":95605,"date":"2024-01-31T23:47:40","date_gmt":"2024-01-31T23:47:40","guid":{"rendered":"https:\/\/tienda.fapostolsantiago.org\/?post_type=product&#038;p=95605"},"modified":"2024-05-07T10:23:24","modified_gmt":"2024-05-07T10:23:24","slug":"pala-panthom-v2","status":"publish","type":"product","link":"https:\/\/tienda.fapostolsantiago.org\/index.php\/producto\/pala-panthom-v2\/","title":{"rendered":"PALA PANTHOM V2"},"content":{"rendered":"<div class=\"mt-4 text-justify\">\n<p><strong>Balance<\/strong><\/p>\n<p>Control<\/p>\n<p><strong>Composici\u00f3n<\/strong><\/p>\n<p>Goma: Black Eva<\/p>\n<p>Marco: Carbon Tech<\/p>\n<p>Cara: Carbon Tech<\/p>\n<p><strong>Forma<\/strong><\/p>\n<p>Cuadrada<\/p>\n<p><strong>Grosor<\/strong><\/p>\n<p>38 mm<\/p>\n<p><strong>Peso aproximado<\/strong><\/p>\n<p>360-370 g<\/p>\n<p><strong>Nivel<\/strong><\/p>\n<p>Experto<\/p>\n<p><strong>Tecnolog\u00eda<\/strong><\/p>\n<p>Shot Spin, Power Core, Antivibration Handle System, FTP, V-Core<\/p>\n<\/div>\n<p>&nbsp;<\/p>\n<div class=\"mt-4 text-justify\">\n<p>&nbsp;<\/p>\n<\/div>\n","protected":false},"excerpt":{"rendered":"<p>Pala de gama alta con la \u00faltima tecnolog\u00eda desarrollada por Prince para obtener el m\u00e1ximo rendimiento. Goma BLACK EVA para una mayor salida de bola en los golpes r\u00e1pidos. Sistema antivibraci\u00f3n AHS en el pu\u00f1o, con inserci\u00f3n de poliuretano en el n\u00facleo y el\u00e1stomero en el exterior. Construcci\u00f3n FTP, cara texturizada SHOT SPIN, mu\u00f1equera P-WRISTBAND<\/p>\n","protected":false},"featured_media":95607,"template":"","meta":[],"product_brand":[],"product_cat":[196,310],"product_tag":[],"class_list":{"0":"post-95605","1":"product","2":"type-product","3":"status-publish","4":"has-post-thumbnail","6":"product_cat-accesorios","7":"product_cat-palas-padel","8":"pa_color-orange","9":"description-off","11":"first","12":"instock","13":"taxable","14":"shipping-taxable","15":"purchasable","16":"product-type-simple"},"bundled_by":[],"bundle_stock_status":"instock","bundle_stock_quantity":2,"bundle_virtual":false,"bundle_layout":"","bundle_add_to_cart_form_location":"","bundle_editable_in_cart":false,"bundle_sold_individually_context":"","bundle_item_grouping":"","bundle_min_size":"","bundle_max_size":"","bundle_price":[],"bundled_items":[],"bundle_sell_ids":[],"aioseo_notices":[],"jetpack_sharing_enabled":true,"_links":{"self":[{"href":"https:\/\/tienda.fapostolsantiago.org\/index.php\/wp-json\/wp\/v2\/product\/95605","targetHints":{"allow":["GET"]}}],"collection":[{"href":"https:\/\/tienda.fapostolsantiago.org\/index.php\/wp-json\/wp\/v2\/product"}],"about":[{"href":"https:\/\/tienda.fapostolsantiago.org\/index.php\/wp-json\/wp\/v2\/types\/product"}],"version-history":[{"count":3,"href":"https:\/\/tienda.fapostolsantiago.org\/index.php\/wp-json\/wp\/v2\/product\/95605\/revisions"}],"predecessor-version":[{"id":95694,"href":"https:\/\/tienda.fapostolsantiago.org\/index.php\/wp-json\/wp\/v2\/product\/95605\/revisions\/95694"}],"wp:featuredmedia":[{"embeddable":true,"href":"https:\/\/tienda.fapostolsantiago.org\/index.php\/wp-json\/wp\/v2\/media\/95607"}],"wp:attachment":[{"href":"https:\/\/tienda.fapostolsantiago.org\/index.php\/wp-json\/wp\/v2\/media?parent=95605"}],"wp:term":[{"taxonomy":"product_brand","embeddable":true,"href":"https:\/\/tienda.fapostolsantiago.org\/index.php\/wp-json\/wp\/v2\/product_brand?post=95605"},{"taxonomy":"product_cat","embeddable":true,"href":"https:\/\/tienda.fapostolsantiago.org\/index.php\/wp-json\/wp\/v2\/product_cat?post=95605"},{"taxonomy":"product_tag","embeddable":true,"href":"https:\/\/tienda.fapostolsantiago.org\/index.php\/wp-json\/wp\/v2\/product_tag?post=95605"}],"curies":[{"name":"wp","href":"https:\/\/api.w.org\/{rel}","templated":true}]}}