{"id":95610,"date":"2024-01-31T23:51:08","date_gmt":"2024-01-31T23:51:08","guid":{"rendered":"https:\/\/tienda.fapostolsantiago.org\/?post_type=product&#038;p=95610"},"modified":"2024-05-07T10:23:12","modified_gmt":"2024-05-07T10:23:12","slug":"pala-premier-v2","status":"publish","type":"product","link":"https:\/\/tienda.fapostolsantiago.org\/index.php\/producto\/pala-premier-v2\/","title":{"rendered":"PALA PREMIER V2"},"content":{"rendered":"<div class=\"mt-4 text-justify\">\n<p><strong>Balance<\/strong><\/p>\n<p>Potencia<\/p>\n<p><strong>Composici\u00f3n<\/strong><\/p>\n<p>Goma: Eva Power<\/p>\n<p>Marco: Carbon Tech<\/p>\n<p>Cara: Carbon Tech<\/p>\n<p><strong>Forma<\/strong><\/p>\n<p>Cuadrada<\/p>\n<p><strong>Grosor<\/strong><\/p>\n<p>38 mm<\/p>\n<p><strong>Peso aproximado<\/strong><\/p>\n<p>365-375 g<\/p>\n<p><strong>Nivel<\/strong><\/p>\n<p>Experto<\/p>\n<p><strong>Tecnolog\u00eda<\/strong><\/p>\n<p>Shot Spin, Power Core, Antivibration Handle System, FTP, V-Core<\/p>\n<\/div>\n<p>&nbsp;<\/p>\n<div class=\"mt-4 text-justify\">\n<p>&nbsp;<\/p>\n<\/div>\n","protected":false},"excerpt":{"rendered":"<p>Pala de gama alta con la \u00faltima tecnolog\u00eda desarrollada por Prince para obtener el m\u00e1ximo rendimiento. Goma EVA POWER para una potencia m\u00e1xima. Sistema antivibraci\u00f3n AHS en el pu\u00f1o, con inserci\u00f3n de poliuretano en el n\u00facleo y el\u00e1stomero en el exterior. Construcci\u00f3n FTP, cara texturizada SHOT SPIN, mu\u00f1equera P-WRISTBAND<\/p>\n","protected":false},"featured_media":95612,"template":"","meta":[],"product_brand":[],"product_cat":[196,310],"product_tag":[],"class_list":{"0":"post-95610","1":"product","2":"type-product","3":"status-publish","4":"has-post-thumbnail","6":"product_cat-accesorios","7":"product_cat-palas-padel","8":"pa_color-orange","9":"description-off","11":"first","12":"instock","13":"taxable","14":"shipping-taxable","15":"purchasable","16":"product-type-simple"},"bundled_by":[],"bundle_stock_status":"instock","bundle_stock_quantity":2,"bundle_virtual":false,"bundle_layout":"","bundle_add_to_cart_form_location":"","bundle_editable_in_cart":false,"bundle_sold_individually_context":"","bundle_item_grouping":"","bundle_min_size":"","bundle_max_size":"","bundle_price":[],"bundled_items":[],"bundle_sell_ids":[],"aioseo_notices":[],"jetpack_sharing_enabled":true,"_links":{"self":[{"href":"https:\/\/tienda.fapostolsantiago.org\/index.php\/wp-json\/wp\/v2\/product\/95610","targetHints":{"allow":["GET"]}}],"collection":[{"href":"https:\/\/tienda.fapostolsantiago.org\/index.php\/wp-json\/wp\/v2\/product"}],"about":[{"href":"https:\/\/tienda.fapostolsantiago.org\/index.php\/wp-json\/wp\/v2\/types\/product"}],"version-history":[{"count":1,"href":"https:\/\/tienda.fapostolsantiago.org\/index.php\/wp-json\/wp\/v2\/product\/95610\/revisions"}],"predecessor-version":[{"id":95614,"href":"https:\/\/tienda.fapostolsantiago.org\/index.php\/wp-json\/wp\/v2\/product\/95610\/revisions\/95614"}],"wp:featuredmedia":[{"embeddable":true,"href":"https:\/\/tienda.fapostolsantiago.org\/index.php\/wp-json\/wp\/v2\/media\/95612"}],"wp:attachment":[{"href":"https:\/\/tienda.fapostolsantiago.org\/index.php\/wp-json\/wp\/v2\/media?parent=95610"}],"wp:term":[{"taxonomy":"product_brand","embeddable":true,"href":"https:\/\/tienda.fapostolsantiago.org\/index.php\/wp-json\/wp\/v2\/product_brand?post=95610"},{"taxonomy":"product_cat","embeddable":true,"href":"https:\/\/tienda.fapostolsantiago.org\/index.php\/wp-json\/wp\/v2\/product_cat?post=95610"},{"taxonomy":"product_tag","embeddable":true,"href":"https:\/\/tienda.fapostolsantiago.org\/index.php\/wp-json\/wp\/v2\/product_tag?post=95610"}],"curies":[{"name":"wp","href":"https:\/\/api.w.org\/{rel}","templated":true}]}}