{"id":96365,"date":"2024-06-03T08:06:41","date_gmt":"2024-06-03T08:06:41","guid":{"rendered":"https:\/\/tienda.fapostolsantiago.org\/?post_type=product&#038;p=96365"},"modified":"2025-03-24T10:39:25","modified_gmt":"2025-03-24T10:39:25","slug":"socks-3p-sneaker","status":"publish","type":"product","link":"https:\/\/tienda.fapostolsantiago.org\/index.php\/producto\/socks-3p-sneaker\/","title":{"rendered":"CALCETINES 3P SNEAKER"},"content":{"rendered":"<ul>\n<li>borde de canal\u00e9 1&#215;1<\/li>\n<li>Algod\u00f3n para un tacto suave y comodidad<\/li>\n<li>Tal\u00f3n perfectamente moldeado<\/li>\n<li>Costura flat toe<\/li>\n<\/ul>\n","protected":false},"excerpt":{"rendered":"<div class=\"collapsible-content ng-scope\">\n<div class=\"row ng-scope\">\n<div class=\"col-12 ng-scope\" style=\"box-sizing: border-box; position: relative; width: 590px; min-height: 1px; padding-right: 5px; padding-left: 5px; flex: 0 0 100%; max-width: 100%;\"><span class=\"ng-binding\" style=\"box-sizing: border-box;\">Para una \u00abcomodidad oculta\u00bb, los SOCKS 3P SNEAKER de corte bajo tienen un tal\u00f3n perfectamente moldeado y vienen con un borde de canal\u00e9 1&#215;1 y algod\u00f3n suave al tacto. Los calcetines, que tienen una costura flat toe, se completan con un HEAD logo y nuestro wishbone logo. <\/span><\/div>\n<\/div>\n<\/div>\n","protected":false},"featured_media":96368,"template":"","meta":[],"product_brand":[],"product_cat":[196,321],"product_tag":[],"class_list":{"0":"post-96365","1":"product","2":"type-product","3":"status-publish","4":"has-post-thumbnail","6":"product_cat-accesorios","7":"product_cat-calcetines","8":"pa_color-black","9":"pa_color-white","10":"description-off","12":"first","13":"instock","14":"taxable","15":"shipping-taxable","16":"purchasable","17":"product-type-variable"},"bundled_by":[],"bundle_stock_status":"instock","bundle_stock_quantity":null,"bundle_virtual":false,"bundle_layout":"","bundle_add_to_cart_form_location":"","bundle_editable_in_cart":false,"bundle_sold_individually_context":"","bundle_item_grouping":"","bundle_min_size":"","bundle_max_size":"","bundle_price":[],"bundled_items":[],"bundle_sell_ids":[],"aioseo_notices":[],"jetpack_sharing_enabled":true,"_links":{"self":[{"href":"https:\/\/tienda.fapostolsantiago.org\/index.php\/wp-json\/wp\/v2\/product\/96365","targetHints":{"allow":["GET"]}}],"collection":[{"href":"https:\/\/tienda.fapostolsantiago.org\/index.php\/wp-json\/wp\/v2\/product"}],"about":[{"href":"https:\/\/tienda.fapostolsantiago.org\/index.php\/wp-json\/wp\/v2\/types\/product"}],"version-history":[{"count":4,"href":"https:\/\/tienda.fapostolsantiago.org\/index.php\/wp-json\/wp\/v2\/product\/96365\/revisions"}],"predecessor-version":[{"id":98855,"href":"https:\/\/tienda.fapostolsantiago.org\/index.php\/wp-json\/wp\/v2\/product\/96365\/revisions\/98855"}],"wp:featuredmedia":[{"embeddable":true,"href":"https:\/\/tienda.fapostolsantiago.org\/index.php\/wp-json\/wp\/v2\/media\/96368"}],"wp:attachment":[{"href":"https:\/\/tienda.fapostolsantiago.org\/index.php\/wp-json\/wp\/v2\/media?parent=96365"}],"wp:term":[{"taxonomy":"product_brand","embeddable":true,"href":"https:\/\/tienda.fapostolsantiago.org\/index.php\/wp-json\/wp\/v2\/product_brand?post=96365"},{"taxonomy":"product_cat","embeddable":true,"href":"https:\/\/tienda.fapostolsantiago.org\/index.php\/wp-json\/wp\/v2\/product_cat?post=96365"},{"taxonomy":"product_tag","embeddable":true,"href":"https:\/\/tienda.fapostolsantiago.org\/index.php\/wp-json\/wp\/v2\/product_tag?post=96365"}],"curies":[{"name":"wp","href":"https:\/\/api.w.org\/{rel}","templated":true}]}}