{"id":96403,"date":"2024-06-06T05:49:53","date_gmt":"2024-06-06T05:49:53","guid":{"rendered":"https:\/\/tienda.fapostolsantiago.org\/?post_type=product&#038;p=96403"},"modified":"2026-03-02T18:41:32","modified_gmt":"2026-03-02T18:41:32","slug":"calcetines-3p-performance","status":"publish","type":"product","link":"https:\/\/tienda.fapostolsantiago.org\/index.php\/producto\/calcetines-3p-performance\/","title":{"rendered":"CALCETINES 3P PERFORMANCE"},"content":{"rendered":"<ul>\n<li>parte superior confortable<\/li>\n<li>mezcla t\u00e9cnica de poli\u00e9ster y algod\u00f3n<\/li>\n<li>canal de aire<\/li>\n<li>soporte para el arco del pie<\/li>\n<li>suela acolchada para la absorci\u00f3n de impactos<\/li>\n<\/ul>\n","protected":false},"excerpt":{"rendered":"<div class=\"collapsible-content ng-scope\">\n<div class=\"row ng-scope\"><span class=\"ng-binding\" style=\"font-style: normal; font-variant-caps: normal; font-weight: 400; letter-spacing: normal; orphans: auto; text-indent: 0px; text-transform: none; white-space: normal; widows: auto; word-spacing: 0px; -webkit-text-stroke-width: 0px; text-decoration: none; box-sizing: border-box; caret-color: #7d7d7d; color: #7d7d7d; font-family: Roboto, Arial, sans-serif; font-size: 14px; text-align: left;\">Los calcetines 3P PERFORMANCE ofrecen absorci\u00f3n de impactos, sujeci\u00f3n y el HEAD logo. Confeccionados con una mezcla t\u00e9cnica de poli\u00e9ster y algod\u00f3n, estos calcetines tienen una parte superior confortable y una suela acolchada para absorber los impactos, as\u00ed como mesh en el pie y soporte para el arco. Con la raya y el HEAD logo, los calcetines tienen un dise\u00f1o deportivo y contempor\u00e1neo. <\/span><\/div>\n<\/div>\n","protected":false},"featured_media":96418,"template":"","meta":[],"product_brand":[],"product_cat":[196,321],"product_tag":[],"class_list":{"0":"post-96403","1":"product","2":"type-product","3":"status-publish","4":"has-post-thumbnail","6":"product_cat-accesorios","7":"product_cat-calcetines","8":"pa_color-black","9":"pa_color-white","10":"description-off","12":"first","13":"instock","14":"taxable","15":"shipping-taxable","16":"purchasable","17":"product-type-variable"},"bundled_by":[],"bundle_stock_status":"instock","bundle_stock_quantity":null,"bundle_virtual":false,"bundle_layout":"","bundle_add_to_cart_form_location":"","bundle_editable_in_cart":false,"bundle_sold_individually_context":"","bundle_item_grouping":"","bundle_min_size":"","bundle_max_size":"","bundle_price":[],"bundled_items":[],"bundle_sell_ids":[],"aioseo_notices":[],"jetpack_sharing_enabled":true,"_links":{"self":[{"href":"https:\/\/tienda.fapostolsantiago.org\/index.php\/wp-json\/wp\/v2\/product\/96403","targetHints":{"allow":["GET"]}}],"collection":[{"href":"https:\/\/tienda.fapostolsantiago.org\/index.php\/wp-json\/wp\/v2\/product"}],"about":[{"href":"https:\/\/tienda.fapostolsantiago.org\/index.php\/wp-json\/wp\/v2\/types\/product"}],"version-history":[{"count":1,"href":"https:\/\/tienda.fapostolsantiago.org\/index.php\/wp-json\/wp\/v2\/product\/96403\/revisions"}],"predecessor-version":[{"id":96410,"href":"https:\/\/tienda.fapostolsantiago.org\/index.php\/wp-json\/wp\/v2\/product\/96403\/revisions\/96410"}],"wp:featuredmedia":[{"embeddable":true,"href":"https:\/\/tienda.fapostolsantiago.org\/index.php\/wp-json\/wp\/v2\/media\/96418"}],"wp:attachment":[{"href":"https:\/\/tienda.fapostolsantiago.org\/index.php\/wp-json\/wp\/v2\/media?parent=96403"}],"wp:term":[{"taxonomy":"product_brand","embeddable":true,"href":"https:\/\/tienda.fapostolsantiago.org\/index.php\/wp-json\/wp\/v2\/product_brand?post=96403"},{"taxonomy":"product_cat","embeddable":true,"href":"https:\/\/tienda.fapostolsantiago.org\/index.php\/wp-json\/wp\/v2\/product_cat?post=96403"},{"taxonomy":"product_tag","embeddable":true,"href":"https:\/\/tienda.fapostolsantiago.org\/index.php\/wp-json\/wp\/v2\/product_tag?post=96403"}],"curies":[{"name":"wp","href":"https:\/\/api.w.org\/{rel}","templated":true}]}}