{"id":97066,"date":"2024-10-17T08:22:35","date_gmt":"2024-10-17T08:22:35","guid":{"rendered":"https:\/\/tienda.fapostolsantiago.org\/?post_type=product&#038;p=97066"},"modified":"2026-05-01T09:25:04","modified_gmt":"2026-05-01T09:25:04","slug":"3b-head-tour-xt-single-can","status":"publish","type":"product","link":"https:\/\/tienda.fapostolsantiago.org\/index.php\/producto\/3b-head-tour-xt-single-can\/","title":{"rendered":"3B HEAD TOUR XT SINGLE CAN"},"content":{"rendered":"<ul>\n<li>Contacto potenciado<\/li>\n<li>Mayor velocidad<\/li>\n<li>Mayor duraci\u00f3n<\/li>\n<\/ul>\n<p>Recomendada para altas temperaturas y pistas con arcilla r\u00e1pida\/ dura<\/p>\n","protected":false},"excerpt":{"rendered":"<p>Afina a\u00fan m\u00e1s tu juego de precisi\u00f3n con la pelota de tenis de primera calidad HEAD TOUR XT, que se suministra ahora en un nuevo embalaje m\u00e1s sostenible fabricado con menos pl\u00e1stico y m\u00e1s f\u00e1cil de reciclar. La pelota HEAD TOUR XT, ideal para climas c\u00e1lidos y pistas de tierra batida o duras, se ha desarrollado y probado minuciosamente durante m\u00e1s de dos a\u00f1os en el laboratorio y en la pista con jugadores de tenis profesionales. El resultado es una pelota que, con su tecnolog\u00eda Impact (EN)Core, ofrece un tacto \u00fanico, un control sencillo y una precisi\u00f3n superior, adem\u00e1s de una mayor duraci\u00f3n.<\/p>\n","protected":false},"featured_media":97067,"template":"","meta":[],"product_brand":[],"product_cat":[196,248],"product_tag":[],"class_list":{"0":"post-97066","1":"product","2":"type-product","3":"status-publish","4":"has-post-thumbnail","6":"product_cat-accesorios","7":"product_cat-pelotas-tenis","8":"description-off","10":"first","11":"instock","12":"taxable","13":"shipping-taxable","14":"purchasable","15":"product-type-simple"},"bundled_by":[],"bundle_stock_status":"instock","bundle_stock_quantity":27,"bundle_virtual":false,"bundle_layout":"","bundle_add_to_cart_form_location":"","bundle_editable_in_cart":false,"bundle_sold_individually_context":"","bundle_item_grouping":"","bundle_min_size":"","bundle_max_size":"","bundle_price":[],"bundled_items":[],"bundle_sell_ids":[],"aioseo_notices":[],"jetpack_sharing_enabled":true,"_links":{"self":[{"href":"https:\/\/tienda.fapostolsantiago.org\/index.php\/wp-json\/wp\/v2\/product\/97066","targetHints":{"allow":["GET"]}}],"collection":[{"href":"https:\/\/tienda.fapostolsantiago.org\/index.php\/wp-json\/wp\/v2\/product"}],"about":[{"href":"https:\/\/tienda.fapostolsantiago.org\/index.php\/wp-json\/wp\/v2\/types\/product"}],"version-history":[{"count":1,"href":"https:\/\/tienda.fapostolsantiago.org\/index.php\/wp-json\/wp\/v2\/product\/97066\/revisions"}],"predecessor-version":[{"id":97070,"href":"https:\/\/tienda.fapostolsantiago.org\/index.php\/wp-json\/wp\/v2\/product\/97066\/revisions\/97070"}],"wp:featuredmedia":[{"embeddable":true,"href":"https:\/\/tienda.fapostolsantiago.org\/index.php\/wp-json\/wp\/v2\/media\/97067"}],"wp:attachment":[{"href":"https:\/\/tienda.fapostolsantiago.org\/index.php\/wp-json\/wp\/v2\/media?parent=97066"}],"wp:term":[{"taxonomy":"product_brand","embeddable":true,"href":"https:\/\/tienda.fapostolsantiago.org\/index.php\/wp-json\/wp\/v2\/product_brand?post=97066"},{"taxonomy":"product_cat","embeddable":true,"href":"https:\/\/tienda.fapostolsantiago.org\/index.php\/wp-json\/wp\/v2\/product_cat?post=97066"},{"taxonomy":"product_tag","embeddable":true,"href":"https:\/\/tienda.fapostolsantiago.org\/index.php\/wp-json\/wp\/v2\/product_tag?post=97066"}],"curies":[{"name":"wp","href":"https:\/\/api.w.org\/{rel}","templated":true}]}}