{"id":97302,"date":"2024-12-02T07:08:07","date_gmt":"2024-12-02T07:08:07","guid":{"rendered":"https:\/\/tienda.fapostolsantiago.org\/?post_type=product&#038;p=97302"},"modified":"2026-04-13T18:59:33","modified_gmt":"2026-04-13T18:59:33","slug":"3b-head-padel-pro-6dz-2","status":"publish","type":"product","link":"https:\/\/tienda.fapostolsantiago.org\/index.php\/producto\/3b-head-padel-pro-6dz-2\/","title":{"rendered":"3B HEAD PADEL PRO+ &#8211; 6DZ"},"content":{"rendered":"<p><span class=\"ng-binding\" style=\"font-style: normal; font-weight: 400; letter-spacing: normal; text-indent: 0px; text-transform: none; text-decoration: none; color: #7d7d7d; font-family: Roboto, Arial, sans-serif; font-size: 14px; text-align: left;\">\u00b7 Bote con 3 pelotas de P\u00e1del<br \/>\n<\/span><span class=\"ng-binding\" style=\"font-style: normal; font-weight: 400; letter-spacing: normal; text-indent: 0px; text-transform: none; text-decoration: none; color: #7d7d7d; font-family: Roboto, Arial, sans-serif; font-size: 14px; text-align: left;\">\u00b7 Excelente control<br \/>\n\u00b7 Pelota oficial de la Federaci\u00f3n Espa\u00f1ola de P\u00e1del<br \/>\n\u00b7 Nueva f\u00f3rmula para el n\u00facleo que mantiene la presi\u00f3n durante m\u00e1s tiempo<br \/>\n\u00b7 El nuevo fieltro se ha desarrollado exclusivamente para p\u00e1del y mejora la durabilidad<br \/>\n\u00b7 Pared m\u00e1s delgada para un mayor control<br \/>\n\u00b7 Es m\u00e1s f\u00e1cil reciclar un nuevo dise\u00f1o de tubo m\u00e1s sostenible<br \/>\n\u00b7 Puede fabricarse con un 35 % de PET reciclado<br \/>\n\u00b7 La manga es m\u00e1s corta y est\u00e1 hecha con polipropileno, un material reciclable<br \/>\n\u00b7 Las m\u00e1quinas detectan f\u00e1cilmente el PET y env\u00edan el bote al flujo de reciclaje correcto<\/span><\/p>\n","protected":false},"excerpt":{"rendered":"<p><span class=\"ng-binding\" style=\"font-style: normal; font-weight: 400; letter-spacing: normal; text-indent: 0px; text-transform: none; text-decoration: none; color: #7d7d7d; font-family: Roboto, Arial, sans-serif; font-size: 14px; text-align: left;\">Bote con 3 pelotas de P\u00e1del. <\/span>Con un n\u00facleo fabricado a partir de una nueva f\u00f3rmula -que mantiene su presi\u00f3n durante m\u00e1s tiempo-, adem\u00e1s de un nuevo fieltro desarrollado exclusivamente para p\u00e1del, la HEAD PADEL PRO+ es ahora m\u00e1s duradera. Adem\u00e1s, su pared m\u00e1s delgada hace que sea m\u00e1s f\u00e1cil de controlar. Popular entre los jugadores m\u00e1s exigentes que buscan un control excepcional, es la pelota oficial de la Federaci\u00f3n Espa\u00f1ola de P\u00e1del y est\u00e1 envasada de forma m\u00e1s sostenible con un nuevo dise\u00f1o que hace que el tubo sea m\u00e1s ecol\u00f3gico y f\u00e1cil de reciclar.<\/p>\n","protected":false},"featured_media":97305,"template":"","meta":[],"product_brand":[],"product_cat":[196,249],"product_tag":[],"class_list":{"0":"post-97302","1":"product","2":"type-product","3":"status-publish","4":"has-post-thumbnail","6":"product_cat-accesorios","7":"product_cat-pelotas-padel","8":"description-off","10":"first","11":"instock","12":"taxable","13":"shipping-taxable","14":"purchasable","15":"product-type-simple"},"bundled_by":[],"bundle_stock_status":"instock","bundle_stock_quantity":53,"bundle_virtual":false,"bundle_layout":"","bundle_add_to_cart_form_location":"","bundle_editable_in_cart":false,"bundle_sold_individually_context":"","bundle_item_grouping":"","bundle_min_size":"","bundle_max_size":"","bundle_price":[],"bundled_items":[],"bundle_sell_ids":[],"aioseo_notices":[],"jetpack_sharing_enabled":true,"_links":{"self":[{"href":"https:\/\/tienda.fapostolsantiago.org\/index.php\/wp-json\/wp\/v2\/product\/97302","targetHints":{"allow":["GET"]}}],"collection":[{"href":"https:\/\/tienda.fapostolsantiago.org\/index.php\/wp-json\/wp\/v2\/product"}],"about":[{"href":"https:\/\/tienda.fapostolsantiago.org\/index.php\/wp-json\/wp\/v2\/types\/product"}],"version-history":[{"count":4,"href":"https:\/\/tienda.fapostolsantiago.org\/index.php\/wp-json\/wp\/v2\/product\/97302\/revisions"}],"predecessor-version":[{"id":97799,"href":"https:\/\/tienda.fapostolsantiago.org\/index.php\/wp-json\/wp\/v2\/product\/97302\/revisions\/97799"}],"wp:featuredmedia":[{"embeddable":true,"href":"https:\/\/tienda.fapostolsantiago.org\/index.php\/wp-json\/wp\/v2\/media\/97305"}],"wp:attachment":[{"href":"https:\/\/tienda.fapostolsantiago.org\/index.php\/wp-json\/wp\/v2\/media?parent=97302"}],"wp:term":[{"taxonomy":"product_brand","embeddable":true,"href":"https:\/\/tienda.fapostolsantiago.org\/index.php\/wp-json\/wp\/v2\/product_brand?post=97302"},{"taxonomy":"product_cat","embeddable":true,"href":"https:\/\/tienda.fapostolsantiago.org\/index.php\/wp-json\/wp\/v2\/product_cat?post=97302"},{"taxonomy":"product_tag","embeddable":true,"href":"https:\/\/tienda.fapostolsantiago.org\/index.php\/wp-json\/wp\/v2\/product_tag?post=97302"}],"curies":[{"name":"wp","href":"https:\/\/api.w.org\/{rel}","templated":true}]}}