{"id":97327,"date":"2024-12-04T17:27:42","date_gmt":"2024-12-04T17:27:42","guid":{"rendered":"https:\/\/tienda.fapostolsantiago.org\/?post_type=product&#038;p=97327"},"modified":"2024-12-04T19:30:20","modified_gmt":"2024-12-04T19:30:20","slug":"club-pack-polo-bermuda-chaqueta-toalla-men","status":"publish","type":"product","link":"https:\/\/tienda.fapostolsantiago.org\/index.php\/producto\/club-pack-polo-bermuda-chaqueta-toalla-men\/","title":{"rendered":"CLUB PACK POLO  BERMUDA CHAQUETA TOALLA MEN"},"content":{"rendered":"<p><strong>Tejido principal<\/strong><\/p>\n<p>100% poli\u00e9ster, sarga 2\/2 de tela transpirable<\/p>\n<p><strong>Revestimiento<\/strong><\/p>\n<p>WH: 100% poli\u00e9ster, malla<\/p>\n<p><strong>Forma<\/strong>Regular<\/p>\n","protected":false},"excerpt":{"rendered":"<p>El pantal\u00f3n Club es ideal para calentar, relajarse y todo lo que surja. Es muy c\u00f3modo, gracias a su mezcla de materiales y su cintura el\u00e1stica. El corte cl\u00e1sico te permite llevar un pantal\u00f3n corto o unas bermudas debajo, mientras que las cremalleras en los bajos te garantizan que podr\u00e1s quit\u00e1rtelo y pon\u00e9rtelo con las zapatillas puestas.<\/p>\n","protected":false},"featured_media":97331,"template":"","meta":[],"product_brand":[],"product_cat":[253,250,251,233],"product_tag":[],"class_list":{"0":"post-97327","1":"product","2":"type-product","3":"status-publish","4":"has-post-thumbnail","6":"product_cat-hombre-pantalones","7":"product_cat-hombres-camisetas","8":"product_cat-hombres-chaquetas-y-sudaderas","9":"product_cat-moda-hombre","10":"description-off","12":"first","13":"instock","14":"sale","15":"taxable","16":"shipping-taxable","17":"purchasable","18":"product-type-bundle"},"bundled_by":[],"bundle_stock_status":"instock","bundle_stock_quantity":30,"bundle_virtual":false,"bundle_layout":"default","bundle_add_to_cart_form_location":"default","bundle_editable_in_cart":true,"bundle_sold_individually_context":"product","bundle_item_grouping":"parent","bundle_min_size":4,"bundle_max_size":4,"bundle_price":{"price":{"min":{"incl_tax":"96","excl_tax":"96"},"max":{"incl_tax":"96","excl_tax":"96"}},"regular_price":{"min":{"incl_tax":"111","excl_tax":"111"},"max":{"incl_tax":"111","excl_tax":"111"}}},"bundled_items":[{"bundled_item_id":78,"product_id":94566,"menu_order":0,"quantity_min":1,"quantity_max":1,"quantity_default":1,"priced_individually":false,"shipped_individually":false,"override_title":false,"title":"CHAQUETA CLUB 22 M","override_description":true,"description":"","optional":false,"hide_thumbnail":false,"discount":"","override_variations":false,"allowed_variations":[],"override_default_variation_attributes":false,"default_variation_attributes":[],"single_product_visibility":"visible","cart_visibility":"visible","order_visibility":"visible","single_product_price_visibility":"visible","cart_price_visibility":"visible","order_price_visibility":"visible","stock_status":"in_stock"},{"bundled_item_id":79,"product_id":94624,"menu_order":1,"quantity_min":1,"quantity_max":1,"quantity_default":1,"priced_individually":false,"shipped_individually":false,"override_title":false,"title":"BERMUDAS CLUB 22 M","override_description":true,"description":"","optional":false,"hide_thumbnail":false,"discount":"","override_variations":false,"allowed_variations":[],"override_default_variation_attributes":false,"default_variation_attributes":[],"single_product_visibility":"visible","cart_visibility":"visible","order_visibility":"visible","single_product_price_visibility":"visible","cart_price_visibility":"visible","order_price_visibility":"visible","stock_status":"in_stock"},{"bundled_item_id":80,"product_id":94588,"menu_order":2,"quantity_min":1,"quantity_max":2,"quantity_default":1,"priced_individually":false,"shipped_individually":false,"override_title":false,"title":"POLO CLUB 22 TECH M","override_description":true,"description":"","optional":false,"hide_thumbnail":false,"discount":"","override_variations":false,"allowed_variations":[],"override_default_variation_attributes":false,"default_variation_attributes":[],"single_product_visibility":"visible","cart_visibility":"visible","order_visibility":"visible","single_product_price_visibility":"hidden","cart_price_visibility":"hidden","order_price_visibility":"hidden","stock_status":"in_stock"},{"bundled_item_id":81,"product_id":97075,"menu_order":3,"quantity_min":1,"quantity_max":1,"quantity_default":1,"priced_individually":false,"shipped_individually":false,"override_title":false,"title":"TOALLA HEAD L","override_description":true,"description":"","optional":false,"hide_thumbnail":false,"discount":"","override_variations":false,"allowed_variations":[],"override_default_variation_attributes":false,"default_variation_attributes":[],"single_product_visibility":"visible","cart_visibility":"visible","order_visibility":"visible","single_product_price_visibility":"visible","cart_price_visibility":"visible","order_price_visibility":"visible","stock_status":"in_stock"}],"bundle_sell_ids":[],"aioseo_notices":[],"jetpack_sharing_enabled":true,"_links":{"self":[{"href":"https:\/\/tienda.fapostolsantiago.org\/index.php\/wp-json\/wp\/v2\/product\/97327","targetHints":{"allow":["GET"]}}],"collection":[{"href":"https:\/\/tienda.fapostolsantiago.org\/index.php\/wp-json\/wp\/v2\/product"}],"about":[{"href":"https:\/\/tienda.fapostolsantiago.org\/index.php\/wp-json\/wp\/v2\/types\/product"}],"version-history":[{"count":1,"href":"https:\/\/tienda.fapostolsantiago.org\/index.php\/wp-json\/wp\/v2\/product\/97327\/revisions"}],"predecessor-version":[{"id":97332,"href":"https:\/\/tienda.fapostolsantiago.org\/index.php\/wp-json\/wp\/v2\/product\/97327\/revisions\/97332"}],"wp:featuredmedia":[{"embeddable":true,"href":"https:\/\/tienda.fapostolsantiago.org\/index.php\/wp-json\/wp\/v2\/media\/97331"}],"wp:attachment":[{"href":"https:\/\/tienda.fapostolsantiago.org\/index.php\/wp-json\/wp\/v2\/media?parent=97327"}],"wp:term":[{"taxonomy":"product_brand","embeddable":true,"href":"https:\/\/tienda.fapostolsantiago.org\/index.php\/wp-json\/wp\/v2\/product_brand?post=97327"},{"taxonomy":"product_cat","embeddable":true,"href":"https:\/\/tienda.fapostolsantiago.org\/index.php\/wp-json\/wp\/v2\/product_cat?post=97327"},{"taxonomy":"product_tag","embeddable":true,"href":"https:\/\/tienda.fapostolsantiago.org\/index.php\/wp-json\/wp\/v2\/product_tag?post=97327"}],"curies":[{"name":"wp","href":"https:\/\/api.w.org\/{rel}","templated":true}]}}