{"id":97344,"date":"2024-12-04T23:17:37","date_gmt":"2024-12-04T23:17:37","guid":{"rendered":"https:\/\/tienda.fapostolsantiago.org\/?post_type=product&#038;p=97344"},"modified":"2024-12-05T10:09:51","modified_gmt":"2024-12-05T10:09:51","slug":"club-pack-polo-falda-chaqueta-toalla-women","status":"publish","type":"product","link":"https:\/\/tienda.fapostolsantiago.org\/index.php\/producto\/club-pack-polo-falda-chaqueta-toalla-women\/","title":{"rendered":"CLUB PACK POLO FALDA CHAQUETA TOALLA  WOMEN"},"content":{"rendered":"<p><strong>Tejido principal<\/strong><br \/>\nInterlock 100% poli\u00e9ster<br \/>\n<strong>Forma<\/strong><br \/>\nregular<\/p>\n","protected":false},"excerpt":{"rendered":"<p>El estilo deportivo de primera calidad viene acompa\u00f1ado de un rendimiento avanzado en el CLUB 22 Tech Polo Shirt para mujer. La tecnolog\u00eda Moisture Transfer Microfiber de HEAD ofrece un efecto refrescante y permite que el material se seque r\u00e1pidamente, mientras que el cuello flatknit rib, la cinta del cuello con la marca HEAD y la tapeta de tres botones con la marca HEAD contribuyen al aspecto. Complementado con el ic\u00f3nico wishbone logo de HEAD, el polo est\u00e1 disponible en blanco y en varios colores con inserciones color-blocked.<\/p>\n","protected":false},"featured_media":97348,"template":"","meta":[],"product_brand":[],"product_cat":[234,238,240,289],"product_tag":[],"class_list":{"0":"post-97344","1":"product","2":"type-product","3":"status-publish","4":"has-post-thumbnail","6":"product_cat-moda-mujer","7":"product_cat-mujeres-camisetas","8":"product_cat-mujeres-chaquetas-y-sudaderas","9":"product_cat-mujeres-pantalones","10":"description-off","12":"first","13":"instock","14":"sale","15":"taxable","16":"shipping-taxable","17":"purchasable","18":"product-type-bundle"},"bundled_by":[],"bundle_stock_status":"instock","bundle_stock_quantity":68,"bundle_virtual":false,"bundle_layout":"default","bundle_add_to_cart_form_location":"default","bundle_editable_in_cart":true,"bundle_sold_individually_context":"product","bundle_item_grouping":"parent","bundle_min_size":3,"bundle_max_size":4,"bundle_price":{"price":{"min":{"incl_tax":"96","excl_tax":"96"},"max":{"incl_tax":"96","excl_tax":"96"}},"regular_price":{"min":{"incl_tax":"111","excl_tax":"111"},"max":{"incl_tax":"111","excl_tax":"111"}}},"bundled_items":[{"bundled_item_id":87,"product_id":94636,"menu_order":0,"quantity_min":1,"quantity_max":1,"quantity_default":1,"priced_individually":false,"shipped_individually":false,"override_title":false,"title":"CHAQUETA CLUB 22 W","override_description":true,"description":"","optional":false,"hide_thumbnail":false,"discount":"","override_variations":false,"allowed_variations":[],"override_default_variation_attributes":false,"default_variation_attributes":[],"single_product_visibility":"visible","cart_visibility":"visible","order_visibility":"visible","single_product_price_visibility":"visible","cart_price_visibility":"visible","order_price_visibility":"visible","stock_status":"in_stock"},{"bundled_item_id":88,"product_id":94694,"menu_order":1,"quantity_min":1,"quantity_max":1,"quantity_default":1,"priced_individually":false,"shipped_individually":false,"override_title":false,"title":"FALDA CLUB BASIC W","override_description":true,"description":"","optional":false,"hide_thumbnail":false,"discount":"","override_variations":false,"allowed_variations":[],"override_default_variation_attributes":false,"default_variation_attributes":[],"single_product_visibility":"visible","cart_visibility":"visible","order_visibility":"visible","single_product_price_visibility":"visible","cart_price_visibility":"visible","order_price_visibility":"visible","stock_status":"in_stock"},{"bundled_item_id":89,"product_id":94670,"menu_order":2,"quantity_min":1,"quantity_max":1,"quantity_default":1,"priced_individually":false,"shipped_individually":false,"override_title":false,"title":"POLO CLUB 22 TECH W","override_description":true,"description":"","optional":false,"hide_thumbnail":false,"discount":"","override_variations":false,"allowed_variations":[],"override_default_variation_attributes":false,"default_variation_attributes":[],"single_product_visibility":"visible","cart_visibility":"visible","order_visibility":"visible","single_product_price_visibility":"visible","cart_price_visibility":"visible","order_price_visibility":"visible","stock_status":"in_stock"},{"bundled_item_id":90,"product_id":97075,"menu_order":3,"quantity_min":1,"quantity_max":1,"quantity_default":1,"priced_individually":false,"shipped_individually":false,"override_title":false,"title":"TOALLA HEAD L","override_description":true,"description":"","optional":false,"hide_thumbnail":false,"discount":"","override_variations":false,"allowed_variations":[],"override_default_variation_attributes":false,"default_variation_attributes":[],"single_product_visibility":"visible","cart_visibility":"visible","order_visibility":"visible","single_product_price_visibility":"visible","cart_price_visibility":"visible","order_price_visibility":"visible","stock_status":"in_stock"}],"bundle_sell_ids":[],"aioseo_notices":[],"jetpack_sharing_enabled":true,"_links":{"self":[{"href":"https:\/\/tienda.fapostolsantiago.org\/index.php\/wp-json\/wp\/v2\/product\/97344","targetHints":{"allow":["GET"]}}],"collection":[{"href":"https:\/\/tienda.fapostolsantiago.org\/index.php\/wp-json\/wp\/v2\/product"}],"about":[{"href":"https:\/\/tienda.fapostolsantiago.org\/index.php\/wp-json\/wp\/v2\/types\/product"}],"version-history":[{"count":1,"href":"https:\/\/tienda.fapostolsantiago.org\/index.php\/wp-json\/wp\/v2\/product\/97344\/revisions"}],"predecessor-version":[{"id":97349,"href":"https:\/\/tienda.fapostolsantiago.org\/index.php\/wp-json\/wp\/v2\/product\/97344\/revisions\/97349"}],"wp:featuredmedia":[{"embeddable":true,"href":"https:\/\/tienda.fapostolsantiago.org\/index.php\/wp-json\/wp\/v2\/media\/97348"}],"wp:attachment":[{"href":"https:\/\/tienda.fapostolsantiago.org\/index.php\/wp-json\/wp\/v2\/media?parent=97344"}],"wp:term":[{"taxonomy":"product_brand","embeddable":true,"href":"https:\/\/tienda.fapostolsantiago.org\/index.php\/wp-json\/wp\/v2\/product_brand?post=97344"},{"taxonomy":"product_cat","embeddable":true,"href":"https:\/\/tienda.fapostolsantiago.org\/index.php\/wp-json\/wp\/v2\/product_cat?post=97344"},{"taxonomy":"product_tag","embeddable":true,"href":"https:\/\/tienda.fapostolsantiago.org\/index.php\/wp-json\/wp\/v2\/product_tag?post=97344"}],"curies":[{"name":"wp","href":"https:\/\/api.w.org\/{rel}","templated":true}]}}