{"id":97999,"date":"2025-04-08T07:50:57","date_gmt":"2025-04-08T07:50:57","guid":{"rendered":"https:\/\/tienda.fapostolsantiago.org\/?post_type=product&#038;p=97999"},"modified":"2025-04-08T08:03:22","modified_gmt":"2025-04-08T08:03:22","slug":"ig-speed-jr-23","status":"publish","type":"product","link":"https:\/\/tienda.fapostolsantiago.org\/index.php\/producto\/ig-speed-jr-23\/","title":{"rendered":"IG SPEED JR.23"},"content":{"rendered":"<div class=\"mt-4 text-justify\">\n<div class=\"row ng-scope\">\n<div class=\"col-12 ng-scope\">\n<div class=\"row\">\n<div class=\"col-12 col-md-4 label ng-binding\">Peso (sin cordaje)<\/div>\n<div class=\"col-12 col-md-8 value ng-binding\">215 g \/ 7.6 oz<\/div>\n<div><\/div>\n<\/div>\n<\/div>\n<\/div>\n<div class=\"row ng-scope\">\n<div class=\"col-12 ng-scope\">\n<div class=\"row\">\n<div class=\"col-12 col-md-4 label ng-binding\">String Pattern<\/div>\n<div class=\"col-12 col-md-8 value ng-binding\">16\/18<\/div>\n<div><\/div>\n<\/div>\n<\/div>\n<\/div>\n<div class=\"row ng-scope\">\n<div class=\"col-12 ng-scope\">\n<div class=\"row\">\n<div class=\"col-12 col-md-4 label ng-binding\">\n<div class=\"row ng-scope\">\n<div class=\"col-12 ng-scope\">\n<div class=\"row\">\n<div class=\"col-12 col-md-4 label ng-binding\">Tama\u00f1o de cabeza<\/div>\n<div class=\"col-12 col-md-8 value ng-binding\">615 cm\u00b2 \/ 95 in\u00b2<\/div>\n<div><\/div>\n<\/div>\n<\/div>\n<\/div>\n<div class=\"row ng-scope\">\n<div class=\"col-12 ng-scope\">\n<div class=\"row\">\n<div class=\"col-12 col-md-4 label ng-binding\">Equilibrio<\/div>\n<div class=\"col-12 col-md-8 value ng-binding\">275 mm \/ 0.7 in HL<\/div>\n<div><\/div>\n<\/div>\n<\/div>\n<\/div>\n<div class=\"row ng-scope\">\n<div class=\"col-12 ng-scope\">\n<div class=\"row\">\n<div class=\"col-12 col-md-4 label ng-binding\">Longitud<\/div>\n<div class=\"col-12 col-md-8 value ng-binding\">585 mm \/ 23 in<\/div>\n<div><\/div>\n<\/div>\n<\/div>\n<\/div>\n<div class=\"row ng-scope\">\n<div class=\"col-12 ng-scope\">\n<div class=\"row\">\n<div class=\"col-12 col-md-4 label ng-binding\">Beam<\/div>\n<div class=\"col-12 col-md-8 value ng-binding\">20 mm<\/div>\n<div><\/div>\n<\/div>\n<\/div>\n<\/div>\n<div class=\"row ng-scope\">\n<div class=\"col-12 ng-scope\">\n<div class=\"row\">\n<div class=\"col-12 col-md-4 label ng-binding\">Edad<\/div>\n<div class=\"col-12 col-md-8 value ng-binding\">6 &#8211; 8<\/div>\n<\/div>\n<\/div>\n<\/div>\n<\/div>\n<\/div>\n<\/div>\n<\/div>\n<div class=\"row ng-scope\">\n<div class=\"col-12 ng-scope\">\n<div>\n<div class=\"row ng-scope\">\n<div class=\"col-12 ng-scope\">\n<div class=\"row\">\n<div class=\"col-12 col-md-4 label ng-binding\"><\/div>\n<\/div>\n<\/div>\n<\/div>\n<\/div>\n<\/div>\n<\/div>\n<\/div>\n","protected":false},"excerpt":{"rendered":"<p><span class=\"ng-binding\" style=\"font-style: normal; font-variant-caps: normal; font-weight: 400; letter-spacing: normal; orphans: auto; text-indent: 0px; text-transform: none; white-space: normal; widows: auto; word-spacing: 0px; -webkit-text-stroke-width: 0px; text-decoration: none; box-sizing: border-box; caret-color: #7d7d7d; color: #7d7d7d; font-family: Roboto, Arial, sans-serif; font-size: 14px; text-align: left;\">Hecha con un compuesto de grafito ligero, y de 23 pulgadas de largo, la raqueta de tenis IG Speed Jr. 23 est\u00e1 dise\u00f1ada para ni\u00f1os y ni\u00f1as entre 6 y 8 a\u00f1os que se divierten jugando con velocidad y control. Gracias a su peso, su excelente jugabilidad y su moderno dise\u00f1o, se trata de una primera raqueta ideal para que los ni\u00f1os y ni\u00f1as se diviertan en la pista. Mientras que la tecnolog\u00eda Innegra se encarga de la absorci\u00f3n al choque y mejora la estabilidad, la tecnolog\u00eda antivibrador + absorbe la vibraci\u00f3n del impacto antes de que pueda alcanzar el mango, aportando una mejor sensaci\u00f3n de agarre.<\/span><\/p>\n<p>&nbsp;<\/p>\n<p><span class=\"ng-binding\" style=\"font-style: normal; font-variant-caps: normal; font-weight: 400; letter-spacing: normal; orphans: auto; text-indent: 0px; text-transform: none; white-space: normal; widows: auto; word-spacing: 0px; -webkit-text-stroke-width: 0px; text-decoration: none; box-sizing: border-box; caret-color: #7d7d7d; color: #7d7d7d; font-family: Roboto, Arial, sans-serif; font-size: 14px; text-align: left;\">\u2022 Velocidad y control para ni\u00f1os y ni\u00f1as entre 6 y 8 a\u00f1os<br \/>\n\u2022 Compuesto de grafito ligero<br \/>\n\u2022 Jugabilidad excelente<br \/>\n\u2022 Tecnolog\u00eda Innegra para absorci\u00f3n al choque y estabilidad<br \/>\n\u2022 Tecnolog\u00eda antivibrador + para mejor sensaci\u00f3n de agarre<br \/>\n\u2022 Dise\u00f1o moderno<\/span><\/p>\n","protected":false},"featured_media":98004,"template":"","meta":[],"product_brand":[],"product_cat":[196,311],"product_tag":[],"class_list":{"0":"post-97999","1":"product","2":"type-product","3":"status-publish","4":"has-post-thumbnail","6":"product_cat-accesorios","7":"product_cat-raquetas-tenis","8":"pa_color-orange","9":"description-off","11":"first","12":"instock","13":"taxable","14":"shipping-taxable","15":"purchasable","16":"product-type-simple"},"bundled_by":[],"bundle_stock_status":"instock","bundle_stock_quantity":2,"bundle_virtual":false,"bundle_layout":"","bundle_add_to_cart_form_location":"","bundle_editable_in_cart":false,"bundle_sold_individually_context":"","bundle_item_grouping":"","bundle_min_size":"","bundle_max_size":"","bundle_price":[],"bundled_items":[],"bundle_sell_ids":[],"aioseo_notices":[],"jetpack_sharing_enabled":true,"_links":{"self":[{"href":"https:\/\/tienda.fapostolsantiago.org\/index.php\/wp-json\/wp\/v2\/product\/97999","targetHints":{"allow":["GET"]}}],"collection":[{"href":"https:\/\/tienda.fapostolsantiago.org\/index.php\/wp-json\/wp\/v2\/product"}],"about":[{"href":"https:\/\/tienda.fapostolsantiago.org\/index.php\/wp-json\/wp\/v2\/types\/product"}],"version-history":[{"count":2,"href":"https:\/\/tienda.fapostolsantiago.org\/index.php\/wp-json\/wp\/v2\/product\/97999\/revisions"}],"predecessor-version":[{"id":98005,"href":"https:\/\/tienda.fapostolsantiago.org\/index.php\/wp-json\/wp\/v2\/product\/97999\/revisions\/98005"}],"wp:featuredmedia":[{"embeddable":true,"href":"https:\/\/tienda.fapostolsantiago.org\/index.php\/wp-json\/wp\/v2\/media\/98004"}],"wp:attachment":[{"href":"https:\/\/tienda.fapostolsantiago.org\/index.php\/wp-json\/wp\/v2\/media?parent=97999"}],"wp:term":[{"taxonomy":"product_brand","embeddable":true,"href":"https:\/\/tienda.fapostolsantiago.org\/index.php\/wp-json\/wp\/v2\/product_brand?post=97999"},{"taxonomy":"product_cat","embeddable":true,"href":"https:\/\/tienda.fapostolsantiago.org\/index.php\/wp-json\/wp\/v2\/product_cat?post=97999"},{"taxonomy":"product_tag","embeddable":true,"href":"https:\/\/tienda.fapostolsantiago.org\/index.php\/wp-json\/wp\/v2\/product_tag?post=97999"}],"curies":[{"name":"wp","href":"https:\/\/api.w.org\/{rel}","templated":true}]}}